{"id":195535,"date":"2025-07-25T04:46:38","date_gmt":"2025-07-25T03:46:38","guid":{"rendered":"https:\/\/www.tendenzeshabbychic.it\/prodotto\/edg-arbol-de-velas-dorado-200g-h16-d85-cm\/"},"modified":"2025-06-27T20:46:38","modified_gmt":"2025-06-27T19:46:38","slug":"edg-arbol-de-velas-dorado-200g-h16-d85-cm","status":"publish","type":"product","link":"https:\/\/www.tendenzeshabbychic.it\/es\/producto\/edg-arbol-de-velas-dorado-200g-h16-d85-cm\/","title":{"rendered":"EDG \u00c1rbol de Velas Dorado 200g H16 D8,5 cm"},"content":{"rendered":"<p>La vela EDG en forma de \u00e1rbol es una elegante decoraci\u00f3n navide\u00f1a de cristal dorado espejado con efecto punteado. La superficie luminosa se complementa con un refinado lazo de sat\u00e9n marfil y dos campanillas doradas que a\u00f1aden un toque festivo. El interior esconde una vela perfumada con la intensa y envolvente fragancia del \u00c1mbar. Los tres pisos del \u00e1rbol se elevan para revelar recipientes individuales, por lo que es ideal tanto para decorar como para hacer un regalo sofisticado.   <\/p>\n<ul>\n<li>Dise\u00f1o en forma de \u00e1rbol en vidrio dorado punteado<\/li>\n<li>Vela perfumada de \u00e1mbar (200 g, duraci\u00f3n de combusti\u00f3n 10 h)<\/li>\n<li>Decorado con un lazo marfil y cascabeles dorados<\/li>\n<li>Estructura en secciones apilables y reutilizables<\/li>\n<li>Perfecto como elegante regalo de Navidad<\/li>\n<\/ul>\n\n\t<section class=\"section linkified dark\" id=\"section_626781051\">\n\t\t<div class=\"section-bg fill\" >\n\t\t\t<img loading=\"lazy\" decoding=\"async\" width=\"800\" height=\"213\" src=\"https:\/\/www.tendenzeshabbychic.it\/wp-content\/uploads\/2021\/09\/natale-hero-1-800x213.jpg\" class=\"bg attachment-medium size-medium\" alt=\"\" \/>\t\t\t\t\t\t<div class=\"section-bg-overlay absolute fill\"><\/div>\n\t\t\t\n\n\t\t<\/div>\n\n\t\t\n\n\t\t<div class=\"section-content relative\">\n\t\t\t\n\n<div class=\"row\"  id=\"row-1113890607\">\n\n\n\t<div id=\"col-2104592903\" class=\"col small-12 large-12\"  >\n\t\t\t\t<div class=\"col-inner text-center\"  >\n\t\t\t\n\t\t\t\n\n<h3><span style=\"font-size: 180%;\">Navidad<\/span><\/h3>\n<p>Descubre la amplia selecci\u00f3n de productos para decorar tu hogar en Navidad.<\/p>\n<a href=\"https:\/\/www.tendenzeshabbychic.it\/es\/categoria-producto\/navidad\/\" class=\"button alert is-shade box-shadow-3 box-shadow-5-hover\" style=\"border-radius:5px;\">\n\t\t<span>haga clic aqu\u00ed<\/span>\n\t<\/a>\n\n\n\n\t\t<\/div>\n\t\t\t\t\t<\/div>\n\n\t\n\n<\/div>\n\n\t\t<\/div>\n\n\t\t\n<style>\n#section_626781051 {\n  padding-top: 12px;\n  padding-bottom: 12px;\n}\n#section_626781051 .section-bg-overlay {\n  background-color: rgba(0, 0, 0, 0.419);\n}\n#section_626781051 .section-bg img {\n  object-position: 21% 51%;\n}\n@media (min-width:550px) {\n  #section_626781051 {\n    padding-top: 57px;\n    padding-bottom: 57px;\n  }\n}\n<\/style>\n\t<\/section>\n\t\n","protected":false},"excerpt":{"rendered":"<p>Vela perfumada con forma de \u00e1rbol en vidrio dorado punteado, con lazo marfil y campanillas decorativas. C\u00e1lida fragancia de \u00e1mbar. <\/p>\n<p>\ud83d\udccf A 16 x P 8,5 cm<\/p>\n","protected":false},"featured_media":189648,"comment_status":"open","ping_status":"closed","template":"","meta":{"_joinchat":[]},"pwb-brand":[2084],"product_brand":[],"product_cat":[2343,2371,2321],"product_tag":[],"class_list":{"0":"post-195535","1":"product","2":"type-product","3":"status-publish","4":"has-post-thumbnail","6":"pwb-brand-edg-enzo-de-gasperi","7":"product_cat-velas-perfumadas","8":"product_cat-navidad","9":"product_cat-velas","11":"first","12":"instock","13":"sale","14":"taxable","15":"shipping-taxable","16":"purchasable","17":"product-type-simple"},"brands":[{"id":2084,"name":"EDG - Enzo De Gasperi","slug":"edg-enzo-de-gasperi"}],"_links":{"self":[{"href":"https:\/\/www.tendenzeshabbychic.it\/es\/wp-json\/wp\/v2\/product\/195535","targetHints":{"allow":["GET"]}}],"collection":[{"href":"https:\/\/www.tendenzeshabbychic.it\/es\/wp-json\/wp\/v2\/product"}],"about":[{"href":"https:\/\/www.tendenzeshabbychic.it\/es\/wp-json\/wp\/v2\/types\/product"}],"replies":[{"embeddable":true,"href":"https:\/\/www.tendenzeshabbychic.it\/es\/wp-json\/wp\/v2\/comments?post=195535"}],"wp:featuredmedia":[{"embeddable":true,"href":"https:\/\/www.tendenzeshabbychic.it\/es\/wp-json\/wp\/v2\/media\/189648"}],"wp:attachment":[{"href":"https:\/\/www.tendenzeshabbychic.it\/es\/wp-json\/wp\/v2\/media?parent=195535"}],"wp:term":[{"taxonomy":"pwb-brand","embeddable":true,"href":"https:\/\/www.tendenzeshabbychic.it\/es\/wp-json\/wp\/v2\/pwb-brand?post=195535"},{"taxonomy":"product_brand","embeddable":true,"href":"https:\/\/www.tendenzeshabbychic.it\/es\/wp-json\/wp\/v2\/product_brand?post=195535"},{"taxonomy":"product_cat","embeddable":true,"href":"https:\/\/www.tendenzeshabbychic.it\/es\/wp-json\/wp\/v2\/product_cat?post=195535"},{"taxonomy":"product_tag","embeddable":true,"href":"https:\/\/www.tendenzeshabbychic.it\/es\/wp-json\/wp\/v2\/product_tag?post=195535"}],"curies":[{"name":"wp","href":"https:\/\/api.w.org\/{rel}","templated":true}]}}