{"id":195531,"date":"2025-07-25T00:39:04","date_gmt":"2025-07-24T23:39:04","guid":{"rendered":"https:\/\/www.tendenzeshabbychic.it\/prodotto\/edg-set-3-decoraciones-estrella-pino-h7-cm\/"},"modified":"2025-08-24T16:20:58","modified_gmt":"2025-08-24T15:20:58","slug":"edg-set-3-decoraciones-estrella-pino-h7-cm","status":"publish","type":"product","link":"https:\/\/www.tendenzeshabbychic.it\/es\/producto\/edg-set-3-decoraciones-estrella-pino-h7-cm\/","title":{"rendered":"EDG Set 3 Decoraciones Estrella Pino H7 cm"},"content":{"rendered":"<p>Este set de EDG incluye tres adornos navide\u00f1os de pl\u00e1stico con un dise\u00f1o alegre y festivo. Cada pieza est\u00e1 acabada en rojo satinado con purpurina blanca. El \u00e1rbol presenta un mu\u00f1eco de nieve y un abeto, la estrella est\u00e1 adornada con copos de nieve y el calcet\u00edn est\u00e1 embellecido con un lazo y un borde nevados. Ideales para el \u00e1rbol o espacios peque\u00f1os, combinan ligereza y durabilidad con un estilo l\u00fadico perfecto para ambientes cl\u00e1sicos o modernos de tem\u00e1tica navide\u00f1a.  <\/p>\n<ul>\n<li>Dise\u00f1o navide\u00f1o alegre y luminoso<\/li>\n<li>Acabado de purpurina para un efecto brillante<\/li>\n<li>Material pl\u00e1stico ligero y seguro<\/li>\n<li>Perfecto para \u00e1rboles, paquetes o centros de mesa<\/li>\n<li>Con cuerda para colgarlo f\u00e1cilmente<\/li>\n<\/ul>\n\n\t<section class=\"section linkified dark\" id=\"section_2117808869\">\n\t\t<div class=\"section-bg fill\" >\n\t\t\t<img loading=\"lazy\" decoding=\"async\" width=\"800\" height=\"213\" src=\"https:\/\/www.tendenzeshabbychic.it\/wp-content\/uploads\/2021\/09\/natale-hero-1-800x213.jpg\" class=\"bg attachment-medium size-medium\" alt=\"\" \/>\t\t\t\t\t\t<div class=\"section-bg-overlay absolute fill\"><\/div>\n\t\t\t\n\n\t\t<\/div>\n\n\t\t\n\n\t\t<div class=\"section-content relative\">\n\t\t\t\n\n<div class=\"row\"  id=\"row-1278686143\">\n\n\n\t<div id=\"col-763586727\" class=\"col small-12 large-12\"  >\n\t\t\t\t<div class=\"col-inner text-center\"  >\n\t\t\t\n\t\t\t\n\n<h3><span style=\"font-size: 180%;\">Navidad<\/span><\/h3>\n<p>Descubre la amplia selecci\u00f3n de productos para decorar tu hogar en Navidad.<\/p>\n<a href=\"https:\/\/www.tendenzeshabbychic.it\/es\/categoria-producto\/navidad\/\" class=\"button alert is-shade box-shadow-3 box-shadow-5-hover\" style=\"border-radius:5px;\">\n\t\t<span>haga clic aqu\u00ed<\/span>\n\t<\/a>\n\n\n\n\t\t<\/div>\n\t\t\t\t\t<\/div>\n\n\t\n\n<\/div>\n\n\t\t<\/div>\n\n\t\t\n<style>\n#section_2117808869 {\n  padding-top: 12px;\n  padding-bottom: 12px;\n}\n#section_2117808869 .section-bg-overlay {\n  background-color: rgba(0, 0, 0, 0.419);\n}\n#section_2117808869 .section-bg img {\n  object-position: 21% 51%;\n}\n@media (min-width:550px) {\n  #section_2117808869 {\n    padding-top: 57px;\n    padding-bottom: 57px;\n  }\n}\n<\/style>\n\t<\/section>\n\t\n","protected":false},"excerpt":{"rendered":"<p>Set de 3 adornos navide\u00f1os de pl\u00e1stico rojo con purpurina blanca: pino con mu\u00f1eco de nieve, estrella y calcet\u00edn.<\/p>\n<p>\ud83d\udccf H 7 cm<\/p>\n","protected":false},"featured_media":190297,"comment_status":"open","ping_status":"closed","template":"","meta":{"_joinchat":[]},"pwb-brand":[2084],"product_brand":[],"product_cat":[2466,2371],"product_tag":[],"class_list":{"0":"post-195531","1":"product","2":"type-product","3":"status-publish","4":"has-post-thumbnail","6":"pwb-brand-edg-enzo-de-gasperi","7":"product_cat-bolas-y-decoraciones-arbol-de-navidad","8":"product_cat-navidad","10":"first","11":"instock","12":"sale","13":"taxable","14":"shipping-taxable","15":"purchasable","16":"product-type-simple"},"brands":[{"id":2084,"name":"EDG - Enzo De Gasperi","slug":"edg-enzo-de-gasperi"}],"_links":{"self":[{"href":"https:\/\/www.tendenzeshabbychic.it\/es\/wp-json\/wp\/v2\/product\/195531","targetHints":{"allow":["GET"]}}],"collection":[{"href":"https:\/\/www.tendenzeshabbychic.it\/es\/wp-json\/wp\/v2\/product"}],"about":[{"href":"https:\/\/www.tendenzeshabbychic.it\/es\/wp-json\/wp\/v2\/types\/product"}],"replies":[{"embeddable":true,"href":"https:\/\/www.tendenzeshabbychic.it\/es\/wp-json\/wp\/v2\/comments?post=195531"}],"wp:featuredmedia":[{"embeddable":true,"href":"https:\/\/www.tendenzeshabbychic.it\/es\/wp-json\/wp\/v2\/media\/190297"}],"wp:attachment":[{"href":"https:\/\/www.tendenzeshabbychic.it\/es\/wp-json\/wp\/v2\/media?parent=195531"}],"wp:term":[{"taxonomy":"pwb-brand","embeddable":true,"href":"https:\/\/www.tendenzeshabbychic.it\/es\/wp-json\/wp\/v2\/pwb-brand?post=195531"},{"taxonomy":"product_brand","embeddable":true,"href":"https:\/\/www.tendenzeshabbychic.it\/es\/wp-json\/wp\/v2\/product_brand?post=195531"},{"taxonomy":"product_cat","embeddable":true,"href":"https:\/\/www.tendenzeshabbychic.it\/es\/wp-json\/wp\/v2\/product_cat?post=195531"},{"taxonomy":"product_tag","embeddable":true,"href":"https:\/\/www.tendenzeshabbychic.it\/es\/wp-json\/wp\/v2\/product_tag?post=195531"}],"curies":[{"name":"wp","href":"https:\/\/api.w.org\/{rel}","templated":true}]}}