{"id":195475,"date":"2025-07-28T15:56:09","date_gmt":"2025-07-28T14:56:09","guid":{"rendered":"https:\/\/www.tendenzeshabbychic.it\/prodotto\/edg-napa-arabe-diamantes-ambar-h21-cm\/"},"modified":"2026-01-26T22:23:40","modified_gmt":"2026-01-26T21:23:40","slug":"edg-napa-arabe-diamantes-ambar-h21-cm","status":"publish","type":"product","link":"https:\/\/www.tendenzeshabbychic.it\/es\/producto\/edg-napa-arabe-diamantes-ambar-h21-cm\/","title":{"rendered":"EDG Napa \u00c1rabe Diamantes \u00c1mbar H21 cm"},"content":{"rendered":"<p>Esta borla decorativa de Enzo de Gasperi es una refinada expresi\u00f3n de elegancia. El colgante presenta una estructura arabesca, adornada con brillantes cristales de efecto diamante que reflejan delicadamente la luz. La parte inferior se complementa con una larga borla en tono \u00e1mbar claro, brillante y fluida, envuelta en un detalle de strass dorado. Perfecta para colgar en \u00e1rboles, asas o cortinas, confiere un toque sofisticado y luminoso a ambientes cl\u00e1sicos o modernos.   <\/p>\n<ul>\n<li>Arabesco en brillantes cristales transparentes<\/li>\n<li>Napa de color \u00e1mbar claro con hilos sedosos y brillantes<\/li>\n<li>Detalles dorados con acabado elegante<\/li>\n<li>Perfecto para adornos navide\u00f1os, puertas o muebles<\/li>\n<li>Estilo lujoso y ligero para colgar en cualquier sitio<\/li>\n<\/ul>\n\n\t<section class=\"section linkified dark\" id=\"section_885333800\">\n\t\t<div class=\"section-bg fill\" >\n\t\t\t<img loading=\"lazy\" decoding=\"async\" width=\"800\" height=\"213\" src=\"https:\/\/www.tendenzeshabbychic.it\/wp-content\/uploads\/2021\/09\/natale-hero-1-800x213.jpg\" class=\"bg attachment-medium size-medium\" alt=\"\" \/>\t\t\t\t\t\t<div class=\"section-bg-overlay absolute fill\"><\/div>\n\t\t\t\n\n\t\t<\/div>\n\n\t\t\n\n\t\t<div class=\"section-content relative\">\n\t\t\t\n\n<div class=\"row\"  id=\"row-1675814193\">\n\n\n\t<div id=\"col-133954923\" class=\"col small-12 large-12\"  >\n\t\t\t\t<div class=\"col-inner text-center\"  >\n\t\t\t\n\t\t\t\n\n<h3><span style=\"font-size: 180%;\">Navidad<\/span><\/h3>\n<p>Descubre la amplia selecci\u00f3n de productos para decorar tu hogar en Navidad.<\/p>\n<a href=\"https:\/\/www.tendenzeshabbychic.it\/es\/categoria-producto\/navidad\/\" class=\"button alert is-shade box-shadow-3 box-shadow-5-hover\" style=\"border-radius:5px;\">\n\t\t<span>haga clic aqu\u00ed<\/span>\n\t<\/a>\n\n\n\n\t\t<\/div>\n\t\t\t\t\t<\/div>\n\n\t\n\n<\/div>\n\n\t\t<\/div>\n\n\t\t\n<style>\n#section_885333800 {\n  padding-top: 12px;\n  padding-bottom: 12px;\n}\n#section_885333800 .section-bg-overlay {\n  background-color: rgba(0, 0, 0, 0.419);\n}\n#section_885333800 .section-bg img {\n  object-position: 21% 51%;\n}\n@media (min-width:550px) {\n  #section_885333800 {\n    padding-top: 57px;\n    padding-bottom: 57px;\n  }\n}\n<\/style>\n\t<\/section>\n\t\n","protected":false},"excerpt":{"rendered":"<p>Piel napa decorativa con arabesco de cristal efecto diamante y flecos de \u00e1mbar brillante. Elegancia luminosa en cada detalle. <\/p>\n<p>\ud83d\udccf H21 x A6 x P2 cm<\/p>\n","protected":false},"featured_media":191042,"comment_status":"open","ping_status":"closed","template":"","meta":{"_joinchat":[]},"pwb-brand":[2084],"product_brand":[],"product_cat":[2466,2371],"product_tag":[],"class_list":{"0":"post-195475","1":"product","2":"type-product","3":"status-publish","4":"has-post-thumbnail","6":"pwb-brand-edg-enzo-de-gasperi","7":"product_cat-bolas-y-decoraciones-arbol-de-navidad","8":"product_cat-navidad","9":"pa_colore-ambar","11":"first","12":"instock","13":"sale","14":"taxable","15":"shipping-taxable","16":"purchasable","17":"product-type-simple"},"brands":[{"id":2084,"name":"EDG - Enzo De Gasperi","slug":"edg-enzo-de-gasperi"}],"_links":{"self":[{"href":"https:\/\/www.tendenzeshabbychic.it\/es\/wp-json\/wp\/v2\/product\/195475","targetHints":{"allow":["GET"]}}],"collection":[{"href":"https:\/\/www.tendenzeshabbychic.it\/es\/wp-json\/wp\/v2\/product"}],"about":[{"href":"https:\/\/www.tendenzeshabbychic.it\/es\/wp-json\/wp\/v2\/types\/product"}],"replies":[{"embeddable":true,"href":"https:\/\/www.tendenzeshabbychic.it\/es\/wp-json\/wp\/v2\/comments?post=195475"}],"wp:featuredmedia":[{"embeddable":true,"href":"https:\/\/www.tendenzeshabbychic.it\/es\/wp-json\/wp\/v2\/media\/191042"}],"wp:attachment":[{"href":"https:\/\/www.tendenzeshabbychic.it\/es\/wp-json\/wp\/v2\/media?parent=195475"}],"wp:term":[{"taxonomy":"pwb-brand","embeddable":true,"href":"https:\/\/www.tendenzeshabbychic.it\/es\/wp-json\/wp\/v2\/pwb-brand?post=195475"},{"taxonomy":"product_brand","embeddable":true,"href":"https:\/\/www.tendenzeshabbychic.it\/es\/wp-json\/wp\/v2\/product_brand?post=195475"},{"taxonomy":"product_cat","embeddable":true,"href":"https:\/\/www.tendenzeshabbychic.it\/es\/wp-json\/wp\/v2\/product_cat?post=195475"},{"taxonomy":"product_tag","embeddable":true,"href":"https:\/\/www.tendenzeshabbychic.it\/es\/wp-json\/wp\/v2\/product_tag?post=195475"}],"curies":[{"name":"wp","href":"https:\/\/api.w.org\/{rel}","templated":true}]}}