{"id":195462,"date":"2025-07-28T15:55:53","date_gmt":"2025-07-28T14:55:53","guid":{"rendered":"https:\/\/www.tendenzeshabbychic.it\/prodotto\/edg-copo-de-nieve-con-perla-y-borla-roja-h21-cm\/"},"modified":"2026-01-26T22:23:03","modified_gmt":"2026-01-26T21:23:03","slug":"edg-copo-de-nieve-con-perla-y-borla-roja-h21-cm","status":"publish","type":"product","link":"https:\/\/www.tendenzeshabbychic.it\/es\/producto\/edg-copo-de-nieve-con-perla-y-borla-roja-h21-cm\/","title":{"rendered":"EDG Copo de nieve con perla y borla roja H21 cm"},"content":{"rendered":"<p>Esta decoraci\u00f3n colgante de Enzo de Gasperi combina sofisticaci\u00f3n y calidez navide\u00f1a. El copo de nieve, formado por gemas rojas en forma de gota y peque\u00f1os cristales transparentes, enmarca una luminosa perla central. El conjunto se completa con una larga borla roja de hilos brillantes, envuelta en la base por un elegante inserto de strass dorado. Perfecto para adornar \u00e1rboles, pomos de puertas, guirnaldas o cajas de regalo, este adorno aporta un toque glamuroso y elegante al hogar.   <\/p>\n<ul>\n<li>Cristales rojos efecto joya y perla central<\/li>\n<li>Borla larga de hilo rojo brillante con detalle dorado<\/li>\n<li>Ligero y f\u00e1cil de colgar<\/li>\n<li>Ideal para \u00e1rbol, asas o envolver regalos<\/li>\n<li>Dise\u00f1o sofisticado de EDG<\/li>\n<\/ul>\n\n\t<section class=\"section linkified dark\" id=\"section_1260398633\">\n\t\t<div class=\"section-bg fill\" >\n\t\t\t<img loading=\"lazy\" decoding=\"async\" width=\"800\" height=\"213\" src=\"https:\/\/www.tendenzeshabbychic.it\/wp-content\/uploads\/2021\/09\/natale-hero-1-800x213.jpg\" class=\"bg attachment-medium size-medium\" alt=\"\" \/>\t\t\t\t\t\t<div class=\"section-bg-overlay absolute fill\"><\/div>\n\t\t\t\n\n\t\t<\/div>\n\n\t\t\n\n\t\t<div class=\"section-content relative\">\n\t\t\t\n\n<div class=\"row\"  id=\"row-139901921\">\n\n\n\t<div id=\"col-1702533567\" class=\"col small-12 large-12\"  >\n\t\t\t\t<div class=\"col-inner text-center\"  >\n\t\t\t\n\t\t\t\n\n<h3><span style=\"font-size: 180%;\">Navidad<\/span><\/h3>\n<p>Descubre la amplia selecci\u00f3n de productos para decorar tu hogar en Navidad.<\/p>\n<a href=\"https:\/\/www.tendenzeshabbychic.it\/es\/categoria-producto\/navidad\/\" class=\"button alert is-shade box-shadow-3 box-shadow-5-hover\" style=\"border-radius:5px;\">\n\t\t<span>haga clic aqu\u00ed<\/span>\n\t<\/a>\n\n\n\n\t\t<\/div>\n\t\t\t\t\t<\/div>\n\n\t\n\n<\/div>\n\n\t\t<\/div>\n\n\t\t\n<style>\n#section_1260398633 {\n  padding-top: 12px;\n  padding-bottom: 12px;\n}\n#section_1260398633 .section-bg-overlay {\n  background-color: rgba(0, 0, 0, 0.419);\n}\n#section_1260398633 .section-bg img {\n  object-position: 21% 51%;\n}\n@media (min-width:550px) {\n  #section_1260398633 {\n    padding-top: 57px;\n    padding-bottom: 57px;\n  }\n}\n<\/style>\n\t<\/section>\n\t\n","protected":false},"excerpt":{"rendered":"<p>Decoraci\u00f3n en forma de copo de nieve con cristales rojos y perla central, rematada con una elegante borla roja y detalles dorados.<\/p>\n<p>\ud83d\udccf H21 x A7 x P2 cm<\/p>\n","protected":false},"featured_media":191033,"comment_status":"open","ping_status":"closed","template":"","meta":{"_joinchat":[]},"pwb-brand":[2084],"product_brand":[],"product_cat":[2466,2371],"product_tag":[],"class_list":{"0":"post-195462","1":"product","2":"type-product","3":"status-publish","4":"has-post-thumbnail","6":"pwb-brand-edg-enzo-de-gasperi","7":"product_cat-bolas-y-decoraciones-arbol-de-navidad","8":"product_cat-navidad","9":"pa_colore-rojo","11":"first","12":"instock","13":"sale","14":"taxable","15":"shipping-taxable","16":"purchasable","17":"product-type-simple"},"brands":[{"id":2084,"name":"EDG - Enzo De Gasperi","slug":"edg-enzo-de-gasperi"}],"_links":{"self":[{"href":"https:\/\/www.tendenzeshabbychic.it\/es\/wp-json\/wp\/v2\/product\/195462","targetHints":{"allow":["GET"]}}],"collection":[{"href":"https:\/\/www.tendenzeshabbychic.it\/es\/wp-json\/wp\/v2\/product"}],"about":[{"href":"https:\/\/www.tendenzeshabbychic.it\/es\/wp-json\/wp\/v2\/types\/product"}],"replies":[{"embeddable":true,"href":"https:\/\/www.tendenzeshabbychic.it\/es\/wp-json\/wp\/v2\/comments?post=195462"}],"wp:featuredmedia":[{"embeddable":true,"href":"https:\/\/www.tendenzeshabbychic.it\/es\/wp-json\/wp\/v2\/media\/191033"}],"wp:attachment":[{"href":"https:\/\/www.tendenzeshabbychic.it\/es\/wp-json\/wp\/v2\/media?parent=195462"}],"wp:term":[{"taxonomy":"pwb-brand","embeddable":true,"href":"https:\/\/www.tendenzeshabbychic.it\/es\/wp-json\/wp\/v2\/pwb-brand?post=195462"},{"taxonomy":"product_brand","embeddable":true,"href":"https:\/\/www.tendenzeshabbychic.it\/es\/wp-json\/wp\/v2\/product_brand?post=195462"},{"taxonomy":"product_cat","embeddable":true,"href":"https:\/\/www.tendenzeshabbychic.it\/es\/wp-json\/wp\/v2\/product_cat?post=195462"},{"taxonomy":"product_tag","embeddable":true,"href":"https:\/\/www.tendenzeshabbychic.it\/es\/wp-json\/wp\/v2\/product_tag?post=195462"}],"curies":[{"name":"wp","href":"https:\/\/api.w.org\/{rel}","templated":true}]}}