{"id":195452,"date":"2025-07-24T15:28:34","date_gmt":"2025-07-24T14:28:34","guid":{"rendered":"https:\/\/www.tendenzeshabbychic.it\/prodotto\/edg-plastilina-para-decorar-magdalenas-h65-cm-verde-o-roja\/"},"modified":"2025-07-02T12:28:34","modified_gmt":"2025-07-02T11:28:34","slug":"edg-plastilina-para-decorar-magdalenas-h65-cm-verde-o-roja","status":"publish","type":"product","link":"https:\/\/www.tendenzeshabbychic.it\/es\/producto\/edg-plastilina-para-decorar-magdalenas-h65-cm-verde-o-roja\/","title":{"rendered":"EDG Plastilina para Decorar Magdalenas H6,5 cm (Verde o Roja)"},"content":{"rendered":"<p>Un toque delicioso y original para tu \u00e1rbol: las magdalenas decorativas de Enzo de Gasperi est\u00e1n hechas de arcilla y reproducen con realismo el efecto del glaseado, el az\u00facar y el caramelo. Cada variante -verde o roja- est\u00e1 enriquecida con detalles brillantes y cuidados acabados que evocan la reposter\u00eda festiva. Perfectos para colgar en el \u00e1rbol, en una corona o en la cocina para un tema navide\u00f1o gourmet.  <\/p>\n<ul>\n<li>De arcilla con efecto de glaseado realista<\/li>\n<li>Coloridos adornos navide\u00f1os con tem\u00e1tica de caramelos<\/li>\n<li>Disponible en dos variantes: verde o rojo<\/li>\n<li>Ligero, ideal para colgarlo en cualquier sitio<\/li>\n<li>Se venden por unidad (color aleatorio o seleccionable)<\/li>\n<\/ul>\n\n\t<section class=\"section linkified dark\" id=\"section_671020189\">\n\t\t<div class=\"section-bg fill\" >\n\t\t\t<img loading=\"lazy\" decoding=\"async\" width=\"800\" height=\"213\" src=\"https:\/\/www.tendenzeshabbychic.it\/wp-content\/uploads\/2021\/09\/natale-hero-1-800x213.jpg\" class=\"bg attachment-medium size-medium\" alt=\"\" \/>\t\t\t\t\t\t<div class=\"section-bg-overlay absolute fill\"><\/div>\n\t\t\t\n\n\t\t<\/div>\n\n\t\t\n\n\t\t<div class=\"section-content relative\">\n\t\t\t\n\n<div class=\"row\"  id=\"row-60486111\">\n\n\n\t<div id=\"col-1062963362\" class=\"col small-12 large-12\"  >\n\t\t\t\t<div class=\"col-inner text-center\"  >\n\t\t\t\n\t\t\t\n\n<h3><span style=\"font-size: 180%;\">Navidad<\/span><\/h3>\n<p>Descubre la amplia selecci\u00f3n de productos para decorar tu hogar en Navidad.<\/p>\n<a href=\"https:\/\/www.tendenzeshabbychic.it\/es\/categoria-producto\/navidad\/\" class=\"button alert is-shade box-shadow-3 box-shadow-5-hover\" style=\"border-radius:5px;\">\n\t\t<span>haga clic aqu\u00ed<\/span>\n\t<\/a>\n\n\n\n\t\t<\/div>\n\t\t\t\t\t<\/div>\n\n\t\n\n<\/div>\n\n\t\t<\/div>\n\n\t\t\n<style>\n#section_671020189 {\n  padding-top: 12px;\n  padding-bottom: 12px;\n}\n#section_671020189 .section-bg-overlay {\n  background-color: rgba(0, 0, 0, 0.419);\n}\n#section_671020189 .section-bg img {\n  object-position: 21% 51%;\n}\n@media (min-width:550px) {\n  #section_671020189 {\n    padding-top: 57px;\n    padding-bottom: 57px;\n  }\n}\n<\/style>\n\t<\/section>\n\t\n","protected":false},"excerpt":{"rendered":"<p>Dulce magdalena navide\u00f1a de plastilina con glaseado y caramelos, disponible en rojo o verde. Se venden por unidad. <\/p>\n<p>\ud83d\udccf H6,5 x A5 x P5 cm<\/p>\n","protected":false},"featured_media":191070,"comment_status":"open","ping_status":"closed","template":"","meta":{"_joinchat":[]},"pwb-brand":[2084],"product_brand":[],"product_cat":[2466,2371],"product_tag":[],"class_list":{"0":"post-195452","1":"product","2":"type-product","3":"status-publish","4":"has-post-thumbnail","6":"pwb-brand-edg-enzo-de-gasperi","7":"product_cat-bolas-y-decoraciones-arbol-de-navidad","8":"product_cat-navidad","9":"pa_colore-rojo","10":"pa_colore-verde-es","12":"first","13":"instock","14":"sale","15":"taxable","16":"shipping-taxable","17":"purchasable","18":"product-type-variable"},"brands":[{"id":2084,"name":"EDG - Enzo De Gasperi","slug":"edg-enzo-de-gasperi"}],"_links":{"self":[{"href":"https:\/\/www.tendenzeshabbychic.it\/es\/wp-json\/wp\/v2\/product\/195452","targetHints":{"allow":["GET"]}}],"collection":[{"href":"https:\/\/www.tendenzeshabbychic.it\/es\/wp-json\/wp\/v2\/product"}],"about":[{"href":"https:\/\/www.tendenzeshabbychic.it\/es\/wp-json\/wp\/v2\/types\/product"}],"replies":[{"embeddable":true,"href":"https:\/\/www.tendenzeshabbychic.it\/es\/wp-json\/wp\/v2\/comments?post=195452"}],"wp:featuredmedia":[{"embeddable":true,"href":"https:\/\/www.tendenzeshabbychic.it\/es\/wp-json\/wp\/v2\/media\/191070"}],"wp:attachment":[{"href":"https:\/\/www.tendenzeshabbychic.it\/es\/wp-json\/wp\/v2\/media?parent=195452"}],"wp:term":[{"taxonomy":"pwb-brand","embeddable":true,"href":"https:\/\/www.tendenzeshabbychic.it\/es\/wp-json\/wp\/v2\/pwb-brand?post=195452"},{"taxonomy":"product_brand","embeddable":true,"href":"https:\/\/www.tendenzeshabbychic.it\/es\/wp-json\/wp\/v2\/product_brand?post=195452"},{"taxonomy":"product_cat","embeddable":true,"href":"https:\/\/www.tendenzeshabbychic.it\/es\/wp-json\/wp\/v2\/product_cat?post=195452"},{"taxonomy":"product_tag","embeddable":true,"href":"https:\/\/www.tendenzeshabbychic.it\/es\/wp-json\/wp\/v2\/product_tag?post=195452"}],"curies":[{"name":"wp","href":"https:\/\/api.w.org\/{rel}","templated":true}]}}