{"id":195283,"date":"2025-07-24T08:46:05","date_gmt":"2025-07-24T07:46:05","guid":{"rendered":"https:\/\/www.tendenzeshabbychic.it\/prodotto\/blanc-mariclo-juego-de-2-tazas-taza-amor-aeternus\/"},"modified":"2025-07-24T11:46:19","modified_gmt":"2025-07-24T10:46:19","slug":"blanc-mariclo-juego-de-2-tazas-taza-amor-aeternus","status":"publish","type":"product","link":"https:\/\/www.tendenzeshabbychic.it\/es\/producto\/blanc-mariclo-juego-de-2-tazas-taza-amor-aeternus\/","title":{"rendered":"Blanc MariCl\u00f2 Juego de 2 tazas Taza Amor Aeternus"},"content":{"rendered":"<p>Este set de 2 tazas firmadas Blanc MariCl\u00f2, de la colecci\u00f3n Amor Aeternus, es perfecto para a\u00f1adir un toque de amor al desayuno o a las pausas diarias. De cer\u00e1mica blanca, est\u00e1n decoradas con las palabras \u00abFOREVER\u00bb en letras rojas y corazones estilizados. Dentro de cada taza, una dulce sorpresa: la inscripci\u00f3n \u00ablove is love\u00bb que completa el rom\u00e1ntico mensaje. Tambi\u00e9n es ideal como regalo de pareja o para una ocasi\u00f3n especial como San Valent\u00edn.   <\/p>\n<ul>\n<li>Dise\u00f1o rom\u00e1ntico con letras rojas y corazones<\/li>\n<li>Cer\u00e1mica duradera y f\u00e1cil de limpiar<\/li>\n<li>Frase decorativa interior \u00abel amor es amor<\/li>\n<li>Perfecto para regalar o para uso diario<\/li>\n<li>Se puede coordinar con platos y accesorios de la misma colecci\u00f3n<\/li>\n<\/ul>\n","protected":false},"excerpt":{"rendered":"<p>Set de dos tazas de cer\u00e1mica blanca con la inscripci\u00f3n \u00abFOREVER\u00bb en rojo y un coraz\u00f3n central. En el interior, la frase \u00abamor es amor\u00bb a\u00f1ade un toque rom\u00e1ntico. <\/p>\n<p>\ud83d\udccf 12 x 9 x 9 cm<\/p>\n<p>Con caja de regalo.<\/p>\n","protected":false},"featured_media":188224,"comment_status":"open","ping_status":"closed","template":"","meta":{"_joinchat":[]},"pwb-brand":[2076],"product_brand":[],"product_cat":[2352,2944],"product_tag":[2917,3135],"class_list":{"0":"post-195283","1":"product","2":"type-product","3":"status-publish","4":"has-post-thumbnail","6":"pwb-brand-blanc-mariclo-es","7":"product_cat-tazas","8":"product_cat-vajilla","9":"product_tag-ceramica-y-porcelana","10":"product_tag-san-valentin","12":"first","13":"instock","14":"taxable","15":"shipping-taxable","16":"purchasable","17":"product-type-simple"},"brands":[{"id":2076,"name":"Blanc Mariclo","slug":"blanc-mariclo-es"}],"_links":{"self":[{"href":"https:\/\/www.tendenzeshabbychic.it\/es\/wp-json\/wp\/v2\/product\/195283","targetHints":{"allow":["GET"]}}],"collection":[{"href":"https:\/\/www.tendenzeshabbychic.it\/es\/wp-json\/wp\/v2\/product"}],"about":[{"href":"https:\/\/www.tendenzeshabbychic.it\/es\/wp-json\/wp\/v2\/types\/product"}],"replies":[{"embeddable":true,"href":"https:\/\/www.tendenzeshabbychic.it\/es\/wp-json\/wp\/v2\/comments?post=195283"}],"wp:featuredmedia":[{"embeddable":true,"href":"https:\/\/www.tendenzeshabbychic.it\/es\/wp-json\/wp\/v2\/media\/188224"}],"wp:attachment":[{"href":"https:\/\/www.tendenzeshabbychic.it\/es\/wp-json\/wp\/v2\/media?parent=195283"}],"wp:term":[{"taxonomy":"pwb-brand","embeddable":true,"href":"https:\/\/www.tendenzeshabbychic.it\/es\/wp-json\/wp\/v2\/pwb-brand?post=195283"},{"taxonomy":"product_brand","embeddable":true,"href":"https:\/\/www.tendenzeshabbychic.it\/es\/wp-json\/wp\/v2\/product_brand?post=195283"},{"taxonomy":"product_cat","embeddable":true,"href":"https:\/\/www.tendenzeshabbychic.it\/es\/wp-json\/wp\/v2\/product_cat?post=195283"},{"taxonomy":"product_tag","embeddable":true,"href":"https:\/\/www.tendenzeshabbychic.it\/es\/wp-json\/wp\/v2\/product_tag?post=195283"}],"curies":[{"name":"wp","href":"https:\/\/api.w.org\/{rel}","templated":true}]}}