{"id":195266,"date":"2025-07-24T05:37:47","date_gmt":"2025-07-24T04:37:47","guid":{"rendered":"https:\/\/www.tendenzeshabbychic.it\/prodotto\/blanc-mariclo-tapon-de-botella-ciervo-bosque-antiguo-h-29-cm\/"},"modified":"2025-05-27T18:37:47","modified_gmt":"2025-05-27T17:37:47","slug":"blanc-mariclo-tapon-de-botella-ciervo-bosque-antiguo-h-29-cm","status":"publish","type":"product","link":"https:\/\/www.tendenzeshabbychic.it\/es\/producto\/blanc-mariclo-tapon-de-botella-ciervo-bosque-antiguo-h-29-cm\/","title":{"rendered":"Blanc MariCl\u00f2 Tap\u00f3n de Botella Ciervo Bosque Antiguo h 29 cm"},"content":{"rendered":"<p>La botella Blanc MariCl\u00f2 de la colecci\u00f3n <em>Selva Antica<\/em> es un accesorio de decoraci\u00f3n refinado y funcional. El vidrio grabado con motivos geom\u00e9tricos combina a la perfecci\u00f3n con el tap\u00f3n de metal verde antiguo, en forma de cabeza de ciervo. Ideal para servir licores durante las fiestas o para exponerlo como pieza decorativa en aparadores, vitrinas o mesas navide\u00f1as de estilo r\u00fastico-chic.  <\/p>\n<ul>\n<li>Tapa decorativa de metal con efecto vintage<\/li>\n<li>Vidrio con grabados geom\u00e9tricos<\/li>\n<li>Elegante y funcional para licores o aguas aromatizadas<\/li>\n<li>Estilo bosque encantado para entornos naturales<\/li>\n<li>Colecci\u00f3n <em>Selva Antica<\/em> Blanc MariCl\u00f2<\/li>\n<\/ul>\n\n\t<section class=\"section linkified dark\" id=\"section_5157483\">\n\t\t<div class=\"section-bg fill\" >\n\t\t\t<img loading=\"lazy\" decoding=\"async\" width=\"800\" height=\"213\" src=\"https:\/\/www.tendenzeshabbychic.it\/wp-content\/uploads\/2021\/09\/natale-hero-1-800x213.jpg\" class=\"bg attachment-medium size-medium\" alt=\"\" \/>\t\t\t\t\t\t<div class=\"section-bg-overlay absolute fill\"><\/div>\n\t\t\t\n\n\t\t<\/div>\n\n\t\t\n\n\t\t<div class=\"section-content relative\">\n\t\t\t\n\n<div class=\"row\"  id=\"row-801221332\">\n\n\n\t<div id=\"col-1501843863\" class=\"col small-12 large-12\"  >\n\t\t\t\t<div class=\"col-inner text-center\"  >\n\t\t\t\n\t\t\t\n\n<h3><span style=\"font-size: 180%;\">Navidad<\/span><\/h3>\n<p>Descubre la amplia selecci\u00f3n de productos para decorar tu hogar en Navidad.<\/p>\n<a href=\"https:\/\/www.tendenzeshabbychic.it\/es\/categoria-producto\/navidad\/\" class=\"button alert is-shade box-shadow-3 box-shadow-5-hover\" style=\"border-radius:5px;\">\n\t\t<span>haga clic aqu\u00ed<\/span>\n\t<\/a>\n\n\n\n\t\t<\/div>\n\t\t\t\t\t<\/div>\n\n\t\n\n<\/div>\n\n\t\t<\/div>\n\n\t\t\n<style>\n#section_5157483 {\n  padding-top: 12px;\n  padding-bottom: 12px;\n}\n#section_5157483 .section-bg-overlay {\n  background-color: rgba(0, 0, 0, 0.419);\n}\n#section_5157483 .section-bg img {\n  object-position: 21% 51%;\n}\n@media (min-width:550px) {\n  #section_5157483 {\n    padding-top: 57px;\n    padding-bottom: 57px;\n  }\n}\n<\/style>\n\t<\/section>\n\t\n","protected":false},"excerpt":{"rendered":"<p>Botella de cristal grabado con tap\u00f3n met\u00e1lico de cabeza de ciervo verde antiguo. Colecci\u00f3n Selva Antica.<br \/>\n\ud83d\udccf 29 x 10 x 10 cm<\/p>\n","protected":false},"featured_media":184796,"comment_status":"open","ping_status":"closed","template":"","meta":{"_joinchat":[]},"pwb-brand":[2076],"product_brand":[],"product_cat":[2324,2371],"product_tag":[2205],"class_list":{"0":"post-195266","1":"product","2":"type-product","3":"status-publish","4":"has-post-thumbnail","6":"pwb-brand-blanc-mariclo-es","7":"product_cat-cocina","8":"product_cat-navidad","9":"product_tag-patina-vintage-es","11":"first","12":"instock","13":"sale","14":"taxable","15":"shipping-taxable","16":"purchasable","17":"product-type-simple"},"brands":[{"id":2076,"name":"Blanc Mariclo","slug":"blanc-mariclo-es"}],"_links":{"self":[{"href":"https:\/\/www.tendenzeshabbychic.it\/es\/wp-json\/wp\/v2\/product\/195266","targetHints":{"allow":["GET"]}}],"collection":[{"href":"https:\/\/www.tendenzeshabbychic.it\/es\/wp-json\/wp\/v2\/product"}],"about":[{"href":"https:\/\/www.tendenzeshabbychic.it\/es\/wp-json\/wp\/v2\/types\/product"}],"replies":[{"embeddable":true,"href":"https:\/\/www.tendenzeshabbychic.it\/es\/wp-json\/wp\/v2\/comments?post=195266"}],"wp:featuredmedia":[{"embeddable":true,"href":"https:\/\/www.tendenzeshabbychic.it\/es\/wp-json\/wp\/v2\/media\/184796"}],"wp:attachment":[{"href":"https:\/\/www.tendenzeshabbychic.it\/es\/wp-json\/wp\/v2\/media?parent=195266"}],"wp:term":[{"taxonomy":"pwb-brand","embeddable":true,"href":"https:\/\/www.tendenzeshabbychic.it\/es\/wp-json\/wp\/v2\/pwb-brand?post=195266"},{"taxonomy":"product_brand","embeddable":true,"href":"https:\/\/www.tendenzeshabbychic.it\/es\/wp-json\/wp\/v2\/product_brand?post=195266"},{"taxonomy":"product_cat","embeddable":true,"href":"https:\/\/www.tendenzeshabbychic.it\/es\/wp-json\/wp\/v2\/product_cat?post=195266"},{"taxonomy":"product_tag","embeddable":true,"href":"https:\/\/www.tendenzeshabbychic.it\/es\/wp-json\/wp\/v2\/product_tag?post=195266"}],"curies":[{"name":"wp","href":"https:\/\/api.w.org\/{rel}","templated":true}]}}