{"id":195260,"date":"2025-07-24T01:52:31","date_gmt":"2025-07-24T00:52:31","guid":{"rendered":"https:\/\/www.tendenzeshabbychic.it\/prodotto\/blanc-mariclo-tarro-reno-bosque-antiguo-h-39-cm\/"},"modified":"2025-05-27T17:52:31","modified_gmt":"2025-05-27T16:52:31","slug":"blanc-mariclo-tarro-reno-bosque-antiguo-h-39-cm","status":"publish","type":"product","link":"https:\/\/www.tendenzeshabbychic.it\/es\/producto\/blanc-mariclo-tarro-reno-bosque-antiguo-h-39-cm\/","title":{"rendered":"Blanc MariCl\u00f2 Tarro reno bosque antiguo h 39 cm"},"content":{"rendered":"<p>El tarro decorativo Blanc MariCl\u00f2 de la colecci\u00f3n <em>Selva Antica<\/em> es un objeto con un encanto r\u00fastico, de cuento de hadas. La base de cristal transparente se combina con una tapa met\u00e1lica de efecto vintage, coronada por una llamativa cabeza de reno verde antiguo. Perfecto como elemento decorativo para cocinas, salones o arreglos navide\u00f1os de estilo natural, puede contener galletas, especias o peque\u00f1os objetos.  <\/p>\n<ul>\n<li>Cristal transparente y metal de efecto vintage<\/li>\n<li>Tapa decorada con renos tallados<\/li>\n<li>Ideal como recipiente u objeto decorativo<\/li>\n<li>Estilo r\u00fastico-navide\u00f1o<\/li>\n<li>Colecci\u00f3n <em>Selva Antica<\/em> Blanc MariCl\u00f2<\/li>\n<\/ul>\n\n\t<section class=\"section linkified dark\" id=\"section_316729221\">\n\t\t<div class=\"section-bg fill\" >\n\t\t\t<img loading=\"lazy\" decoding=\"async\" width=\"800\" height=\"213\" src=\"https:\/\/www.tendenzeshabbychic.it\/wp-content\/uploads\/2021\/09\/natale-hero-1-800x213.jpg\" class=\"bg attachment-medium size-medium\" alt=\"\" \/>\t\t\t\t\t\t<div class=\"section-bg-overlay absolute fill\"><\/div>\n\t\t\t\n\n\t\t<\/div>\n\n\t\t\n\n\t\t<div class=\"section-content relative\">\n\t\t\t\n\n<div class=\"row\"  id=\"row-1430680385\">\n\n\n\t<div id=\"col-840457433\" class=\"col small-12 large-12\"  >\n\t\t\t\t<div class=\"col-inner text-center\"  >\n\t\t\t\n\t\t\t\n\n<h3><span style=\"font-size: 180%;\">Navidad<\/span><\/h3>\n<p>Descubre la amplia selecci\u00f3n de productos para decorar tu hogar en Navidad.<\/p>\n<a href=\"https:\/\/www.tendenzeshabbychic.it\/es\/categoria-producto\/navidad\/\" class=\"button alert is-shade box-shadow-3 box-shadow-5-hover\" style=\"border-radius:5px;\">\n\t\t<span>haga clic aqu\u00ed<\/span>\n\t<\/a>\n\n\n\n\t\t<\/div>\n\t\t\t\t\t<\/div>\n\n\t\n\n<\/div>\n\n\t\t<\/div>\n\n\t\t\n<style>\n#section_316729221 {\n  padding-top: 12px;\n  padding-bottom: 12px;\n}\n#section_316729221 .section-bg-overlay {\n  background-color: rgba(0, 0, 0, 0.419);\n}\n#section_316729221 .section-bg img {\n  object-position: 21% 51%;\n}\n@media (min-width:550px) {\n  #section_316729221 {\n    padding-top: 57px;\n    padding-bottom: 57px;\n  }\n}\n<\/style>\n\t<\/section>\n\t\n","protected":false},"excerpt":{"rendered":"<p>Tarro de cristal con tapa met\u00e1lica verde vintage en forma de cabeza de reno. Colecci\u00f3n Selva Antica.<br \/>\n\ud83d\udccf 39 x 16 x 16 cm<\/p>\n","protected":false},"featured_media":184775,"comment_status":"open","ping_status":"closed","template":"","meta":{"_joinchat":[]},"pwb-brand":[2076],"product_brand":[],"product_cat":[2324,2371],"product_tag":[2205,3350],"class_list":{"0":"post-195260","1":"product","2":"type-product","3":"status-publish","4":"has-post-thumbnail","6":"pwb-brand-blanc-mariclo-es","7":"product_cat-cocina","8":"product_cat-navidad","9":"product_tag-patina-vintage-es","10":"product_tag-renos-decoraciones-y-textiles-navidenos","12":"first","13":"instock","14":"sale","15":"taxable","16":"shipping-taxable","17":"purchasable","18":"product-type-simple"},"brands":[{"id":2076,"name":"Blanc Mariclo","slug":"blanc-mariclo-es"}],"_links":{"self":[{"href":"https:\/\/www.tendenzeshabbychic.it\/es\/wp-json\/wp\/v2\/product\/195260","targetHints":{"allow":["GET"]}}],"collection":[{"href":"https:\/\/www.tendenzeshabbychic.it\/es\/wp-json\/wp\/v2\/product"}],"about":[{"href":"https:\/\/www.tendenzeshabbychic.it\/es\/wp-json\/wp\/v2\/types\/product"}],"replies":[{"embeddable":true,"href":"https:\/\/www.tendenzeshabbychic.it\/es\/wp-json\/wp\/v2\/comments?post=195260"}],"wp:featuredmedia":[{"embeddable":true,"href":"https:\/\/www.tendenzeshabbychic.it\/es\/wp-json\/wp\/v2\/media\/184775"}],"wp:attachment":[{"href":"https:\/\/www.tendenzeshabbychic.it\/es\/wp-json\/wp\/v2\/media?parent=195260"}],"wp:term":[{"taxonomy":"pwb-brand","embeddable":true,"href":"https:\/\/www.tendenzeshabbychic.it\/es\/wp-json\/wp\/v2\/pwb-brand?post=195260"},{"taxonomy":"product_brand","embeddable":true,"href":"https:\/\/www.tendenzeshabbychic.it\/es\/wp-json\/wp\/v2\/product_brand?post=195260"},{"taxonomy":"product_cat","embeddable":true,"href":"https:\/\/www.tendenzeshabbychic.it\/es\/wp-json\/wp\/v2\/product_cat?post=195260"},{"taxonomy":"product_tag","embeddable":true,"href":"https:\/\/www.tendenzeshabbychic.it\/es\/wp-json\/wp\/v2\/product_tag?post=195260"}],"curies":[{"name":"wp","href":"https:\/\/api.w.org\/{rel}","templated":true}]}}