{"id":190174,"date":"2025-07-25T15:39:57","date_gmt":"2025-07-25T14:39:57","guid":{"rendered":"https:\/\/www.tendenzeshabbychic.it\/?post_type=product&#038;p=190174"},"modified":"2025-06-28T21:26:14","modified_gmt":"2025-06-28T20:26:14","slug":"edg-base-de-arbol-de-navidad-artificial-edg-en-forma-de-lazo-rojo-%f0%9f%8e%80-copia-copia-copia","status":"publish","type":"product","link":"https:\/\/www.tendenzeshabbychic.it\/es\/producto\/edg-base-de-arbol-de-navidad-artificial-edg-en-forma-de-lazo-rojo-%f0%9f%8e%80-copia-copia-copia\/","title":{"rendered":"EDG Base de \u00e1rbol de terciopelo verde bosque H45 cm"},"content":{"rendered":"<p>Refinada y original, la base de \u00e1rbol EDG de terciopelo verde bosque enriquece la estancia con discreta elegancia. La forma de arco a\u00f1ade un toque esc\u00e9nico sin renunciar a la sobriedad crom\u00e1tica. Fabricada en poliresina con revestimiento aterciopelado, es perfecta para ambientes sofisticados y puede coordinarse con decoraciones doradas o naturales. Ideal para quienes buscan un detalle sofisticado para su \u00e1rbol.   <\/p>\n<ul>\n<li>Elegante dise\u00f1o de lazo caracter\u00edstico EDG<\/li>\n<li>Terciopelo mate en verde bosque<\/li>\n<li>De poliresina duradera y estable<\/li>\n<li>Perfecto para entornos cl\u00e1sicos y modernos<\/li>\n<li>Ocultar la base del \u00e1rbol con estilo<\/li>\n<\/ul>\n\n\t<section class=\"section dark\" id=\"section_1723038728\">\n\t\t<div class=\"section-bg fill\" >\n\t\t\t\t\t\t\t\t\t<div class=\"section-bg-overlay absolute fill\"><\/div>\n\t\t\t\n\n\t\t<\/div>\n\n\t\t\n\n\t\t<div class=\"section-content relative\">\n\t\t\t\n\n<div class=\"row align-center\"  id=\"row-2032168731\">\n\n\n\t<div id=\"col-690882554\" class=\"col medium-10 small-12 large-10\"  >\n\t\t\t\t<div class=\"col-inner text-center\"  >\n\t\t\t\n\t\t\t\n\n\t<div id=\"gap-62378912\" class=\"gap-element clearfix\" style=\"display:block; height:auto;\">\n\t\t\n<style>\n#gap-62378912 {\n  padding-top: 10px;\n}\n@media (min-width:550px) {\n  #gap-62378912 {\n    padding-top: 30px;\n  }\n}\n<\/style>\n\t<\/div>\n\t\n\n\t<div id=\"text-719878133\" class=\"text\">\n\t\t\n\n<h3 class=\"uppercase\" style=\"text-align: center;\">TODO PARA TU \u00c1RBOL DE NAVIDAD<\/h3>\n<p style=\"text-align: left;\">Descubra las muchas decoraciones disponibles, muchos materiales (desde vidrio hasta madera), diferentes dise\u00f1os y estilos.<\/p>\n\t\t\n<style>\n#text-719878133 {\n  font-size: 1.4rem;\n  text-align: left;\n}\n<\/style>\n\t<\/div>\n\t\n<a href=\"https:\/\/www.tendenzeshabbychic.it\/es\/categoria-producto\/navidad\/bolas-y-decoraciones-arbol-de-navidad\/\" class=\"button white is-outline\" style=\"border-radius:79px;\">\n\t\t<span>\ud83c\udf84 Decora tu \u00e1rbol \ud83c\udf84<\/span>\n\t<\/a>\n\n\n\n\t\t<\/div>\n\t\t\t\t\t<\/div>\n\n\t\n\n<\/div>\n\n\t\t<\/div>\n\n\t\t\n<style>\n#section_1723038728 {\n  padding-top: 60px;\n  padding-bottom: 60px;\n  min-height: 300px;\n  background-color: rgb(245, 245, 245);\n}\n#section_1723038728 .section-bg-overlay {\n  background-color: rgba(0, 0, 0, 0.5);\n}\n#section_1723038728 .section-bg img {\n  object-position: 39% 25%;\n}\n@media (min-width:550px) {\n  #section_1723038728 .section-bg-overlay {\n    background-color: rgba(0, 0, 0, 0.378);\n  }\n}\n<\/style>\n\t<\/section>\n\t\n\n\t<section class=\"section linkified dark\" id=\"section_1424769870\">\n\t\t<div class=\"section-bg fill\" >\n\t\t\t<img loading=\"lazy\" decoding=\"async\" width=\"800\" height=\"213\" src=\"https:\/\/www.tendenzeshabbychic.it\/wp-content\/uploads\/2021\/09\/natale-hero-1-800x213.jpg\" class=\"bg attachment-medium size-medium\" alt=\"\" \/>\t\t\t\t\t\t<div class=\"section-bg-overlay absolute fill\"><\/div>\n\t\t\t\n\n\t\t<\/div>\n\n\t\t\n\n\t\t<div class=\"section-content relative\">\n\t\t\t\n\n<div class=\"row\"  id=\"row-1623976840\">\n\n\n\t<div id=\"col-1693698547\" class=\"col small-12 large-12\"  >\n\t\t\t\t<div class=\"col-inner text-center\"  >\n\t\t\t\n\t\t\t\n\n<h3><span style=\"font-size: 180%;\">Navidad<\/span><\/h3>\n<p>Descubre la amplia selecci\u00f3n de productos para decorar tu hogar en Navidad.<\/p>\n<a href=\"https:\/\/www.tendenzeshabbychic.it\/es\/categoria-producto\/navidad\/\" class=\"button alert is-shade box-shadow-3 box-shadow-5-hover\" style=\"border-radius:5px;\">\n\t\t<span>haga clic aqu\u00ed<\/span>\n\t<\/a>\n\n\n\n\t\t<\/div>\n\t\t\t\t\t<\/div>\n\n\t\n\n<\/div>\n\n\t\t<\/div>\n\n\t\t\n<style>\n#section_1424769870 {\n  padding-top: 12px;\n  padding-bottom: 12px;\n}\n#section_1424769870 .section-bg-overlay {\n  background-color: rgba(0, 0, 0, 0.419);\n}\n#section_1424769870 .section-bg img {\n  object-position: 21% 51%;\n}\n@media (min-width:550px) {\n  #section_1424769870 {\n    padding-top: 57px;\n    padding-bottom: 57px;\n  }\n}\n<\/style>\n\t<\/section>\n\t\n","protected":false},"excerpt":{"rendered":"<p>Base de \u00e1rbol en forma de lazo de terciopelo verde bosque fabricada en resistente poliresina. Acabado mate y dise\u00f1o exclusivo EDG. <\/p>\n<p>\ud83d\udccf Alto 45 x Ancho 43 x Fondo 43 cm<\/p>\n","protected":false},"featured_media":190178,"comment_status":"open","ping_status":"closed","template":"","meta":{"_joinchat":[]},"pwb-brand":[2084],"product_brand":[],"product_cat":[3099,2371],"product_tag":[2172],"class_list":{"0":"post-190174","1":"product","2":"type-product","3":"status-publish","4":"has-post-thumbnail","6":"pwb-brand-edg-enzo-de-gasperi","7":"product_cat-soportes-para-arboles-de-navidad","8":"product_cat-navidad","9":"product_tag-escama","11":"first","12":"instock","13":"sale","14":"taxable","15":"shipping-taxable","16":"purchasable","17":"product-type-simple"},"brands":[{"id":2084,"name":"EDG - Enzo De Gasperi","slug":"edg-enzo-de-gasperi"}],"_links":{"self":[{"href":"https:\/\/www.tendenzeshabbychic.it\/es\/wp-json\/wp\/v2\/product\/190174","targetHints":{"allow":["GET"]}}],"collection":[{"href":"https:\/\/www.tendenzeshabbychic.it\/es\/wp-json\/wp\/v2\/product"}],"about":[{"href":"https:\/\/www.tendenzeshabbychic.it\/es\/wp-json\/wp\/v2\/types\/product"}],"replies":[{"embeddable":true,"href":"https:\/\/www.tendenzeshabbychic.it\/es\/wp-json\/wp\/v2\/comments?post=190174"}],"wp:featuredmedia":[{"embeddable":true,"href":"https:\/\/www.tendenzeshabbychic.it\/es\/wp-json\/wp\/v2\/media\/190178"}],"wp:attachment":[{"href":"https:\/\/www.tendenzeshabbychic.it\/es\/wp-json\/wp\/v2\/media?parent=190174"}],"wp:term":[{"taxonomy":"pwb-brand","embeddable":true,"href":"https:\/\/www.tendenzeshabbychic.it\/es\/wp-json\/wp\/v2\/pwb-brand?post=190174"},{"taxonomy":"product_brand","embeddable":true,"href":"https:\/\/www.tendenzeshabbychic.it\/es\/wp-json\/wp\/v2\/product_brand?post=190174"},{"taxonomy":"product_cat","embeddable":true,"href":"https:\/\/www.tendenzeshabbychic.it\/es\/wp-json\/wp\/v2\/product_cat?post=190174"},{"taxonomy":"product_tag","embeddable":true,"href":"https:\/\/www.tendenzeshabbychic.it\/es\/wp-json\/wp\/v2\/product_tag?post=190174"}],"curies":[{"name":"wp","href":"https:\/\/api.w.org\/{rel}","templated":true}]}}