{"id":189412,"date":"2025-07-25T10:48:59","date_gmt":"2025-07-25T09:48:59","guid":{"rendered":"https:\/\/www.tendenzeshabbychic.it\/?post_type=product&#038;p=189412"},"modified":"2025-06-27T16:03:10","modified_gmt":"2025-06-27T15:03:10","slug":"cinta-terciopelo-rojo-edg-16mm-x-10mt-copia","status":"publish","type":"product","link":"https:\/\/www.tendenzeshabbychic.it\/es\/producto\/cinta-terciopelo-rojo-edg-16mm-x-10mt-copia\/","title":{"rendered":"EDG Cinta Terciopelo Color Rojo 25MM x 10MT"},"content":{"rendered":"<p>Fabricada con materiales de alta calidad, la cinta de terciopelo rojo EDG destaca por su textura suave y envolvente. Su color c\u00e1lido y brillante a\u00f1ade profundidad y car\u00e1cter a cualquier proyecto decorativo, desde el bricolaje hasta la decoraci\u00f3n de eventos especiales. <\/p>\n<p>Su anchura de 25 mm la hace vers\u00e1til y f\u00e1cil de manejar, mientras que su longitud de 10 metros garantiza material de sobra para cualquier necesidad.<\/p>\n<ul>\n<li><strong>Material precioso<\/strong> : terciopelo suave al tacto.<\/li>\n<li><strong>Color c\u00e1lido y vibrante<\/strong> : perfecto para a\u00f1adir un toque de lujo<\/li>\n<li><strong>Vers\u00e1til y funcional<\/strong> : ideal para envolver regalos, decoraci\u00f3n y bricolaje.<\/li>\n<li><strong>Amplia longitud<\/strong> : 10 metros para un uso generoso<\/li>\n<li><strong>Marca de calidad<\/strong> : EDG , sin\u00f3nimo de elegancia y refinamiento.<\/li>\n<\/ul>\n","protected":false},"excerpt":{"rendered":"<p>A\u00f1ade un toque lujoso a tus creaciones con la cinta de terciopelo EDG en rojo, perfecta para realzar cualquier detalle decorativo.<\/p>\n<p>La textura suave y aterciopelada combinada con el vibrante color \u00e1mbar confiere a esta cinta una elegancia irresistible y vers\u00e1til, ideal para envolver regalos, decoraciones festivas y arreglos refinados.<\/p>\n<p>\ud83d\udccf <strong>Dimensiones<\/strong>: 25 mm de grosor x 10 metros de longitud<\/p>\n","protected":false},"featured_media":189416,"comment_status":"open","ping_status":"closed","template":"","meta":{"_joinchat":[]},"pwb-brand":[2084],"product_brand":[],"product_cat":[2371],"product_tag":[2283],"class_list":{"0":"post-189412","1":"product","2":"type-product","3":"status-publish","4":"has-post-thumbnail","6":"pwb-brand-edg-enzo-de-gasperi","7":"product_cat-navidad","8":"product_tag-idea-de-regalo","10":"first","11":"instock","12":"sale","13":"taxable","14":"shipping-taxable","15":"purchasable","16":"product-type-simple"},"brands":[{"id":2084,"name":"EDG - Enzo De Gasperi","slug":"edg-enzo-de-gasperi"}],"_links":{"self":[{"href":"https:\/\/www.tendenzeshabbychic.it\/es\/wp-json\/wp\/v2\/product\/189412","targetHints":{"allow":["GET"]}}],"collection":[{"href":"https:\/\/www.tendenzeshabbychic.it\/es\/wp-json\/wp\/v2\/product"}],"about":[{"href":"https:\/\/www.tendenzeshabbychic.it\/es\/wp-json\/wp\/v2\/types\/product"}],"replies":[{"embeddable":true,"href":"https:\/\/www.tendenzeshabbychic.it\/es\/wp-json\/wp\/v2\/comments?post=189412"}],"wp:featuredmedia":[{"embeddable":true,"href":"https:\/\/www.tendenzeshabbychic.it\/es\/wp-json\/wp\/v2\/media\/189416"}],"wp:attachment":[{"href":"https:\/\/www.tendenzeshabbychic.it\/es\/wp-json\/wp\/v2\/media?parent=189412"}],"wp:term":[{"taxonomy":"pwb-brand","embeddable":true,"href":"https:\/\/www.tendenzeshabbychic.it\/es\/wp-json\/wp\/v2\/pwb-brand?post=189412"},{"taxonomy":"product_brand","embeddable":true,"href":"https:\/\/www.tendenzeshabbychic.it\/es\/wp-json\/wp\/v2\/product_brand?post=189412"},{"taxonomy":"product_cat","embeddable":true,"href":"https:\/\/www.tendenzeshabbychic.it\/es\/wp-json\/wp\/v2\/product_cat?post=189412"},{"taxonomy":"product_tag","embeddable":true,"href":"https:\/\/www.tendenzeshabbychic.it\/es\/wp-json\/wp\/v2\/product_tag?post=189412"}],"curies":[{"name":"wp","href":"https:\/\/api.w.org\/{rel}","templated":true}]}}