{"id":187763,"date":"2025-06-22T21:06:41","date_gmt":"2025-06-22T19:06:41","guid":{"rendered":"https:\/\/www.tendenzeshabbychic.it\/prodotto\/lazo-de-lino-con-rosa-y-flores-shabby-fiori-di-lena-31x50-elegancia-natural\/"},"modified":"2025-06-22T21:06:41","modified_gmt":"2025-06-22T20:06:41","slug":"lazo-de-lino-con-rosa-y-flores-shabby-fiori-di-lena-31x50-elegancia-natural","status":"publish","type":"product","link":"https:\/\/www.tendenzeshabbychic.it\/es\/producto\/lazo-de-lino-con-rosa-y-flores-shabby-fiori-di-lena-31x50-elegancia-natural\/","title":{"rendered":"Lazo de Lino con Rosa y Flores Shabby Fiori di Lena 31&#215;50 Elegancia Natural"},"content":{"rendered":"<p>El lazo decorativo de Fiori di Lena es un homenaje a la delicadeza y la belleza intemporal. Realizado a mano en lino natural, se enriquece con una refinada composici\u00f3n floral con rosa palo, hortensia, begonia y mu\u00e9rdago: un armonioso ramo que evoca atm\u00f3sferas po\u00e9ticas y de ensue\u00f1o. <\/p>\n<p>Con sus generosas dimensiones (31&#215;50 cm), este lazo se convierte en protagonista de puertas, tiradores, camas o rincones especiales de la casa. El lazo cae en elegantes espigas y se completa con cintas empolvadas que realzan el romanticismo de la composici\u00f3n. Cada flor est\u00e1 cuidadosamente detallada para conseguir un efecto realista y sofisticado.  <\/p>\n<p>Perfectos para nacimientos, bautizos, bodas o para dar un toque Shabby Chic a un dormitorio o recibidor. Cada pieza est\u00e1 perfumada y es ligeramente diferente, lo que confirma su artesan\u00eda italiana \u00fanica. <\/p>\n","protected":false},"excerpt":{"rendered":"<p>Lazo decorativo Fiori di Lena de lino natural con rosa palo, hortensia, begonia y niebla. Una elegancia rom\u00e1ntica para todos los ambientes. <\/p>\n","protected":false},"featured_media":187756,"comment_status":"open","ping_status":"closed","template":"","meta":{"_joinchat":[]},"pwb-brand":[3263],"product_brand":[],"product_cat":[2396],"product_tag":[968,353,788],"class_list":{"0":"post-187763","1":"product","2":"type-product","3":"status-publish","4":"has-post-thumbnail","6":"pwb-brand-fiori-di-lena","7":"product_cat-objetos","8":"product_tag-fiocco","9":"product_tag-fatto-a-mano","10":"product_tag-made-in-italy","12":"first","13":"outofstock","14":"taxable","15":"shipping-taxable","16":"purchasable","17":"product-type-simple"},"brands":[{"id":3265,"name":"Fiori di Lena","slug":"fiori-di-lena-es"}],"_links":{"self":[{"href":"https:\/\/www.tendenzeshabbychic.it\/es\/wp-json\/wp\/v2\/product\/187763","targetHints":{"allow":["GET"]}}],"collection":[{"href":"https:\/\/www.tendenzeshabbychic.it\/es\/wp-json\/wp\/v2\/product"}],"about":[{"href":"https:\/\/www.tendenzeshabbychic.it\/es\/wp-json\/wp\/v2\/types\/product"}],"replies":[{"embeddable":true,"href":"https:\/\/www.tendenzeshabbychic.it\/es\/wp-json\/wp\/v2\/comments?post=187763"}],"wp:featuredmedia":[{"embeddable":true,"href":"https:\/\/www.tendenzeshabbychic.it\/es\/wp-json\/wp\/v2\/media\/187756"}],"wp:attachment":[{"href":"https:\/\/www.tendenzeshabbychic.it\/es\/wp-json\/wp\/v2\/media?parent=187763"}],"wp:term":[{"taxonomy":"pwb-brand","embeddable":true,"href":"https:\/\/www.tendenzeshabbychic.it\/es\/wp-json\/wp\/v2\/pwb-brand?post=187763"},{"taxonomy":"product_brand","embeddable":true,"href":"https:\/\/www.tendenzeshabbychic.it\/es\/wp-json\/wp\/v2\/product_brand?post=187763"},{"taxonomy":"product_cat","embeddable":true,"href":"https:\/\/www.tendenzeshabbychic.it\/es\/wp-json\/wp\/v2\/product_cat?post=187763"},{"taxonomy":"product_tag","embeddable":true,"href":"https:\/\/www.tendenzeshabbychic.it\/es\/wp-json\/wp\/v2\/product_tag?post=187763"}],"curies":[{"name":"wp","href":"https:\/\/api.w.org\/{rel}","templated":true}]}}