{"id":187395,"date":"2026-03-31T16:00:41","date_gmt":"2026-03-31T14:00:41","guid":{"rendered":"https:\/\/www.tendenzeshabbychic.it\/prodotto\/fiori-di-lena-embrasse-con-rosa-hortensia-y-cinta-glicinia-h-70-cm\/"},"modified":"2026-03-31T17:13:02","modified_gmt":"2026-03-31T15:13:02","slug":"fiori-di-lena-embrasse-con-rosa-hortensia-y-cinta-glicinia-h-70-cm","status":"publish","type":"product","link":"https:\/\/www.tendenzeshabbychic.it\/es\/producto\/fiori-di-lena-embrasse-con-rosa-hortensia-y-cinta-glicinia-h-70-cm\/","title":{"rendered":"Fiori di Lena Embrasse con rosa hortensia y cinta glicinia H 70 cm"},"content":{"rendered":"<p>El embrasse con rosa, hortensia y cinta de glicinia de Fiori di Lena es una creaci\u00f3n artesanal de delicada belleza. Hecha a mano en Italia, combina la suavidad de una gran rosa marfil y hortensias crema con peque\u00f1as ramitas de bruma en tonos lavanda, todo ello adornado con una cinta de lino color glicinia con flecos y una borla perfumada de color marfil. <\/p>\n<p>Perfecto como lazo de cortina en ambientes rom\u00e1nticos o Shabby Chic, este adorno floral confiere una atm\u00f3sfera acogedora y po\u00e9tica. Tambi\u00e9n es ideal como elemento decorativo para ceremonias como bodas, bautizos o eventos primaverales al aire libre. Combina a la perfecci\u00f3n con cortinas de lino blanco o natural y accesorios en tonos pastel para una puesta en escena armoniosa.  <\/p>\n","protected":false},"excerpt":{"rendered":"<p>Embrasse Fiori di Lena con detalles de rosa marfil, hortensia y glicinia: refinada elegancia perfumada para ambientes Shabby Chic y ocasiones rom\u00e1nticas.<\/p>\n<p>Dimensiones: An 15 x Al 70 cm (cuerda 30 cm)<\/p>\n","protected":false},"featured_media":239929,"comment_status":"open","ping_status":"closed","template":"","meta":{"_joinchat":[]},"pwb-brand":[3265],"product_brand":[],"product_cat":[2356,2355],"product_tag":[2280,2259],"class_list":{"0":"post-187395","1":"product","2":"type-product","3":"status-publish","4":"has-post-thumbnail","6":"pwb-brand-fiori-di-lena-es","7":"product_cat-accesorios-para-cortinas","8":"product_cat-cortinas","9":"product_tag-hecho-a-mano","10":"product_tag-made-in-italy-es","12":"first","13":"instock","14":"taxable","15":"shipping-taxable","16":"purchasable","17":"product-type-simple"},"brands":[{"id":3265,"name":"Fiori di Lena","slug":"fiori-di-lena-es"}],"_links":{"self":[{"href":"https:\/\/www.tendenzeshabbychic.it\/es\/wp-json\/wp\/v2\/product\/187395","targetHints":{"allow":["GET"]}}],"collection":[{"href":"https:\/\/www.tendenzeshabbychic.it\/es\/wp-json\/wp\/v2\/product"}],"about":[{"href":"https:\/\/www.tendenzeshabbychic.it\/es\/wp-json\/wp\/v2\/types\/product"}],"replies":[{"embeddable":true,"href":"https:\/\/www.tendenzeshabbychic.it\/es\/wp-json\/wp\/v2\/comments?post=187395"}],"wp:featuredmedia":[{"embeddable":true,"href":"https:\/\/www.tendenzeshabbychic.it\/es\/wp-json\/wp\/v2\/media\/239929"}],"wp:attachment":[{"href":"https:\/\/www.tendenzeshabbychic.it\/es\/wp-json\/wp\/v2\/media?parent=187395"}],"wp:term":[{"taxonomy":"pwb-brand","embeddable":true,"href":"https:\/\/www.tendenzeshabbychic.it\/es\/wp-json\/wp\/v2\/pwb-brand?post=187395"},{"taxonomy":"product_brand","embeddable":true,"href":"https:\/\/www.tendenzeshabbychic.it\/es\/wp-json\/wp\/v2\/product_brand?post=187395"},{"taxonomy":"product_cat","embeddable":true,"href":"https:\/\/www.tendenzeshabbychic.it\/es\/wp-json\/wp\/v2\/product_cat?post=187395"},{"taxonomy":"product_tag","embeddable":true,"href":"https:\/\/www.tendenzeshabbychic.it\/es\/wp-json\/wp\/v2\/product_tag?post=187395"}],"curies":[{"name":"wp","href":"https:\/\/api.w.org\/{rel}","templated":true}]}}