{"id":186543,"date":"2025-06-18T01:28:18","date_gmt":"2025-06-18T00:28:18","guid":{"rendered":"https:\/\/www.tendenzeshabbychic.it\/prodotto\/blanc-mariclo-pareja-de-casitas-rojas-de-vela-11x10x20-cm\/"},"modified":"2025-06-05T22:33:18","modified_gmt":"2025-06-05T21:33:18","slug":"blanc-mariclo-pareja-de-casitas-rojas-de-vela-11x10x20-cm","status":"publish","type":"product","link":"https:\/\/www.tendenzeshabbychic.it\/es\/producto\/blanc-mariclo-pareja-de-casitas-rojas-de-vela-11x10x20-cm\/","title":{"rendered":"Blanc MariClo&#8217; Pareja de casitas rojas de vela 11x10x20 cm"},"content":{"rendered":"<p>Este par de casitas para velas de Blanc MariClo&#8217; combina la magia de la Navidad con el encanto vintage. Fabricadas en metal rojo de efecto envejecido, presentan detalles calados como abetos, estrellas y renos en sus tejados inclinados. Las paredes, con sus ventanas cuadradas, reflejan la luz, creando un ambiente c\u00e1lido y acogedor. Las casitas est\u00e1n equipadas con pr\u00e1cticas asas laterales y chimeneas decorativas que completan el efecto de chalet navide\u00f1o. Perfectas para decorar estanter\u00edas, chimeneas o mesas, encajan perfectamente en ambientes Country Chic o Shabby Chic.    <\/p>\n<ul>\n<li>Metal rojo con acabado antiguo<\/li>\n<li>Rico dise\u00f1o con detalles navide\u00f1os perforados<\/li>\n<li>Asas laterales funcionales<\/li>\n<li>Luz c\u00e1lida y ambiental con vela<\/li>\n<li>Colecci\u00f3n Borgo Antico Blanc MariClo&#8217;<\/li>\n<\/ul>\n<p><span style=\"color: #555555;\">\n\t<section class=\"section linkified dark\" id=\"section_1687245600\">\n\t\t<div class=\"section-bg fill\" >\n\t\t\t<img loading=\"lazy\" decoding=\"async\" width=\"800\" height=\"213\" src=\"https:\/\/www.tendenzeshabbychic.it\/wp-content\/uploads\/2021\/09\/natale-hero-1-800x213.jpg\" class=\"bg attachment-medium size-medium\" alt=\"\" \/>\t\t\t\t\t\t<div class=\"section-bg-overlay absolute fill\"><\/div>\n\t\t\t\n\n\t\t<\/div>\n\n\t\t\n\n\t\t<div class=\"section-content relative\">\n\t\t\t\n\n<div class=\"row\"  id=\"row-2079166088\">\n\n\n\t<div id=\"col-1821036039\" class=\"col small-12 large-12\"  >\n\t\t\t\t<div class=\"col-inner text-center\"  >\n\t\t\t\n\t\t\t\n\n<h3><span style=\"font-size: 180%;\">Navidad<\/span><\/h3>\n<p>Descubre la amplia selecci\u00f3n de productos para decorar tu hogar en Navidad.<\/p>\n<a href=\"https:\/\/www.tendenzeshabbychic.it\/es\/categoria-producto\/navidad\/\" class=\"button alert is-shade box-shadow-3 box-shadow-5-hover\" style=\"border-radius:5px;\">\n\t\t<span>haga clic aqu\u00ed<\/span>\n\t<\/a>\n\n\n\n\t\t<\/div>\n\t\t\t\t\t<\/div>\n\n\t\n\n<\/div>\n\n\t\t<\/div>\n\n\t\t\n<style>\n#section_1687245600 {\n  padding-top: 12px;\n  padding-bottom: 12px;\n}\n#section_1687245600 .section-bg-overlay {\n  background-color: rgba(0, 0, 0, 0.419);\n}\n#section_1687245600 .section-bg img {\n  object-position: 21% 51%;\n}\n@media (min-width:550px) {\n  #section_1687245600 {\n    padding-top: 57px;\n    padding-bottom: 57px;\n  }\n}\n<\/style>\n\t<\/section>\n\t<\/span><\/p>\n","protected":false},"excerpt":{"rendered":"<p>Farol decorativo de metal rojo con efecto envejecido, con tallas navide\u00f1as en el techo y las ventanas. Colecci\u00f3n Borgo Antico.<br \/>\n\ud83d\udccf 20 x 11 x 10 cm<\/p>\n","protected":false},"featured_media":185800,"comment_status":"open","ping_status":"closed","template":"","meta":{"_joinchat":[]},"pwb-brand":[2076],"product_brand":[],"product_cat":[2322,2320,2371],"product_tag":[],"class_list":{"0":"post-186543","1":"product","2":"type-product","3":"status-publish","4":"has-post-thumbnail","6":"pwb-brand-blanc-mariclo-es","7":"product_cat-linternas","8":"product_cat-candelabros-y-portavelas","9":"product_cat-navidad","11":"first","12":"instock","13":"sale","14":"taxable","15":"shipping-taxable","16":"purchasable","17":"product-type-simple"},"brands":[{"id":2076,"name":"Blanc Mariclo","slug":"blanc-mariclo-es"}],"_links":{"self":[{"href":"https:\/\/www.tendenzeshabbychic.it\/es\/wp-json\/wp\/v2\/product\/186543","targetHints":{"allow":["GET"]}}],"collection":[{"href":"https:\/\/www.tendenzeshabbychic.it\/es\/wp-json\/wp\/v2\/product"}],"about":[{"href":"https:\/\/www.tendenzeshabbychic.it\/es\/wp-json\/wp\/v2\/types\/product"}],"replies":[{"embeddable":true,"href":"https:\/\/www.tendenzeshabbychic.it\/es\/wp-json\/wp\/v2\/comments?post=186543"}],"wp:featuredmedia":[{"embeddable":true,"href":"https:\/\/www.tendenzeshabbychic.it\/es\/wp-json\/wp\/v2\/media\/185800"}],"wp:attachment":[{"href":"https:\/\/www.tendenzeshabbychic.it\/es\/wp-json\/wp\/v2\/media?parent=186543"}],"wp:term":[{"taxonomy":"pwb-brand","embeddable":true,"href":"https:\/\/www.tendenzeshabbychic.it\/es\/wp-json\/wp\/v2\/pwb-brand?post=186543"},{"taxonomy":"product_brand","embeddable":true,"href":"https:\/\/www.tendenzeshabbychic.it\/es\/wp-json\/wp\/v2\/product_brand?post=186543"},{"taxonomy":"product_cat","embeddable":true,"href":"https:\/\/www.tendenzeshabbychic.it\/es\/wp-json\/wp\/v2\/product_cat?post=186543"},{"taxonomy":"product_tag","embeddable":true,"href":"https:\/\/www.tendenzeshabbychic.it\/es\/wp-json\/wp\/v2\/product_tag?post=186543"}],"curies":[{"name":"wp","href":"https:\/\/api.w.org\/{rel}","templated":true}]}}