{"id":186532,"date":"2025-06-18T01:28:35","date_gmt":"2025-06-18T00:28:35","guid":{"rendered":"https:\/\/www.tendenzeshabbychic.it\/prodotto\/blanc-mariclo-casa-de-velas-rojas-33x18x21-cm\/"},"modified":"2025-06-05T23:00:35","modified_gmt":"2025-06-05T22:00:35","slug":"blanc-mariclo-casa-de-velas-rojas-33x18x21-cm","status":"publish","type":"product","link":"https:\/\/www.tendenzeshabbychic.it\/es\/producto\/blanc-mariclo-casa-de-velas-rojas-33x18x21-cm\/","title":{"rendered":"Blanc MariClo&#8217; Casa de velas rojas 33x18x21 cm"},"content":{"rendered":"<p>Esta casa de velas Blanc MariClo&#8217; de la colecci\u00f3n Borgo Antico es una aut\u00e9ntica escena navide\u00f1a en miniatura. Realizada en metal rojo con efecto envejecido, tiene una estructura central con tejado a dos aguas flanqueada por dos torres con ventanas de arco perforado. La parte frontal est\u00e1 decorada con pinos perfilados y una base ondulada. En su interior se puede insertar una vela de t\u00e9 que, al encenderse, crea un evocador juego de luces a trav\u00e9s de las ventanas y el arco central. Perfecto para embellecer aparadores, mesas o rincones acogedores durante las fiestas, aporta un toque r\u00fastico y de cuento de hadas al hogar.    <\/p>\n<ul>\n<li>Dise\u00f1o de pueblo con torres y tejado en relieve<\/li>\n<li>Metal con acabado rojo antiguo<\/li>\n<li>Calado para reflejos luminosos<\/li>\n<li>Ideal con velas de t\u00e9 o luces LED<\/li>\n<li>Colecci\u00f3n Borgo Antico Blanc MariClo&#8217;<\/li>\n<\/ul>\n<p><span style=\"color: #555555;\">\n\t<section class=\"section linkified dark\" id=\"section_100193806\">\n\t\t<div class=\"section-bg fill\" >\n\t\t\t<img loading=\"lazy\" decoding=\"async\" width=\"800\" height=\"213\" src=\"https:\/\/www.tendenzeshabbychic.it\/wp-content\/uploads\/2021\/09\/natale-hero-1-800x213.jpg\" class=\"bg attachment-medium size-medium\" alt=\"\" \/>\t\t\t\t\t\t<div class=\"section-bg-overlay absolute fill\"><\/div>\n\t\t\t\n\n\t\t<\/div>\n\n\t\t\n\n\t\t<div class=\"section-content relative\">\n\t\t\t\n\n<div class=\"row\"  id=\"row-1470046940\">\n\n\n\t<div id=\"col-385748024\" class=\"col small-12 large-12\"  >\n\t\t\t\t<div class=\"col-inner text-center\"  >\n\t\t\t\n\t\t\t\n\n<h3><span style=\"font-size: 180%;\">Navidad<\/span><\/h3>\n<p>Descubre la amplia selecci\u00f3n de productos para decorar tu hogar en Navidad.<\/p>\n<a href=\"https:\/\/www.tendenzeshabbychic.it\/es\/categoria-producto\/navidad\/\" class=\"button alert is-shade box-shadow-3 box-shadow-5-hover\" style=\"border-radius:5px;\">\n\t\t<span>haga clic aqu\u00ed<\/span>\n\t<\/a>\n\n\n\n\t\t<\/div>\n\t\t\t\t\t<\/div>\n\n\t\n\n<\/div>\n\n\t\t<\/div>\n\n\t\t\n<style>\n#section_100193806 {\n  padding-top: 12px;\n  padding-bottom: 12px;\n}\n#section_100193806 .section-bg-overlay {\n  background-color: rgba(0, 0, 0, 0.419);\n}\n#section_100193806 .section-bg img {\n  object-position: 21% 51%;\n}\n@media (min-width:550px) {\n  #section_100193806 {\n    padding-top: 57px;\n    padding-bottom: 57px;\n  }\n}\n<\/style>\n\t<\/section>\n\t<\/span><\/p>\n","protected":false},"excerpt":{"rendered":"<p>Casa escult\u00f3rica de metal rojo antiguo con doble torre y pinos decorativos. Colecci\u00f3n Borgo Antico.<br \/>\n\ud83d\udccf 21 x 33 x 18 cm<\/p>\n","protected":false},"featured_media":185806,"comment_status":"open","ping_status":"closed","template":"","meta":{"_joinchat":[]},"pwb-brand":[2076],"product_brand":[],"product_cat":[2322,2320,2371],"product_tag":[],"class_list":{"0":"post-186532","1":"product","2":"type-product","3":"status-publish","4":"has-post-thumbnail","6":"pwb-brand-blanc-mariclo-es","7":"product_cat-linternas","8":"product_cat-candelabros-y-portavelas","9":"product_cat-navidad","11":"first","12":"instock","13":"sale","14":"taxable","15":"shipping-taxable","16":"purchasable","17":"product-type-simple"},"brands":[{"id":2076,"name":"Blanc Mariclo","slug":"blanc-mariclo-es"}],"_links":{"self":[{"href":"https:\/\/www.tendenzeshabbychic.it\/es\/wp-json\/wp\/v2\/product\/186532","targetHints":{"allow":["GET"]}}],"collection":[{"href":"https:\/\/www.tendenzeshabbychic.it\/es\/wp-json\/wp\/v2\/product"}],"about":[{"href":"https:\/\/www.tendenzeshabbychic.it\/es\/wp-json\/wp\/v2\/types\/product"}],"replies":[{"embeddable":true,"href":"https:\/\/www.tendenzeshabbychic.it\/es\/wp-json\/wp\/v2\/comments?post=186532"}],"wp:featuredmedia":[{"embeddable":true,"href":"https:\/\/www.tendenzeshabbychic.it\/es\/wp-json\/wp\/v2\/media\/185806"}],"wp:attachment":[{"href":"https:\/\/www.tendenzeshabbychic.it\/es\/wp-json\/wp\/v2\/media?parent=186532"}],"wp:term":[{"taxonomy":"pwb-brand","embeddable":true,"href":"https:\/\/www.tendenzeshabbychic.it\/es\/wp-json\/wp\/v2\/pwb-brand?post=186532"},{"taxonomy":"product_brand","embeddable":true,"href":"https:\/\/www.tendenzeshabbychic.it\/es\/wp-json\/wp\/v2\/product_brand?post=186532"},{"taxonomy":"product_cat","embeddable":true,"href":"https:\/\/www.tendenzeshabbychic.it\/es\/wp-json\/wp\/v2\/product_cat?post=186532"},{"taxonomy":"product_tag","embeddable":true,"href":"https:\/\/www.tendenzeshabbychic.it\/es\/wp-json\/wp\/v2\/product_tag?post=186532"}],"curies":[{"name":"wp","href":"https:\/\/api.w.org\/{rel}","templated":true}]}}