{"id":183836,"date":"2025-10-06T00:00:01","date_gmt":"2025-10-05T22:00:01","guid":{"rendered":"https:\/\/www.tendenzeshabbychic.it\/prodotto\/mantel-de-navidad-blanc-mariclo-160x350-cm-cuento-de-navidad\/"},"modified":"2025-09-23T20:29:10","modified_gmt":"2025-09-23T19:29:10","slug":"mantel-de-navidad-blanc-mariclo-160x350-cm-cuento-de-navidad","status":"publish","type":"product","link":"https:\/\/www.tendenzeshabbychic.it\/es\/producto\/mantel-de-navidad-blanc-mariclo-160x350-cm-cuento-de-navidad\/","title":{"rendered":"Mantel de Navidad Blanc MariCl\u00f2 160&#215;350 cm Cuento de Navidad"},"content":{"rendered":"<p>El mantel <em>Cuento de Navidad<\/em> de Blanc MariCl\u00f2, en la versi\u00f3n extralarga de 350 cm, es el centro de atenci\u00f3n de las fiestas familiares. Fabricado en algod\u00f3n 100%, combina alta calidad y estilo \u00fanico. \u00bfLos protagonistas? Tiernos ratoncitos vestidos de Tartan, \u00e1rboles decorados, guirnaldas y lazos rojos sobre un elegante fondo beige. El estampado rico y sim\u00e9trico crea una mesa perfecta, haciendo que cada momento sea m\u00e1gico.    <\/p>\n<p>Dise\u00f1ado para grandes mesas o escenarios, es ideal para comidas y cenas importantes durante las fiestas.<\/p>\n<ul>\n<li>Estampado narrativo y detallado con tema navide\u00f1o de cuento de hadas<\/li>\n<li>100% algod\u00f3n: calidad, comodidad y durabilidad<\/li>\n<li>Formato maxi para mesas grandes y festivas<\/li>\n<li>Ideal para familias numerosas e impresionante mise en place<\/li>\n<li>Colecci\u00f3n Icon: <em>Cuento de Navidad<\/em> Blanc MariCl\u00f2<\/li>\n<\/ul>\n\n\t<section class=\"section linkified dark\" id=\"section_688366310\">\n\t\t<div class=\"section-bg fill\" >\n\t\t\t<img loading=\"lazy\" decoding=\"async\" width=\"800\" height=\"213\" src=\"https:\/\/www.tendenzeshabbychic.it\/wp-content\/uploads\/2021\/09\/natale-hero-1-800x213.jpg\" class=\"bg attachment-medium size-medium\" alt=\"\" \/>\t\t\t\t\t\t<div class=\"section-bg-overlay absolute fill\"><\/div>\n\t\t\t\n\n\t\t<\/div>\n\n\t\t\n\n\t\t<div class=\"section-content relative\">\n\t\t\t\n\n<div class=\"row\"  id=\"row-953869984\">\n\n\n\t<div id=\"col-902438222\" class=\"col small-12 large-12\"  >\n\t\t\t\t<div class=\"col-inner text-center\"  >\n\t\t\t\n\t\t\t\n\n<h3><span style=\"font-size: 180%;\">Navidad<\/span><\/h3>\n<p>Descubre la amplia selecci\u00f3n de productos para decorar tu hogar en Navidad.<\/p>\n<a href=\"https:\/\/www.tendenzeshabbychic.it\/es\/categoria-producto\/navidad\/\" class=\"button alert is-shade box-shadow-3 box-shadow-5-hover\" style=\"border-radius:5px;\">\n\t\t<span>haga clic aqu\u00ed<\/span>\n\t<\/a>\n\n\n\n\t\t<\/div>\n\t\t\t\t\t<\/div>\n\n\t\n\n<\/div>\n\n\t\t<\/div>\n\n\t\t\n<style>\n#section_688366310 {\n  padding-top: 12px;\n  padding-bottom: 12px;\n}\n#section_688366310 .section-bg-overlay {\n  background-color: rgba(0, 0, 0, 0.419);\n}\n#section_688366310 .section-bg img {\n  object-position: 21% 51%;\n}\n@media (min-width:550px) {\n  #section_688366310 {\n    padding-top: 57px;\n    padding-bottom: 57px;\n  }\n}\n<\/style>\n\t<\/section>\n\t\n","protected":false},"excerpt":{"rendered":"<p>Mantel navide\u00f1o de algod\u00f3n con ratones festivos, abetos y lazos rojos. Ideal para mesas grandes y esc\u00e9nicas.<br \/>\n\ud83d\udccf 160 x 350 cm<\/p>\n\n\t<section class=\"section dark\" id=\"section_1214531578\">\n\t\t<div class=\"section-bg fill\" >\n\t\t\t<img width=\"400\" height=\"400\" src=\"https:\/\/www.tendenzeshabbychic.it\/wp-content\/uploads\/2025\/05\/A38320-1-400x400.jpg\" class=\"bg attachment-medium size-medium\" alt=\"\" decoding=\"async\" loading=\"lazy\" \/>\t\t\t\t\t\t<div class=\"section-bg-overlay absolute fill\"><\/div>\n\t\t\t\n\n\t\t<\/div>\n\n\t\t\n\n\t\t<div class=\"section-content relative\">\n\t\t\t\n\n\t<div id=\"gap-280600214\" class=\"gap-element clearfix\" style=\"display:block; height:auto;\">\n\t\t\n<style>\n#gap-280600214 {\n  padding-top: 30px;\n}\n<\/style>\n\t<\/div>\n\t\n\n<div class=\"row align-center\"  id=\"row-1525816824\">\n\n\n\t<div id=\"col-162931951\" class=\"col medium-12 small-12 large-9\"  >\n\t\t\t\t<div class=\"col-inner text-center\"  >\n\t\t\t\n\t<div class=\"is-border\"\n\t\tstyle=\"border-color:rgb(255, 255, 255);border-width:4px 4px 4px 4px;\">\n\t<\/div>\n\t\t\t\n\n\t<div id=\"gap-1153680493\" class=\"gap-element clearfix\" style=\"display:block; height:auto;\">\n\t\t\n<style>\n#gap-1153680493 {\n  padding-top: 30px;\n}\n<\/style>\n\t<\/div>\n\t\n\n\t<div id=\"text-337095223\" class=\"text\">\n\t\t\n\n<h4 class=\"uppercase\">NUEVA COLECCI\u00d3N<\/h4>\n\t\t\n<style>\n#text-337095223 {\n  font-size: 1rem;\n}\n<\/style>\n\t<\/div>\n\t\n\t<div id=\"gap-869345812\" class=\"gap-element clearfix\" style=\"display:block; height:auto;\">\n\t\t\n<style>\n#gap-869345812 {\n  padding-top: 10px;\n}\n<\/style>\n\t<\/div>\n\t\n\n\t<div id=\"text-3285832014\" class=\"text\">\n\t\t\n\n<h3>CUENTO DE NAVIDAD<\/h3>\n\n\t\t\n<style>\n#text-3285832014 {\n  font-size: 2.5rem;\n  line-height: 1;\n}\n@media (min-width:550px) {\n  #text-3285832014 {\n    font-size: 4rem;\n    line-height: 0.75;\n  }\n}\n<\/style>\n\t<\/div>\n\t\n\t<div id=\"text-214256167\" class=\"text\">\n\t\t\n\n<h3 class=\"uppercase\">MARICLO BLANCO<\/h3>\n\t\t\n<style>\n#text-214256167 {\n  font-size: 1rem;\n  line-height: 0.75;\n}\n<\/style>\n\t<\/div>\n\t\n\t<div id=\"gap-67143515\" class=\"gap-element clearfix\" style=\"display:block; height:auto;\">\n\t\t\n<style>\n#gap-67143515 {\n  padding-top: 20px;\n}\n<\/style>\n\t<\/div>\n\t\n\n<a href=\"https:\/\/www.tendenzeshabbychic.it\/es\/etiqueta-producto\/favola-di-natale-blanc-mariclo-es\/\" class=\"button white\" style=\"padding:5px 20px 5px 20px;\">\n\t\t<span>TODA LA COLECCI\u00d3N \ud83d\udc2d<\/span>\n\t<\/a>\n\n\n\n\t\t<\/div>\n\t\t\t\t\n<style>\n#col-162931951 > .col-inner {\n  padding: 10% 10% 10% 10%;\n}\n<\/style>\n\t<\/div>\n\n\t\n\n<\/div>\n\n\t\t<\/div>\n\n\t\t\n<style>\n#section_1214531578 {\n  padding-top: 30px;\n  padding-bottom: 30px;\n  min-height: 400px;\n}\n#section_1214531578 .section-bg-overlay {\n  background-color: rgba(14, 0, 0, 0.43);\n}\n#section_1214531578 .section-bg img {\n  object-position: 78% 54%;\n}\n@media (min-width:550px) {\n  #section_1214531578 {\n    min-height: 600px;\n  }\n}\n@media (min-width:850px) {\n  #section_1214531578 {\n    min-height: 700px;\n  }\n}\n<\/style>\n\t<\/section>\n\t\n","protected":false},"featured_media":182889,"comment_status":"open","ping_status":"closed","template":"","meta":{"_joinchat":[]},"pwb-brand":[2076],"product_brand":[],"product_cat":[2338,2377,2371],"product_tag":[3250],"class_list":{"0":"post-183836","1":"product","2":"type-product","3":"status-publish","4":"has-post-thumbnail","6":"pwb-brand-blanc-mariclo-es","7":"product_cat-manteles","8":"product_cat-la-mesa","9":"product_cat-navidad","10":"product_tag-favola-di-natale-blanc-mariclo-es","12":"first","13":"outofstock","14":"taxable","15":"shipping-taxable","16":"purchasable","17":"product-type-simple"},"brands":[{"id":2076,"name":"Blanc Mariclo","slug":"blanc-mariclo-es"}],"_links":{"self":[{"href":"https:\/\/www.tendenzeshabbychic.it\/es\/wp-json\/wp\/v2\/product\/183836","targetHints":{"allow":["GET"]}}],"collection":[{"href":"https:\/\/www.tendenzeshabbychic.it\/es\/wp-json\/wp\/v2\/product"}],"about":[{"href":"https:\/\/www.tendenzeshabbychic.it\/es\/wp-json\/wp\/v2\/types\/product"}],"replies":[{"embeddable":true,"href":"https:\/\/www.tendenzeshabbychic.it\/es\/wp-json\/wp\/v2\/comments?post=183836"}],"wp:featuredmedia":[{"embeddable":true,"href":"https:\/\/www.tendenzeshabbychic.it\/es\/wp-json\/wp\/v2\/media\/182889"}],"wp:attachment":[{"href":"https:\/\/www.tendenzeshabbychic.it\/es\/wp-json\/wp\/v2\/media?parent=183836"}],"wp:term":[{"taxonomy":"pwb-brand","embeddable":true,"href":"https:\/\/www.tendenzeshabbychic.it\/es\/wp-json\/wp\/v2\/pwb-brand?post=183836"},{"taxonomy":"product_brand","embeddable":true,"href":"https:\/\/www.tendenzeshabbychic.it\/es\/wp-json\/wp\/v2\/product_brand?post=183836"},{"taxonomy":"product_cat","embeddable":true,"href":"https:\/\/www.tendenzeshabbychic.it\/es\/wp-json\/wp\/v2\/product_cat?post=183836"},{"taxonomy":"product_tag","embeddable":true,"href":"https:\/\/www.tendenzeshabbychic.it\/es\/wp-json\/wp\/v2\/product_tag?post=183836"}],"curies":[{"name":"wp","href":"https:\/\/api.w.org\/{rel}","templated":true}]}}