{"id":178289,"date":"2025-03-24T11:18:56","date_gmt":"2025-03-24T10:18:56","guid":{"rendered":"https:\/\/www.tendenzeshabbychic.it\/prodotto\/mantel-de-jardin-resinado-con-fondo-cielo-y-volante-marfil\/"},"modified":"2022-04-14T11:18:56","modified_gmt":"2022-04-14T10:18:56","slug":"mantel-de-jardin-resinado-con-fondo-cielo-y-volante-marfil","status":"publish","type":"product","link":"https:\/\/www.tendenzeshabbychic.it\/es\/producto\/mantel-de-jardin-resinado-con-fondo-cielo-y-volante-marfil\/","title":{"rendered":"Mantel de jard\u00edn resinado con fondo cielo y volante marfil"},"content":{"rendered":"<ul>\n<li><strong>material:<\/strong> 80% algod\u00f3n &#8211; 20% poliresina<\/li>\n<\/ul>\n","protected":false},"excerpt":{"rendered":"<p><strong>DIMENSIONES:<\/strong> 155 x 220 cm para 8 asientos de mesa<\/p>\n<p><strong>DIMENSIONES:<\/strong> 155&#215;270 cm para asientos de mesa 12\/16<\/p>\n<p><strong>DIMENSIONES: <\/strong>155&#215;360 cm para 16\/22 puestos de mesa<\/p>\n<p>Mantel de resina de algod\u00f3n con motivos florales Motivo de <em>jard\u00edn<\/em> con fondo azul cielo y volante marfil. Gracias al tratamiento de resina antimanchas, la limpieza es muy sencilla, de hecho puedes lavarlo con un pa\u00f1o h\u00famedo y las manchas desaparecer\u00e1n inmediatamente. Producto hecho a mano <strong>Made in Italy<\/strong> .<\/p>\n<p><iframe loading=\"lazy\" title=\"YouTube video player\" src=\"https:\/\/www.youtube.com\/embed\/UyhIJ7jDFxA\" width=\"540\" height=\"960\" frameborder=\"0\" allowfullscreen=\"allowfullscreen\"><\/iframe><\/p>\n","protected":false},"featured_media":87183,"comment_status":"open","ping_status":"closed","template":"","meta":{"_joinchat":[]},"pwb-brand":[2086],"product_brand":[],"product_cat":[2338],"product_tag":[2845,2280,2259],"class_list":{"0":"post-178289","1":"product","2":"type-product","3":"status-publish","4":"has-post-thumbnail","6":"pwb-brand-latelier-17","7":"product_cat-manteles","8":"product_tag-comedor","9":"product_tag-hecho-a-mano","10":"product_tag-made-in-italy-es","12":"first","13":"outofstock","14":"taxable","15":"shipping-taxable","16":"purchasable","17":"product-type-variable"},"brands":[{"id":2086,"name":"L'Atelier 17","slug":"latelier-17"}],"_links":{"self":[{"href":"https:\/\/www.tendenzeshabbychic.it\/es\/wp-json\/wp\/v2\/product\/178289","targetHints":{"allow":["GET"]}}],"collection":[{"href":"https:\/\/www.tendenzeshabbychic.it\/es\/wp-json\/wp\/v2\/product"}],"about":[{"href":"https:\/\/www.tendenzeshabbychic.it\/es\/wp-json\/wp\/v2\/types\/product"}],"replies":[{"embeddable":true,"href":"https:\/\/www.tendenzeshabbychic.it\/es\/wp-json\/wp\/v2\/comments?post=178289"}],"wp:featuredmedia":[{"embeddable":true,"href":"https:\/\/www.tendenzeshabbychic.it\/es\/wp-json\/wp\/v2\/media\/87183"}],"wp:attachment":[{"href":"https:\/\/www.tendenzeshabbychic.it\/es\/wp-json\/wp\/v2\/media?parent=178289"}],"wp:term":[{"taxonomy":"pwb-brand","embeddable":true,"href":"https:\/\/www.tendenzeshabbychic.it\/es\/wp-json\/wp\/v2\/pwb-brand?post=178289"},{"taxonomy":"product_brand","embeddable":true,"href":"https:\/\/www.tendenzeshabbychic.it\/es\/wp-json\/wp\/v2\/product_brand?post=178289"},{"taxonomy":"product_cat","embeddable":true,"href":"https:\/\/www.tendenzeshabbychic.it\/es\/wp-json\/wp\/v2\/product_cat?post=178289"},{"taxonomy":"product_tag","embeddable":true,"href":"https:\/\/www.tendenzeshabbychic.it\/es\/wp-json\/wp\/v2\/product_tag?post=178289"}],"curies":[{"name":"wp","href":"https:\/\/api.w.org\/{rel}","templated":true}]}}