{"id":177340,"date":"2025-03-11T13:00:38","date_gmt":"2025-03-11T12:00:38","guid":{"rendered":"https:\/\/www.tendenzeshabbychic.it\/prodotto\/pareja-de-cestas-de-mimbre-con-asa-nuvole-di-stoffa\/"},"modified":"2025-03-11T13:00:38","modified_gmt":"2025-03-11T12:00:38","slug":"pareja-de-cestas-de-mimbre-con-asa-nuvole-di-stoffa","status":"publish","type":"product","link":"https:\/\/www.tendenzeshabbychic.it\/es\/producto\/pareja-de-cestas-de-mimbre-con-asa-nuvole-di-stoffa\/","title":{"rendered":"Pareja de cestas de mimbre con asa &#8211; Nuvole di Stoffa"},"content":{"rendered":"<p>El <strong>par de cestas de mimbre<\/strong> con asas de la colecci\u00f3n <strong>Nuvole di Stoffa<\/strong> es un elegante complemento para cualquier espacio r\u00fastico y Shabby Chic. Hechas a mano con mimbre tejido, ofrecen un aspecto natural y aut\u00e9ntico, enriqueciendo cada rinc\u00f3n del hogar con un toque de calidez y funcionalidad. <\/p>\n<p>Las cestas se prestan a <strong>muchos usos<\/strong>:<\/p>\n<ul>\n<li>Frutero para una mesa r\u00fastica y acogedora.<\/li>\n<li>Contenedor para accesorios decorativos, plantas o flores secas.<\/li>\n<li>Perfecto como elemento decorativo para picnics o arreglos de temporada.<\/li>\n<\/ul>\n<p>La robustez del mango las hace f\u00e1cilmente transportables y pr\u00e1cticas, al tiempo que mantienen su <strong>dise\u00f1o natural y elegante.<\/strong> La fabricaci\u00f3n artesanal garantiza un producto de calidad, \u00fanico y duradero. <\/p>\n<p><strong>Principales caracter\u00edsticas:<\/strong><\/p>\n<ul>\n<li>De mimbre natural.<\/li>\n<li><strong>Dos tama\u00f1os<\/strong> perfectos para cada necesidad.<\/li>\n<li>Estilo vers\u00e1til: adecuado para muebles r\u00fasticos, shabby y Country Chic.<\/li>\n<li>Duradera y f\u00e1cil de transportar gracias a las pr\u00e1cticas asas.<\/li>\n<li>Ideal para decoraciones de temporada o como accesorio de decoraci\u00f3n.<\/li>\n<\/ul>\n","protected":false},"excerpt":{"rendered":"<p>Este par de <strong>cestas de mimbre<\/strong> con asas combina estilo y practicidad, perfectas para completar una decoraci\u00f3n Shabby Chic. Hechas de mimbre natural, son ideales para organizar el hogar o como centros de mesa decorativos. <\/p>\n<p>\ud83d\udccf <strong>Dimensiones:<\/strong><\/p>\n<ul>\n<li>Cesta grande: <strong>27x27x34,5 cm<\/strong><\/li>\n<li>Cesta peque\u00f1a: <strong>24x24x31,5 cm<\/strong><\/li>\n<\/ul>\n","protected":false},"featured_media":165731,"comment_status":"open","ping_status":"closed","template":"","meta":{"_joinchat":[]},"pwb-brand":[2090],"product_brand":[],"product_cat":[2360,2396],"product_tag":[2809,2941,2818,3286],"class_list":{"0":"post-177340","1":"product","2":"type-product","3":"status-publish","4":"has-post-thumbnail","6":"pwb-brand-nuvole-di-stoffa-es","7":"product_cat-bandejas","8":"product_cat-objetos","9":"product_tag-cesta","10":"product_tag-jardin-es","11":"product_tag-mimbre-y-ratan","12":"product_tag-ventas","14":"first","15":"outofstock","16":"sale","17":"taxable","18":"shipping-taxable","19":"purchasable","20":"product-type-simple"},"brands":[{"id":2090,"name":"Nuvole di Stoffa","slug":"nuvole-di-stoffa-es"}],"_links":{"self":[{"href":"https:\/\/www.tendenzeshabbychic.it\/es\/wp-json\/wp\/v2\/product\/177340","targetHints":{"allow":["GET"]}}],"collection":[{"href":"https:\/\/www.tendenzeshabbychic.it\/es\/wp-json\/wp\/v2\/product"}],"about":[{"href":"https:\/\/www.tendenzeshabbychic.it\/es\/wp-json\/wp\/v2\/types\/product"}],"replies":[{"embeddable":true,"href":"https:\/\/www.tendenzeshabbychic.it\/es\/wp-json\/wp\/v2\/comments?post=177340"}],"wp:featuredmedia":[{"embeddable":true,"href":"https:\/\/www.tendenzeshabbychic.it\/es\/wp-json\/wp\/v2\/media\/165731"}],"wp:attachment":[{"href":"https:\/\/www.tendenzeshabbychic.it\/es\/wp-json\/wp\/v2\/media?parent=177340"}],"wp:term":[{"taxonomy":"pwb-brand","embeddable":true,"href":"https:\/\/www.tendenzeshabbychic.it\/es\/wp-json\/wp\/v2\/pwb-brand?post=177340"},{"taxonomy":"product_brand","embeddable":true,"href":"https:\/\/www.tendenzeshabbychic.it\/es\/wp-json\/wp\/v2\/product_brand?post=177340"},{"taxonomy":"product_cat","embeddable":true,"href":"https:\/\/www.tendenzeshabbychic.it\/es\/wp-json\/wp\/v2\/product_cat?post=177340"},{"taxonomy":"product_tag","embeddable":true,"href":"https:\/\/www.tendenzeshabbychic.it\/es\/wp-json\/wp\/v2\/product_tag?post=177340"}],"curies":[{"name":"wp","href":"https:\/\/api.w.org\/{rel}","templated":true}]}}