{"id":174923,"date":"2026-01-27T07:02:21","date_gmt":"2026-01-27T06:02:21","guid":{"rendered":"https:\/\/www.tendenzeshabbychic.it\/prodotto\/nuvole-di-stoffa-tabla-de-cortar-home-sweet-home-35x13-cm\/"},"modified":"2024-12-20T10:45:21","modified_gmt":"2024-12-20T09:45:21","slug":"nuvole-di-stoffa-tabla-de-cortar-home-sweet-home-35x13-cm","status":"publish","type":"product","link":"https:\/\/www.tendenzeshabbychic.it\/es\/producto\/nuvole-di-stoffa-tabla-de-cortar-home-sweet-home-35x13-cm\/","title":{"rendered":"Nuvole di Stoffa Tabla de cortar Home Sweet Home 35&#215;13 cm"},"content":{"rendered":"<p>My Home Nuvole di Stoffa Esta refinada tabla de cortar de la colecci\u00f3n by est\u00e1 hecha de fina madera de acacia, conocida por su hermoso veteado natural y su durabilidad. Decorada con el grabado \u00abHogar, dulce hogar\u00bb, combina practicidad y estilo, lo que la convierte en un accesorio perfecto para tu cocina o en un regalo especial. <\/p>\n<p>El pr\u00e1ctico cord\u00f3n de yute te permite colgarlo para una decoraci\u00f3n \u00fanica o para tenerlo siempre a mano. Ideal para servir aperitivos, quesos o bocadillos, o simplemente como elemento decorativo para una casa de estilo acogedor y Shabby Chic. <\/p>\n<p><strong>Detalles de producto:<\/strong><\/p>\n<ul>\n<li>\ud83d\udccf Dimensiones: 35 x 13 x 1 cm<\/li>\n<li>\ud83c\udf33 Material: madera de acacia resistente y duradera<\/li>\n<li>\ud83d\udd8b Dise\u00f1o: Grabado &#8216;Hogar dulce hogar&#8217; con un toque r\u00fastico<\/li>\n<li>\ud83e\uddf5 Accesorio: cuerda de yute para colgar<\/li>\n<\/ul>\n<p>Un complemento vers\u00e1til que realza cualquier cocina y hace que cada momento sea especial. Tambi\u00e9n es perfecto como idea de regalo para los amantes de la aut\u00e9ntica belleza de los materiales naturales. <\/p>\n","protected":false},"excerpt":{"rendered":"<p>Tabla de cortar de madera de acacia con grabado \u00abHogar, dulce hogar\u00bb y cuerda de yute para colgar. Perfecta para decorar y servir. <\/p>\n<p>\ud83d\udccf 35 x 13 x 1 cm.<\/p>\n","protected":false},"featured_media":166487,"comment_status":"open","ping_status":"closed","template":"","meta":{"_joinchat":[]},"pwb-brand":[2090],"product_brand":[],"product_cat":[2382,2360,2324],"product_tag":[2188,3286],"class_list":{"0":"post-174923","1":"product","2":"type-product","3":"status-publish","4":"has-post-thumbnail","6":"pwb-brand-nuvole-di-stoffa-es","7":"product_cat-accesorios-de-cocina","8":"product_cat-bandejas","9":"product_cat-cocina","10":"product_tag-my-home-es","11":"product_tag-ventas","13":"first","14":"instock","15":"sale","16":"taxable","17":"shipping-taxable","18":"purchasable","19":"product-type-simple"},"brands":[{"id":2090,"name":"Nuvole di Stoffa","slug":"nuvole-di-stoffa-es"}],"_links":{"self":[{"href":"https:\/\/www.tendenzeshabbychic.it\/es\/wp-json\/wp\/v2\/product\/174923","targetHints":{"allow":["GET"]}}],"collection":[{"href":"https:\/\/www.tendenzeshabbychic.it\/es\/wp-json\/wp\/v2\/product"}],"about":[{"href":"https:\/\/www.tendenzeshabbychic.it\/es\/wp-json\/wp\/v2\/types\/product"}],"replies":[{"embeddable":true,"href":"https:\/\/www.tendenzeshabbychic.it\/es\/wp-json\/wp\/v2\/comments?post=174923"}],"wp:featuredmedia":[{"embeddable":true,"href":"https:\/\/www.tendenzeshabbychic.it\/es\/wp-json\/wp\/v2\/media\/166487"}],"wp:attachment":[{"href":"https:\/\/www.tendenzeshabbychic.it\/es\/wp-json\/wp\/v2\/media?parent=174923"}],"wp:term":[{"taxonomy":"pwb-brand","embeddable":true,"href":"https:\/\/www.tendenzeshabbychic.it\/es\/wp-json\/wp\/v2\/pwb-brand?post=174923"},{"taxonomy":"product_brand","embeddable":true,"href":"https:\/\/www.tendenzeshabbychic.it\/es\/wp-json\/wp\/v2\/product_brand?post=174923"},{"taxonomy":"product_cat","embeddable":true,"href":"https:\/\/www.tendenzeshabbychic.it\/es\/wp-json\/wp\/v2\/product_cat?post=174923"},{"taxonomy":"product_tag","embeddable":true,"href":"https:\/\/www.tendenzeshabbychic.it\/es\/wp-json\/wp\/v2\/product_tag?post=174923"}],"curies":[{"name":"wp","href":"https:\/\/api.w.org\/{rel}","templated":true}]}}