{"id":174905,"date":"2025-02-10T18:52:28","date_gmt":"2025-02-10T17:52:28","guid":{"rendered":"https:\/\/www.tendenzeshabbychic.it\/prodotto\/nuvole-di-stoffa-demetra-tazon-verde-claro\/"},"modified":"2026-04-18T12:44:37","modified_gmt":"2026-04-18T10:44:37","slug":"nuvole-di-stoffa-demetra-tazon-verde-claro","status":"publish","type":"product","link":"https:\/\/www.tendenzeshabbychic.it\/es\/producto\/nuvole-di-stoffa-demetra-tazon-verde-claro\/","title":{"rendered":"Nuvole di Stoffa Demetra Taz\u00f3n Verde claro"},"content":{"rendered":"<p>S<strong>encillez refinada para cualquier ambiente<\/strong> Fabricado por la marca<strong>Nuvole di Stoffa<\/strong>este cuenco combina funcionalidad y belleza, perfecto para desayunar, servir postres o como detalle decorativo. El material cer\u00e1mico de alta calidad garantiza durabilidad y un toque refinado. El tono verde claro combina f\u00e1cilmente con cualquier mise en place, lo que lo convierte en un elemento vers\u00e1til y sofisticado.  <\/p>\n<p><strong>Principales caracter\u00edsticas:<\/strong><\/p>\n<ul>\n<li><strong>Material duradero:<\/strong> cer\u00e1mica de alta calidad.<\/li>\n<li><strong>Dise\u00f1o distintivo:<\/strong> Borde estriado.<\/li>\n<li><strong>Color vers\u00e1til:<\/strong> verde claro, perfecto para cualquier estilo de decoraci\u00f3n.<\/li>\n<li><strong>Uso pr\u00e1ctico y decorativo:<\/strong> Adecuado para servir comida o como complemento decorativo.<\/li>\n<li><strong>Acabado mate:<\/strong> elegancia contempor\u00e1nea para cualquier ocasi\u00f3n.<\/li>\n<\/ul>\n","protected":false},"excerpt":{"rendered":"<p><strong>\u00a1Elegancia atemporal para tu mesa!<\/strong><br \/>\nDemetra El cuenco en verde claro presenta un dise\u00f1o minimalista con delicados surcos a lo largo del borde exterior, que a\u00f1aden profundidad y estilo. El color verde claro mate es perfecto para ambientes shabby chic y modernos, enriqueciendo cualquier ocasi\u00f3n con un toque encantador.<br \/>\n\ud83d\udccf <strong>Dimensiones:<\/strong> 13,4 x 6 x 6,7 cm <\/p>\n<p><strong>Un complemento elegante y pr\u00e1ctico para tu mesa. Nuvole di Stoffa \u00a1Descubre la calidad firmada ! <\/strong><\/p>\n","protected":false},"featured_media":164412,"comment_status":"open","ping_status":"closed","template":"","meta":{"_joinchat":[]},"pwb-brand":[1563],"product_brand":[],"product_cat":[2938,2360,2944],"product_tag":[2916,1377,3285],"class_list":{"0":"post-174905","1":"product","2":"type-product","3":"status-publish","4":"has-post-thumbnail","6":"pwb-brand-nuvole-di-stoffa-fr","7":"product_cat-jarras-y-garrafas","8":"product_cat-bandejas","9":"product_cat-vajilla","10":"product_tag-ceramique-et-porcelaine","11":"product_tag-demetra-fr","12":"product_tag-ventes","14":"first","15":"instock","16":"sale","17":"taxable","18":"shipping-taxable","19":"purchasable","20":"product-type-simple"},"brands":[{"id":2090,"name":"Nuvole di Stoffa","slug":"nuvole-di-stoffa-es"}],"_links":{"self":[{"href":"https:\/\/www.tendenzeshabbychic.it\/es\/wp-json\/wp\/v2\/product\/174905","targetHints":{"allow":["GET"]}}],"collection":[{"href":"https:\/\/www.tendenzeshabbychic.it\/es\/wp-json\/wp\/v2\/product"}],"about":[{"href":"https:\/\/www.tendenzeshabbychic.it\/es\/wp-json\/wp\/v2\/types\/product"}],"replies":[{"embeddable":true,"href":"https:\/\/www.tendenzeshabbychic.it\/es\/wp-json\/wp\/v2\/comments?post=174905"}],"wp:featuredmedia":[{"embeddable":true,"href":"https:\/\/www.tendenzeshabbychic.it\/es\/wp-json\/wp\/v2\/media\/164412"}],"wp:attachment":[{"href":"https:\/\/www.tendenzeshabbychic.it\/es\/wp-json\/wp\/v2\/media?parent=174905"}],"wp:term":[{"taxonomy":"pwb-brand","embeddable":true,"href":"https:\/\/www.tendenzeshabbychic.it\/es\/wp-json\/wp\/v2\/pwb-brand?post=174905"},{"taxonomy":"product_brand","embeddable":true,"href":"https:\/\/www.tendenzeshabbychic.it\/es\/wp-json\/wp\/v2\/product_brand?post=174905"},{"taxonomy":"product_cat","embeddable":true,"href":"https:\/\/www.tendenzeshabbychic.it\/es\/wp-json\/wp\/v2\/product_cat?post=174905"},{"taxonomy":"product_tag","embeddable":true,"href":"https:\/\/www.tendenzeshabbychic.it\/es\/wp-json\/wp\/v2\/product_tag?post=174905"}],"curies":[{"name":"wp","href":"https:\/\/api.w.org\/{rel}","templated":true}]}}