{"id":174738,"date":"2025-02-13T13:00:39","date_gmt":"2025-02-13T12:00:39","guid":{"rendered":"https:\/\/www.tendenzeshabbychic.it\/prodotto\/nuvole-di-stoffa-ambientador-fragancia-wild-musk-100-ml\/"},"modified":"2024-12-16T10:36:39","modified_gmt":"2024-12-16T09:36:39","slug":"nuvole-di-stoffa-ambientador-fragancia-wild-musk-100-ml","status":"publish","type":"product","link":"https:\/\/www.tendenzeshabbychic.it\/es\/producto\/nuvole-di-stoffa-ambientador-fragancia-wild-musk-100-ml\/","title":{"rendered":"Nuvole di Stoffa Ambientador Fragancia Wild Musk \u2013 100 ml"},"content":{"rendered":"<p>Dale a tus habitaciones un ambiente acogedor y sofisticado con el difusor de fragancias <em>Wild Musk<\/em> de Nuvole di Stoffa . Este elegante difusor destaca por su dise\u00f1o refinado: una botella de vidrio esmerilado con un tap\u00f3n de cer\u00e1mica blanca, adornado con un delicado lazo verde. La caja a juego con un motivo geom\u00e9trico verde completa el paquete, convirti\u00e9ndolo tambi\u00e9n en una gran idea para regalar.  <\/p>\n<p>Perfecto para a\u00f1adir un toque de lujo y serenidad a su hogar, combina maravillosamente con ambientes shabby chic, cl\u00e1sicos o modernos.<\/p>\n<p><strong>Fortalezas:<\/strong><\/p>\n<ul>\n<li>Elegante dise\u00f1o con tap\u00f3n de cer\u00e1mica blanca y lazo decorativo.<\/li>\n<li>Fragancia envolvente y refinada con notas florales y amaderadas.<\/li>\n<li>Botella decorativa adecuada para cualquier ambiente del hogar.<\/li>\n<li>Perfecto como idea de regalo gracias a su elegante embalaje.<\/li>\n<li>Tama\u00f1o compacto y capacidad de 100ml, ideal para cualquier espacio.<\/li>\n<\/ul>\n","protected":false},"excerpt":{"rendered":"<p>La fragancia de ambiente <em>Wild Musk<\/em> es una soluci\u00f3n elegante para perfumar tus espacios con una fascinante mezcla de flores y maderas. La botella de vidrio esmerilado con tap\u00f3n de cer\u00e1mica y lazo verde le da un toque refinado y decorativo.<br \/>\n \ud83d\udccf <strong>Dimensiones:<\/strong> 5,4 x 5,4 x 16,8 cm \u2013 100 ml <\/p>\n<p>La fragancia <em>Wild Musk<\/em> es una composici\u00f3n equilibrada y envolvente:<\/p>\n<ul>\n<li><strong>Notas de salida:<\/strong> jazm\u00edn, coco, flor de naranja y romero.<\/li>\n<li><strong>Notas de coraz\u00f3n:<\/strong> s\u00e1ndalo, clavo, rosa y almizcle.<\/li>\n<li><strong>Notas de fondo:<\/strong> ylang-ylang y fresia, para un final delicado y persistente.<\/li>\n<\/ul>\n","protected":false},"featured_media":165779,"comment_status":"open","ping_status":"closed","template":"","meta":{"_joinchat":[]},"pwb-brand":[2090],"product_brand":[],"product_cat":[2365,2344],"product_tag":[3246,2283,3286],"class_list":{"0":"post-174738","1":"product","2":"type-product","3":"status-publish","4":"has-post-thumbnail","6":"pwb-brand-nuvole-di-stoffa-es","7":"product_cat-spray-es","8":"product_cat-perfumistas","9":"product_tag-dia-de-la-madre","10":"product_tag-idea-de-regalo","11":"product_tag-ventas","13":"first","14":"instock","15":"sale","16":"taxable","17":"shipping-taxable","18":"purchasable","19":"product-type-simple"},"brands":[{"id":2090,"name":"Nuvole di Stoffa","slug":"nuvole-di-stoffa-es"}],"_links":{"self":[{"href":"https:\/\/www.tendenzeshabbychic.it\/es\/wp-json\/wp\/v2\/product\/174738","targetHints":{"allow":["GET"]}}],"collection":[{"href":"https:\/\/www.tendenzeshabbychic.it\/es\/wp-json\/wp\/v2\/product"}],"about":[{"href":"https:\/\/www.tendenzeshabbychic.it\/es\/wp-json\/wp\/v2\/types\/product"}],"replies":[{"embeddable":true,"href":"https:\/\/www.tendenzeshabbychic.it\/es\/wp-json\/wp\/v2\/comments?post=174738"}],"wp:featuredmedia":[{"embeddable":true,"href":"https:\/\/www.tendenzeshabbychic.it\/es\/wp-json\/wp\/v2\/media\/165779"}],"wp:attachment":[{"href":"https:\/\/www.tendenzeshabbychic.it\/es\/wp-json\/wp\/v2\/media?parent=174738"}],"wp:term":[{"taxonomy":"pwb-brand","embeddable":true,"href":"https:\/\/www.tendenzeshabbychic.it\/es\/wp-json\/wp\/v2\/pwb-brand?post=174738"},{"taxonomy":"product_brand","embeddable":true,"href":"https:\/\/www.tendenzeshabbychic.it\/es\/wp-json\/wp\/v2\/product_brand?post=174738"},{"taxonomy":"product_cat","embeddable":true,"href":"https:\/\/www.tendenzeshabbychic.it\/es\/wp-json\/wp\/v2\/product_cat?post=174738"},{"taxonomy":"product_tag","embeddable":true,"href":"https:\/\/www.tendenzeshabbychic.it\/es\/wp-json\/wp\/v2\/product_tag?post=174738"}],"curies":[{"name":"wp","href":"https:\/\/api.w.org\/{rel}","templated":true}]}}