{"id":174737,"date":"2025-02-13T13:00:10","date_gmt":"2025-02-13T12:00:10","guid":{"rendered":"https:\/\/www.tendenzeshabbychic.it\/prodotto\/nuvole-di-stoffa-ambientador-fragancia-lino-calido-100-ml\/"},"modified":"2024-12-16T09:39:10","modified_gmt":"2024-12-16T08:39:10","slug":"nuvole-di-stoffa-ambientador-fragancia-lino-calido-100-ml","status":"publish","type":"product","link":"https:\/\/www.tendenzeshabbychic.it\/es\/producto\/nuvole-di-stoffa-ambientador-fragancia-lino-calido-100-ml\/","title":{"rendered":"Nuvole di Stoffa Ambientador Fragancia lino c\u00e1lido \u2013 100 ml"},"content":{"rendered":"<p>Lleva la sensaci\u00f3n de suave frescor a tu hogar con la fragancia de ambiente <em>Warm Linen<\/em> de Nuvole di Stoffa . Su delicado dise\u00f1o, con frasco de sat\u00e9n, tap\u00f3n de cer\u00e1mica y lazo beige rosado, lo convierte no s\u00f3lo en un difusor de fragancias sino tambi\u00e9n en un refinado elemento decorativo. Su packaging a juego, con tonos beige y un sencillo estampado geom\u00e9trico, lo convierte en una gran idea para regalar.  <\/p>\n<p>Perfecto para crear un ambiente sereno en salones, dormitorios y espacios de relax. Combina maravillosamente con muebles elegantes y shabby chic. <\/p>\n<p><strong>Fortalezas:<\/strong><\/p>\n<ul>\n<li>Dise\u00f1o sofisticado con tap\u00f3n de cer\u00e1mica y lazo beige rosado.<\/li>\n<li>Fragancia fresca y envolvente con notas florales y almizcladas.<\/li>\n<li>Embalaje elegante, ideal para regalo.<\/li>\n<li>C\u00f3modo tama\u00f1o de 100 ml, perfecto para cualquier entorno dom\u00e9stico.<\/li>\n<li>Elemento decorativo refinado para hogares de estilo shabby chic.<\/li>\n<\/ul>\n","protected":false},"excerpt":{"rendered":"<p>La fragancia de ambiente <em>Warm Linen<\/em> es la elecci\u00f3n perfecta para un ambiente acogedor y sereno. Con su elegante frasco de sat\u00e9n, tap\u00f3n de cer\u00e1mica y lazo beige rosado, a\u00f1ade un toque refinado a cualquier ambiente.<br \/>\n \ud83d\udccf <strong>Dimensiones:<\/strong> 5,4 x 5,4 x 16,8 cm \u2013 100 ml <\/p>\n<p>La fragancia <em>Warm Linen<\/em> libera una fragancia acogedora y equilibrada:<\/p>\n<ul>\n<li><strong>Notas de salida:<\/strong> floral, afrutado con grosella negra y lim\u00f3n para una frescura chispeante.<\/li>\n<li><strong>Notas de coraz\u00f3n:<\/strong> rosa, magnolia y musgo de roble para un coraz\u00f3n delicado y envolvente.<\/li>\n<li><strong>Notas de fondo:<\/strong> \u00e1mbar y almizcle, que dan calidez y persistencia a la fragancia.<\/li>\n<\/ul>\n","protected":false},"featured_media":165788,"comment_status":"open","ping_status":"closed","template":"","meta":{"_joinchat":[]},"pwb-brand":[2090],"product_brand":[],"product_cat":[2365,2344],"product_tag":[3246,2283,3286],"class_list":{"0":"post-174737","1":"product","2":"type-product","3":"status-publish","4":"has-post-thumbnail","6":"pwb-brand-nuvole-di-stoffa-es","7":"product_cat-spray-es","8":"product_cat-perfumistas","9":"product_tag-dia-de-la-madre","10":"product_tag-idea-de-regalo","11":"product_tag-ventas","13":"first","14":"instock","15":"sale","16":"taxable","17":"shipping-taxable","18":"purchasable","19":"product-type-simple"},"brands":[{"id":2090,"name":"Nuvole di Stoffa","slug":"nuvole-di-stoffa-es"}],"_links":{"self":[{"href":"https:\/\/www.tendenzeshabbychic.it\/es\/wp-json\/wp\/v2\/product\/174737","targetHints":{"allow":["GET"]}}],"collection":[{"href":"https:\/\/www.tendenzeshabbychic.it\/es\/wp-json\/wp\/v2\/product"}],"about":[{"href":"https:\/\/www.tendenzeshabbychic.it\/es\/wp-json\/wp\/v2\/types\/product"}],"replies":[{"embeddable":true,"href":"https:\/\/www.tendenzeshabbychic.it\/es\/wp-json\/wp\/v2\/comments?post=174737"}],"wp:featuredmedia":[{"embeddable":true,"href":"https:\/\/www.tendenzeshabbychic.it\/es\/wp-json\/wp\/v2\/media\/165788"}],"wp:attachment":[{"href":"https:\/\/www.tendenzeshabbychic.it\/es\/wp-json\/wp\/v2\/media?parent=174737"}],"wp:term":[{"taxonomy":"pwb-brand","embeddable":true,"href":"https:\/\/www.tendenzeshabbychic.it\/es\/wp-json\/wp\/v2\/pwb-brand?post=174737"},{"taxonomy":"product_brand","embeddable":true,"href":"https:\/\/www.tendenzeshabbychic.it\/es\/wp-json\/wp\/v2\/product_brand?post=174737"},{"taxonomy":"product_cat","embeddable":true,"href":"https:\/\/www.tendenzeshabbychic.it\/es\/wp-json\/wp\/v2\/product_cat?post=174737"},{"taxonomy":"product_tag","embeddable":true,"href":"https:\/\/www.tendenzeshabbychic.it\/es\/wp-json\/wp\/v2\/product_tag?post=174737"}],"curies":[{"name":"wp","href":"https:\/\/api.w.org\/{rel}","templated":true}]}}