{"id":174490,"date":"2025-02-10T16:22:27","date_gmt":"2025-02-10T15:22:27","guid":{"rendered":"https:\/\/www.tendenzeshabbychic.it\/prodotto\/taza-de-porcelana-con-forma-de-corazon-rosa-nuvole-di-stoffa\/"},"modified":"2024-12-14T10:23:27","modified_gmt":"2024-12-14T09:23:27","slug":"taza-de-porcelana-con-forma-de-corazon-rosa-nuvole-di-stoffa","status":"publish","type":"product","link":"https:\/\/www.tendenzeshabbychic.it\/es\/producto\/taza-de-porcelana-con-forma-de-corazon-rosa-nuvole-di-stoffa\/","title":{"rendered":"Taza de porcelana con forma de coraz\u00f3n rosa &#8211; Nuvole di Stoffa"},"content":{"rendered":"<p>La taza de coraz\u00f3n rosa de Nuvole di Stoffa es la combinaci\u00f3n perfecta de sencillez y romanticismo. Fabricada en porcelana de alta calidad, esta taza destaca por su l\u00ednea esencial adornada con un coraz\u00f3n en relieve que le da un toque de dulzura al dise\u00f1o. <\/p>\n<p>Ideal para el desayuno o para sus pausas relajantes con t\u00e9, infusiones o caf\u00e9 con leche, esta taza se adapta f\u00e1cilmente a cualquier estilo de decoraci\u00f3n, desde el moderno al shabby chic. Gracias a su discreta elegancia, tambi\u00e9n es una espl\u00e9ndida idea de regalo para ocasiones especiales. <\/p>\n<p><strong>Principales caracter\u00edsticas:<\/strong><\/p>\n<ul>\n<li>Material: Porcelana de alta calidad.<\/li>\n<li>Coraz\u00f3n en relieve para un dise\u00f1o rom\u00e1ntico.<\/li>\n<li>Ideal para bebidas calientes como t\u00e9, infusiones o caf\u00e9 con leche.<\/li>\n<li>Durable y f\u00e1cil de limpiar, apto para lavavajillas.<\/li>\n<li>Perfecto para el uso diario o como un regalo elegante.<\/li>\n<\/ul>\n<p>Un accesorio imprescindible para quienes aman los detalles refinados y la comodidad diaria.<\/p>\n","protected":false},"excerpt":{"rendered":"<p>Elegante taza de porcelana rosa con coraz\u00f3n en relieve. Un accesorio refinado y vers\u00e1til, ideal para infusiones o caf\u00e9s con leche. <\/p>\n<p>\ud83d\udccf : 9,5 x 5,4 cm.<\/p>\n","protected":false},"featured_media":165006,"comment_status":"open","ping_status":"closed","template":"","meta":{"_joinchat":[]},"pwb-brand":[2090],"product_brand":[],"product_cat":[2352,2944],"product_tag":[2917,3246],"class_list":{"0":"post-174490","1":"product","2":"type-product","3":"status-publish","4":"has-post-thumbnail","6":"pwb-brand-nuvole-di-stoffa-es","7":"product_cat-tazas","8":"product_cat-vajilla","9":"product_tag-ceramica-y-porcelana","10":"product_tag-dia-de-la-madre","11":"pa_colore-rosa-es","13":"first","14":"outofstock","15":"taxable","16":"shipping-taxable","17":"purchasable","18":"product-type-simple"},"brands":[{"id":2090,"name":"Nuvole di Stoffa","slug":"nuvole-di-stoffa-es"}],"_links":{"self":[{"href":"https:\/\/www.tendenzeshabbychic.it\/es\/wp-json\/wp\/v2\/product\/174490","targetHints":{"allow":["GET"]}}],"collection":[{"href":"https:\/\/www.tendenzeshabbychic.it\/es\/wp-json\/wp\/v2\/product"}],"about":[{"href":"https:\/\/www.tendenzeshabbychic.it\/es\/wp-json\/wp\/v2\/types\/product"}],"replies":[{"embeddable":true,"href":"https:\/\/www.tendenzeshabbychic.it\/es\/wp-json\/wp\/v2\/comments?post=174490"}],"wp:featuredmedia":[{"embeddable":true,"href":"https:\/\/www.tendenzeshabbychic.it\/es\/wp-json\/wp\/v2\/media\/165006"}],"wp:attachment":[{"href":"https:\/\/www.tendenzeshabbychic.it\/es\/wp-json\/wp\/v2\/media?parent=174490"}],"wp:term":[{"taxonomy":"pwb-brand","embeddable":true,"href":"https:\/\/www.tendenzeshabbychic.it\/es\/wp-json\/wp\/v2\/pwb-brand?post=174490"},{"taxonomy":"product_brand","embeddable":true,"href":"https:\/\/www.tendenzeshabbychic.it\/es\/wp-json\/wp\/v2\/product_brand?post=174490"},{"taxonomy":"product_cat","embeddable":true,"href":"https:\/\/www.tendenzeshabbychic.it\/es\/wp-json\/wp\/v2\/product_cat?post=174490"},{"taxonomy":"product_tag","embeddable":true,"href":"https:\/\/www.tendenzeshabbychic.it\/es\/wp-json\/wp\/v2\/product_tag?post=174490"}],"curies":[{"name":"wp","href":"https:\/\/api.w.org\/{rel}","templated":true}]}}