{"id":174284,"date":"2025-02-10T09:45:01","date_gmt":"2025-02-10T08:45:01","guid":{"rendered":"https:\/\/www.tendenzeshabbychic.it\/prodotto\/banco-de-madera-con-cajones-acabado-blanco-envejecido-nuvole-di-stoffa\/"},"modified":"2024-12-14T09:45:01","modified_gmt":"2024-12-14T08:45:01","slug":"banco-de-madera-con-cajones-acabado-blanco-envejecido-nuvole-di-stoffa","status":"publish","type":"product","link":"https:\/\/www.tendenzeshabbychic.it\/es\/producto\/banco-de-madera-con-cajones-acabado-blanco-envejecido-nuvole-di-stoffa\/","title":{"rendered":"Banco de madera con cajones &#8211; Acabado blanco envejecido &#8211; Nuvole di Stoffa"},"content":{"rendered":"<p>El banco de madera con cajones de Nuvole di Stoffa es una pieza \u00fanica que combina funcionalidad y encanto vintage. Su acabado blanco envejecido, con detalles deliberadamente desgastados, le aporta un toque de autenticidad y romanticismo, haci\u00e9ndolo perfecto para decorar entradas, dormitorios o salones en estilo shabby chic. <\/p>\n<p>Con dos cajones grandes, este banco ofrece espacio adicional para organizar art\u00edculos peque\u00f1os, accesorios o ropa de cama, manteniendo las cosas ordenadas con estilo. La estructura de madera maciza garantiza solidez, mientras que las l\u00edneas sinuosas de las patas y los reposabrazos a\u00f1aden un toque de elegancia cl\u00e1sica. <\/p>\n<p><strong>Principales caracter\u00edsticas:<\/strong><\/p>\n<ul>\n<li>Fabricado en madera maciza con acabado blanco envejecido.<\/li>\n<li>Dos cajones pr\u00e1cticos para guardar objetos.<\/li>\n<li>Dise\u00f1o rom\u00e1ntico y shabby chic, ideal para ambientes vintage.<\/li>\n<li>Vers\u00e1til, perfecto para entradas, salas de estar o dormitorios.<\/li>\n<li>Dimensiones generosas que ofrecen comodidad y funcionalidad.<\/li>\n<\/ul>\n<p>A\u00f1ade a tu hogar un mueble que combina belleza atemporal y practicidad.<\/p>\n","protected":false},"excerpt":{"rendered":"<p>Elegante banco de madera con acabado blanco envejecido, equipado con dos cajones para guardar peque\u00f1os objetos. Un complemento de decoraci\u00f3n ideal para ambientes shabby chic. <\/p>\n<p>\ud83d\udccf : 115 x 41,5 x 66 cm.<\/p>\n","protected":false},"featured_media":164949,"comment_status":"open","ping_status":"closed","template":"","meta":{"_joinchat":[]},"pwb-brand":[2090],"product_brand":[],"product_cat":[2334],"product_tag":[],"class_list":{"0":"post-174284","1":"product","2":"type-product","3":"status-publish","4":"has-post-thumbnail","6":"pwb-brand-nuvole-di-stoffa-es","7":"product_cat-muebles","9":"first","10":"outofstock","11":"taxable","12":"shipping-taxable","13":"purchasable","14":"product-type-simple"},"brands":[{"id":2090,"name":"Nuvole di Stoffa","slug":"nuvole-di-stoffa-es"}],"_links":{"self":[{"href":"https:\/\/www.tendenzeshabbychic.it\/es\/wp-json\/wp\/v2\/product\/174284","targetHints":{"allow":["GET"]}}],"collection":[{"href":"https:\/\/www.tendenzeshabbychic.it\/es\/wp-json\/wp\/v2\/product"}],"about":[{"href":"https:\/\/www.tendenzeshabbychic.it\/es\/wp-json\/wp\/v2\/types\/product"}],"replies":[{"embeddable":true,"href":"https:\/\/www.tendenzeshabbychic.it\/es\/wp-json\/wp\/v2\/comments?post=174284"}],"wp:featuredmedia":[{"embeddable":true,"href":"https:\/\/www.tendenzeshabbychic.it\/es\/wp-json\/wp\/v2\/media\/164949"}],"wp:attachment":[{"href":"https:\/\/www.tendenzeshabbychic.it\/es\/wp-json\/wp\/v2\/media?parent=174284"}],"wp:term":[{"taxonomy":"pwb-brand","embeddable":true,"href":"https:\/\/www.tendenzeshabbychic.it\/es\/wp-json\/wp\/v2\/pwb-brand?post=174284"},{"taxonomy":"product_brand","embeddable":true,"href":"https:\/\/www.tendenzeshabbychic.it\/es\/wp-json\/wp\/v2\/product_brand?post=174284"},{"taxonomy":"product_cat","embeddable":true,"href":"https:\/\/www.tendenzeshabbychic.it\/es\/wp-json\/wp\/v2\/product_cat?post=174284"},{"taxonomy":"product_tag","embeddable":true,"href":"https:\/\/www.tendenzeshabbychic.it\/es\/wp-json\/wp\/v2\/product_tag?post=174284"}],"curies":[{"name":"wp","href":"https:\/\/api.w.org\/{rel}","templated":true}]}}