{"id":174223,"date":"2025-02-13T14:39:29","date_gmt":"2025-02-13T13:39:29","guid":{"rendered":"https:\/\/www.tendenzeshabbychic.it\/prodotto\/bolsa-de-compras-la-vie-en-rose-nuvole-di-stoffa\/"},"modified":"2025-04-08T14:45:52","modified_gmt":"2025-04-08T13:45:52","slug":"bolsa-de-compras-la-vie-en-rose-nuvole-di-stoffa","status":"publish","type":"product","link":"https:\/\/www.tendenzeshabbychic.it\/es\/producto\/bolsa-de-compras-la-vie-en-rose-nuvole-di-stoffa\/","title":{"rendered":"Bolsa de compras La Vie En Rose &#8211; Nuvole di Stoffa"},"content":{"rendered":"<p>El bolso shopper La Vie En Rose de Nuvole di Stoffa es un accesorio perfecto para envolver regalos o a\u00f1adir un toque refinado a tus decoraciones. Fabricada en papel duradero de 210 g\/m\u00b2, esta bolsa de mano presenta una ilustraci\u00f3n rom\u00e1ntica: una bonita fachada de tienda rodeada de flores, mariposas y detalles vintage. <\/p>\n<p>Gracias a sus asas de cinta, el bolso es c\u00f3modo y pr\u00e1ctico de llevar, mientras que el dise\u00f1o shabby chic lo hace adecuado para muchas ocasiones, como bodas, fiestas o eventos especiales. Disponible en dos tama\u00f1os, es ideal para albergar regalos de distintos tama\u00f1os o para personalizar un peque\u00f1o rinc\u00f3n de tu hogar. <\/p>\n<p><strong>Principales caracter\u00edsticas:<\/strong><\/p>\n<ul>\n<li>Fabricado con papel duradero de 210 g\/m\u00b2.<\/li>\n<li>Dise\u00f1o rom\u00e1ntico con ilustraci\u00f3n floral y detalles vintage.<\/li>\n<li>Asas de cinta para un agarre c\u00f3modo.<\/li>\n<li>Dos tama\u00f1os disponibles para adaptarse a diferentes necesidades.<\/li>\n<li>Perfecto para envolver regalos o decoraciones.<\/li>\n<\/ul>\n<p>Un accesorio pr\u00e1ctico y con clase que combina funcionalidad y elegancia.<\/p>\n","protected":false},"excerpt":{"rendered":"<p>Elegante bolsa de compras de papel de 210 g\/m\u00b2 con la rom\u00e1ntica ilustraci\u00f3n de La Vie En Rose. Disponible en dos tama\u00f1os, ideal para regalar o decorar.<br \/>\n\ud83d\udccf Dimensiones:<\/p>\n<ul>\n<li>Peque\u00f1o: 26 x 12 x 32 cm<\/li>\n<li>Grande: 32 x 12 x 38 cm<\/li>\n<\/ul>\n","protected":false},"featured_media":164982,"comment_status":"open","ping_status":"closed","template":"","meta":{"_joinchat":[]},"pwb-brand":[2090],"product_brand":[],"product_cat":[2396],"product_tag":[2283,3154,3286],"class_list":{"0":"post-174223","1":"product","2":"type-product","3":"status-publish","4":"has-post-thumbnail","6":"pwb-brand-nuvole-di-stoffa-es","7":"product_cat-objetos","8":"product_tag-idea-de-regalo","9":"product_tag-la-vie-en-rose-es","10":"product_tag-ventas","12":"first","13":"instock","14":"sale","15":"taxable","16":"shipping-taxable","17":"purchasable","18":"product-type-variable"},"brands":[{"id":2090,"name":"Nuvole di Stoffa","slug":"nuvole-di-stoffa-es"}],"_links":{"self":[{"href":"https:\/\/www.tendenzeshabbychic.it\/es\/wp-json\/wp\/v2\/product\/174223","targetHints":{"allow":["GET"]}}],"collection":[{"href":"https:\/\/www.tendenzeshabbychic.it\/es\/wp-json\/wp\/v2\/product"}],"about":[{"href":"https:\/\/www.tendenzeshabbychic.it\/es\/wp-json\/wp\/v2\/types\/product"}],"replies":[{"embeddable":true,"href":"https:\/\/www.tendenzeshabbychic.it\/es\/wp-json\/wp\/v2\/comments?post=174223"}],"wp:featuredmedia":[{"embeddable":true,"href":"https:\/\/www.tendenzeshabbychic.it\/es\/wp-json\/wp\/v2\/media\/164982"}],"wp:attachment":[{"href":"https:\/\/www.tendenzeshabbychic.it\/es\/wp-json\/wp\/v2\/media?parent=174223"}],"wp:term":[{"taxonomy":"pwb-brand","embeddable":true,"href":"https:\/\/www.tendenzeshabbychic.it\/es\/wp-json\/wp\/v2\/pwb-brand?post=174223"},{"taxonomy":"product_brand","embeddable":true,"href":"https:\/\/www.tendenzeshabbychic.it\/es\/wp-json\/wp\/v2\/product_brand?post=174223"},{"taxonomy":"product_cat","embeddable":true,"href":"https:\/\/www.tendenzeshabbychic.it\/es\/wp-json\/wp\/v2\/product_cat?post=174223"},{"taxonomy":"product_tag","embeddable":true,"href":"https:\/\/www.tendenzeshabbychic.it\/es\/wp-json\/wp\/v2\/product_tag?post=174223"}],"curies":[{"name":"wp","href":"https:\/\/api.w.org\/{rel}","templated":true}]}}