{"id":173842,"date":"2025-02-06T11:00:49","date_gmt":"2025-02-06T10:00:49","guid":{"rendered":"https:\/\/www.tendenzeshabbychic.it\/prodotto\/mantel-de-pascua-blanc-mariclo-145x220-cm-coleccion-pascua\/"},"modified":"2025-01-06T15:50:49","modified_gmt":"2025-01-06T14:50:49","slug":"mantel-de-pascua-blanc-mariclo-145x220-cm-coleccion-pascua","status":"publish","type":"product","link":"https:\/\/www.tendenzeshabbychic.it\/es\/producto\/mantel-de-pascua-blanc-mariclo-145x220-cm-coleccion-pascua\/","title":{"rendered":"Mantel de Pascua Blanc Maricl\u00f2 &#8211; 145&#215;220 cm Colecci\u00f3n Pascua"},"content":{"rendered":"<p>El mantel de Pascua de la \u00abColecci\u00f3n Pascua\u00bb de Blanc Maricl\u00f2 es el complemento perfecto para decorar tu mesa para las fiestas de primavera. Fabricada 100% en poli\u00e9ster, es duradera y pr\u00e1ctica, con un estampado alegre que combina tiernos pollitos, delicadas flores y un fondo amarillo brillante que aporta alegr\u00eda y luz a cualquier estancia. Este mantel es ideal para a\u00f1adir un toque festivo a los almuerzos familiares o brunchs de Pascua, adecuado tanto para entornos interiores como exteriores. Perfecto para combinar con vajilla en tonos neutros o con elementos decorativos country chic. <\/p>\n<p><strong>Fortalezas:<\/strong><\/p>\n<ul>\n<li>Decoraci\u00f3n exclusiva con pollitos y flores en tonos primaverales.<\/li>\n<li>Tejido duradero y f\u00e1cil de limpiar.<\/li>\n<li>Perfecto para eventos de Pascua o ocasiones de primavera.<\/li>\n<li>Dise\u00f1o brillante que aporta frescura y estilo a la mesa.<\/li>\n<li>Parte de la \u00abColecci\u00f3n de Pascua\u00bb de Blanc Maricl\u00f2.<\/li>\n<\/ul>\n","protected":false},"excerpt":{"rendered":"<p>Crea un ambiente de alegr\u00eda y primavera con el mantel de Pascua de la \u00abColecci\u00f3n de Pascua\u00bb. Decorado con lindos pollitos, flores y vibrantes detalles amarillos, es perfecto para celebrar la Pascua con elegancia. \ud83d\udccf <strong>Dimensiones:<\/strong> 145 x 220 cm <\/p>\n","protected":false},"featured_media":169424,"comment_status":"open","ping_status":"closed","template":"","meta":{"_joinchat":[]},"pwb-brand":[2076],"product_brand":[],"product_cat":[2338,2377,2369],"product_tag":[],"class_list":{"0":"post-173842","1":"product","2":"type-product","3":"status-publish","4":"has-post-thumbnail","6":"pwb-brand-blanc-mariclo-es","7":"product_cat-manteles","8":"product_cat-la-mesa","9":"product_cat-pascua","11":"first","12":"outofstock","13":"sale","14":"taxable","15":"shipping-taxable","16":"purchasable","17":"product-type-simple"},"brands":[{"id":2076,"name":"Blanc Mariclo","slug":"blanc-mariclo-es"}],"_links":{"self":[{"href":"https:\/\/www.tendenzeshabbychic.it\/es\/wp-json\/wp\/v2\/product\/173842","targetHints":{"allow":["GET"]}}],"collection":[{"href":"https:\/\/www.tendenzeshabbychic.it\/es\/wp-json\/wp\/v2\/product"}],"about":[{"href":"https:\/\/www.tendenzeshabbychic.it\/es\/wp-json\/wp\/v2\/types\/product"}],"replies":[{"embeddable":true,"href":"https:\/\/www.tendenzeshabbychic.it\/es\/wp-json\/wp\/v2\/comments?post=173842"}],"wp:featuredmedia":[{"embeddable":true,"href":"https:\/\/www.tendenzeshabbychic.it\/es\/wp-json\/wp\/v2\/media\/169424"}],"wp:attachment":[{"href":"https:\/\/www.tendenzeshabbychic.it\/es\/wp-json\/wp\/v2\/media?parent=173842"}],"wp:term":[{"taxonomy":"pwb-brand","embeddable":true,"href":"https:\/\/www.tendenzeshabbychic.it\/es\/wp-json\/wp\/v2\/pwb-brand?post=173842"},{"taxonomy":"product_brand","embeddable":true,"href":"https:\/\/www.tendenzeshabbychic.it\/es\/wp-json\/wp\/v2\/product_brand?post=173842"},{"taxonomy":"product_cat","embeddable":true,"href":"https:\/\/www.tendenzeshabbychic.it\/es\/wp-json\/wp\/v2\/product_cat?post=173842"},{"taxonomy":"product_tag","embeddable":true,"href":"https:\/\/www.tendenzeshabbychic.it\/es\/wp-json\/wp\/v2\/product_tag?post=173842"}],"curies":[{"name":"wp","href":"https:\/\/api.w.org\/{rel}","templated":true}]}}