{"id":173703,"date":"2025-01-28T15:43:39","date_gmt":"2025-01-28T14:43:39","guid":{"rendered":"https:\/\/www.tendenzeshabbychic.it\/?post_type=product&#038;p=173703"},"modified":"2025-01-28T18:35:25","modified_gmt":"2025-01-28T17:35:25","slug":"mathilde-m-decoracion-margaritas-perfumadas-perle-de-coco-copia","status":"publish","type":"product","link":"https:\/\/www.tendenzeshabbychic.it\/es\/producto\/mathilde-m-decoracion-margaritas-perfumadas-perle-de-coco-copia\/","title":{"rendered":"Mathilde M. Decoraci\u00f3n Margaritas Perfumadas &#8211; Mangue Sorbet"},"content":{"rendered":"<p>La Decoraci\u00f3n Perfumada Margherita de Mathilde M. es un elegante complemento que aporta un toque floral y sofisticado a tus espacios. Realizada en yeso rosa finamente elaborado, la decoraci\u00f3n est\u00e1 adornada con una cinta decorativa de cuadros rosas y blancos, con un vivo borde amarillo que realza su dise\u00f1o rom\u00e1ntico y moderno. <\/p>\n<ul>\n<li>Rom\u00e1ntico y refinado dise\u00f1o en forma de margarita de yeso rosa.<\/li>\n<li>Fragancia \u00abMangue Sorbet\u00bb: ex\u00f3tica, cremosa y relajante.<\/li>\n<li>Cinta decorativa con detalles en rosa y amarillo para darle un toque moderno.<\/li>\n<li>Ideal para perfumar espacios peque\u00f1os y a\u00f1adir un toque decorativo.<\/li>\n<li>Excelente idea de regalo para los amantes del estilo rom\u00e1ntico y sofisticado.<\/li>\n<\/ul>\n","protected":false},"excerpt":{"rendered":"<p>Decora y perfuma tus habitaciones con la decoraci\u00f3n perfumada Margherita de Mathilde M. Realizada en delicado yeso rosa y acompa\u00f1ada de una elegante cinta estampada rosa con un borde amarillo, difunde la ex\u00f3tica y cremosa fragancia \u00abMangue Sorbet\u00bb. \ud83d\udccf <strong>Dimensiones:<\/strong> \u00d8 6,7 x 1,5 cm Mangue de Sorbet es una explosi\u00f3n de frescura tropical. Las notas altas de mango y pi\u00f1a abren el perfume con un toque dulce y jugoso, mientras que el coraz\u00f3n se enriquece con los matices ex\u00f3ticos de la papaya y la maracuy\u00e1. En el fondo, el almizcle y la vainilla envuelven la fragancia con un dulzor cremoso e irresistible. Perfecto para los amantes de los ambientes soleados y afrutados.<\/p>\n","protected":false},"featured_media":173708,"comment_status":"open","ping_status":"closed","template":"","meta":{"_joinchat":[]},"pwb-brand":[621],"product_brand":[],"product_cat":[2363,2318,2344],"product_tag":[3245],"class_list":{"0":"post-173703","1":"product","2":"type-product","3":"status-publish","4":"has-post-thumbnail","6":"pwb-brand-mathilde-m","7":"product_cat-tizas-perfumadas","8":"product_cat-favores","9":"product_cat-perfumistas","10":"product_tag-festa-della-mamma","12":"first","13":"instock","14":"taxable","15":"shipping-taxable","16":"purchasable","17":"product-type-simple"},"brands":[{"id":2089,"name":"Mathilde M.","slug":"mathilde-m-es"}],"_links":{"self":[{"href":"https:\/\/www.tendenzeshabbychic.it\/es\/wp-json\/wp\/v2\/product\/173703","targetHints":{"allow":["GET"]}}],"collection":[{"href":"https:\/\/www.tendenzeshabbychic.it\/es\/wp-json\/wp\/v2\/product"}],"about":[{"href":"https:\/\/www.tendenzeshabbychic.it\/es\/wp-json\/wp\/v2\/types\/product"}],"replies":[{"embeddable":true,"href":"https:\/\/www.tendenzeshabbychic.it\/es\/wp-json\/wp\/v2\/comments?post=173703"}],"wp:featuredmedia":[{"embeddable":true,"href":"https:\/\/www.tendenzeshabbychic.it\/es\/wp-json\/wp\/v2\/media\/173708"}],"wp:attachment":[{"href":"https:\/\/www.tendenzeshabbychic.it\/es\/wp-json\/wp\/v2\/media?parent=173703"}],"wp:term":[{"taxonomy":"pwb-brand","embeddable":true,"href":"https:\/\/www.tendenzeshabbychic.it\/es\/wp-json\/wp\/v2\/pwb-brand?post=173703"},{"taxonomy":"product_brand","embeddable":true,"href":"https:\/\/www.tendenzeshabbychic.it\/es\/wp-json\/wp\/v2\/product_brand?post=173703"},{"taxonomy":"product_cat","embeddable":true,"href":"https:\/\/www.tendenzeshabbychic.it\/es\/wp-json\/wp\/v2\/product_cat?post=173703"},{"taxonomy":"product_tag","embeddable":true,"href":"https:\/\/www.tendenzeshabbychic.it\/es\/wp-json\/wp\/v2\/product_tag?post=173703"}],"curies":[{"name":"wp","href":"https:\/\/api.w.org\/{rel}","templated":true}]}}