{"id":173073,"date":"2025-01-24T05:12:54","date_gmt":"2025-01-24T04:12:54","guid":{"rendered":"https:\/\/www.tendenzeshabbychic.it\/prodotto\/blanc-mariclo-cuadro-con-flores-secas-35x25-cm\/"},"modified":"2026-02-06T09:14:21","modified_gmt":"2026-02-06T08:14:21","slug":"blanc-mariclo-cuadro-con-flores-secas-35x25-cm","status":"publish","type":"product","link":"https:\/\/www.tendenzeshabbychic.it\/es\/producto\/blanc-mariclo-cuadro-con-flores-secas-35x25-cm\/","title":{"rendered":"Blanc MariCl\u00f2 Cuadro con Flores Secas 35&#215;25 cm"},"content":{"rendered":"<p>La pintura natural con flores secas es perfecta para quienes buscan una decoraci\u00f3n de pared que combine estilo y autenticidad. Cada marco, de madera con acabado r\u00fastico, sostiene flores secas que realzan la sencilla belleza de la naturaleza. El cristal transparente proporciona un efecto luminoso y moderno, que permite apreciar cada detalle de los motivos florales.<\/p>\n<p>Ideales para completar un sal\u00f3n Shabby Chic o una habitaci\u00f3n con encanto r\u00fastico, pueden colgarse juntos o por separado para conseguir un efecto decorativo \u00fanico.<\/p>\n<ul>\n<li><strong>Elaborado con materiales naturales<\/strong> : madera y flores secas.<\/li>\n<li><strong>Dise\u00f1o transparente<\/strong> para un efecto elegante y moderno.<\/li>\n<li><strong>Perfecto para ambientes shabby chic o r\u00fasticos.<\/strong><\/li>\n<li><strong>Vers\u00e1tiles<\/strong> , se adaptan a todas las estancias de la casa.<\/li>\n<li><strong>Tama\u00f1o compacto<\/strong> para adaptarse a paredes de varios tama\u00f1os.<\/li>\n<\/ul>\n","protected":false},"excerpt":{"rendered":"<p>Cuadro enmarcado en madera natural, adornado con delicadas flores secas enmarcadas en cristal transparente.<\/p>\n<p>Ideal para mobiliario r\u00fastico y refinado.<\/p>\n<p>\ud83d\udccf Alto 35 cm x Ancho 25 cm.<\/p>\n<p>Forma parte de la colecci\u00f3n Erbario d&#8217;Arte.<\/p>\n<p><iframe loading=\"lazy\" title=\"ERBARIO D'ARTE BLANC MARICLO\" src=\"https:\/\/www.youtube.com\/embed\/omWjt7_LGgw\" width=\"463\" height=\"823\" frameborder=\"0\" allowfullscreen=\"allowfullscreen\"><\/iframe><\/p>\n","protected":false},"featured_media":228811,"comment_status":"open","ping_status":"closed","template":"","meta":{"_joinchat":[]},"pwb-brand":[2076],"product_brand":[],"product_cat":[2368],"product_tag":[3218,3286],"class_list":{"0":"post-173073","1":"product","2":"type-product","3":"status-publish","4":"has-post-thumbnail","6":"pwb-brand-blanc-mariclo-es","7":"product_cat-pinturas-y-lienzos","8":"product_tag-erbario-darte-es","9":"product_tag-ventas","11":"first","12":"instock","13":"sale","14":"taxable","15":"shipping-taxable","16":"purchasable","17":"product-type-simple"},"brands":[{"id":2076,"name":"Blanc Mariclo","slug":"blanc-mariclo-es"}],"_links":{"self":[{"href":"https:\/\/www.tendenzeshabbychic.it\/es\/wp-json\/wp\/v2\/product\/173073","targetHints":{"allow":["GET"]}}],"collection":[{"href":"https:\/\/www.tendenzeshabbychic.it\/es\/wp-json\/wp\/v2\/product"}],"about":[{"href":"https:\/\/www.tendenzeshabbychic.it\/es\/wp-json\/wp\/v2\/types\/product"}],"replies":[{"embeddable":true,"href":"https:\/\/www.tendenzeshabbychic.it\/es\/wp-json\/wp\/v2\/comments?post=173073"}],"wp:featuredmedia":[{"embeddable":true,"href":"https:\/\/www.tendenzeshabbychic.it\/es\/wp-json\/wp\/v2\/media\/228811"}],"wp:attachment":[{"href":"https:\/\/www.tendenzeshabbychic.it\/es\/wp-json\/wp\/v2\/media?parent=173073"}],"wp:term":[{"taxonomy":"pwb-brand","embeddable":true,"href":"https:\/\/www.tendenzeshabbychic.it\/es\/wp-json\/wp\/v2\/pwb-brand?post=173073"},{"taxonomy":"product_brand","embeddable":true,"href":"https:\/\/www.tendenzeshabbychic.it\/es\/wp-json\/wp\/v2\/product_brand?post=173073"},{"taxonomy":"product_cat","embeddable":true,"href":"https:\/\/www.tendenzeshabbychic.it\/es\/wp-json\/wp\/v2\/product_cat?post=173073"},{"taxonomy":"product_tag","embeddable":true,"href":"https:\/\/www.tendenzeshabbychic.it\/es\/wp-json\/wp\/v2\/product_tag?post=173073"}],"curies":[{"name":"wp","href":"https:\/\/api.w.org\/{rel}","templated":true}]}}