{"id":172683,"date":"2026-02-11T08:00:13","date_gmt":"2026-02-11T07:00:13","guid":{"rendered":"https:\/\/www.tendenzeshabbychic.it\/prodotto\/mathilde-m-marquise-aceite-espumoso-para-cuerpo-y-cabello-100-ml\/"},"modified":"2026-02-11T15:14:39","modified_gmt":"2026-02-11T14:14:39","slug":"mathilde-m-marquise-aceite-espumoso-para-cuerpo-y-cabello-100-ml","status":"publish","type":"product","link":"https:\/\/www.tendenzeshabbychic.it\/es\/producto\/mathilde-m-marquise-aceite-espumoso-para-cuerpo-y-cabello-100-ml\/","title":{"rendered":"Mathilde M. Marquise Aceite Espumoso para Cuerpo y Cabello 100 ml"},"content":{"rendered":"<p>Con <strong>Huile S\u00e8che Scintillante Mathilde M. Marquise<\/strong> , el tratamiento diario se convierte en un ritual de belleza exclusivo. Ideal para el cuerpo y el cabello, este aceite seco est\u00e1 enriquecido con preciosos aceites vegetales como el de arg\u00e1n y el de jojoba, conocidos por sus propiedades nutritivas e hidratantes. Su textura ligera deja un efecto nacarado y luminoso, sin resultar graso, envolviendo la piel y el cabello en la sofisticada fragancia Marquise . La fragancia Marquise combina elegancia y sensualidad gracias a las notas altas de <strong>madera de cedro<\/strong> y <strong>maderas preciosas<\/strong> , un coraz\u00f3n suave de <strong>almizcle blanco<\/strong> y <strong>especias<\/strong> , y una base c\u00e1lida de <strong>\u00e1mbar gris<\/strong> y <strong>vainilla<\/strong> . Perfecto para quienes buscan un toque de lujo cotidiano.  <\/p>\n<p><strong>Fortalezas:<\/strong><\/p>\n<ul>\n<li><strong>Efecto iluminador:<\/strong> aporta un delicado velo brillante a la piel y al cabello.<\/li>\n<li><strong>Fragancia sofisticada:<\/strong> te envuelve con las notas sensuales de la colecci\u00f3n Marquise .<\/li>\n<li><strong>Hidrataci\u00f3n natural:<\/strong> con aceites de arg\u00e1n y jojoba con propiedades nutritivas.<\/li>\n<li><strong>Multifunci\u00f3n:<\/strong> ideal para cuerpo y cabello.<\/li>\n<li><strong>F\u00f3rmula ligera:<\/strong> no deja residuos grasos.<\/li>\n<\/ul>\n","protected":false},"excerpt":{"rendered":"<p><strong>Mathilde M. Marquise<\/strong> Shimmering Dry Oil combina el lujo de un tratamiento corporal y capilar con la fragancia ic\u00f3nica de la colecci\u00f3n Marquise . Enriquecida con aceites de arg\u00e1n y jojoba, nutre e ilumina con un delicado velo nacarado, dejando la piel sedosa y perfumada sin residuos grasos. \ud83d\udccf <strong>Dimensiones:<\/strong> 6,9 x 12,2 x 3,6 cm <\/p>\n<div class=\"row row-solid\"  id=\"row-1226702062\">\n\n\n\t<div id=\"col-1064042142\" class=\"col small-12 large-12\"  >\n\t\t\t\t<div class=\"col-inner\"  >\n\t\t\t\n\t\t\t\n\n\n\t\t<div class=\"icon-box featured-box icon-box-center text-center\"  >\n\t\t\t\t<div class=\"icon-box-text last-reset\">\n\t\t\t<h5 class=\"uppercase\">Marquise<\/h5>\t\t\t\t\t\t\n\n<p style=\"text-align: center;\">Un encuentro precioso y sensual de notas amaderadas y especiadas con la dulzura de la vainilla y el almizcle blanco.<\/p>\n<p>El perfume m\u00e1s vendido y querido.<\/p>\n\n\t\t<\/div>\n\t<\/div>\n\t\n\t\n\n\t\t<\/div>\n\t\t\t\t\t<\/div>\n\n\t\n\n\t<div id=\"col-603022620\" class=\"col small-12 large-12\"  >\n\t\t\t\t<div class=\"col-inner\"  >\n\t\t\t\n\t\t\t\n\n\n\t\t<div class=\"icon-box featured-box icon-box-left text-left\"  >\n\t\t\t\t\t<div class=\"icon-box-img\" style=\"width: 60px\">\n\t\t\t\t<div class=\"icon\">\n\t\t\t\t\t<div class=\"icon-inner\" style=\"color:rgb(237, 165, 145);\">\n\t\t\t\t\t\t<?xml version=\"1.0\" encoding=\"utf-8\"?><!-- Uploaded to: SVG Repo, www.svgrepo.com, Generator: SVG Repo Mixer Tools -->\r\n<svg fill=\"#000000\" width=\"800px\" height=\"800px\" viewBox=\"0 0 32 32\" xmlns=\"http:\/\/www.w3.org\/2000\/svg\">\r\n    <circle cx=\"16\" cy=\"16\" r=\"16\"\/>\r\n<\/svg>\t\t\t\t\t<\/div>\n\t\t\t\t<\/div>\n\t\t\t<\/div>\n\t\t\t\t<div class=\"icon-box-text last-reset\">\n\t\t\t\t\t\t\t\t\t\n\n\t<div id=\"text-1578648631\" class=\"text\">\n\t\t\n\n<h3>Notas altas<\/h3>\n<p>Madera de cedro y maderas preciosas.<\/p>\n\t\t\n<style>\n#text-1578648631 {\n  line-height: 1;\n}\n<\/style>\n\t<\/div>\n\t\n\n\t\t<\/div>\n\t<\/div>\n\t\n\t\n\n\t\t<div class=\"icon-box featured-box icon-box-left text-left\"  >\n\t\t\t\t\t<div class=\"icon-box-img\" style=\"width: 60px\">\n\t\t\t\t<div class=\"icon\">\n\t\t\t\t\t<div class=\"icon-inner\" style=\"color:#eda591;\">\n\t\t\t\t\t\t<?xml version=\"1.0\" encoding=\"utf-8\"?><!-- Uploaded to: SVG Repo, www.svgrepo.com, Generator: SVG Repo Mixer Tools -->\r\n<svg width=\"800px\" height=\"800px\" viewBox=\"0 0 24 24\" fill=\"none\" xmlns=\"http:\/\/www.w3.org\/2000\/svg\">\r\n<path d=\"M2 9.1371C2 14 6.01943 16.5914 8.96173 18.9109C10 19.7294 11 20.5 12 20.5C13 20.5 14 19.7294 15.0383 18.9109C17.9806 16.5914 22 14 22 9.1371C22 4.27416 16.4998 0.825464 12 5.50063C7.50016 0.825464 2 4.27416 2 9.1371Z\" fill=\"#1C274C\"\/>\r\n<\/svg>\t\t\t\t\t<\/div>\n\t\t\t\t<\/div>\n\t\t\t<\/div>\n\t\t\t\t<div class=\"icon-box-text last-reset\">\n\t\t\t\t\t\t\t\t\t\n\n\t<div id=\"text-3059518811\" class=\"text\">\n\t\t\n\n<h3>notas de corazon<\/h3>\n<p>Almizcle blanco, jara y especias<\/p>\n\t\t\n<style>\n#text-3059518811 {\n  line-height: 1;\n}\n<\/style>\n\t<\/div>\n\t\n\n\t\t<\/div>\n\t<\/div>\n\t\n\t\n\n\t\t<div class=\"icon-box featured-box icon-box-left text-left\"  >\n\t\t\t\t\t<div class=\"icon-box-img\" style=\"width: 60px\">\n\t\t\t\t<div class=\"icon\">\n\t\t\t\t\t<div class=\"icon-inner\" style=\"color:#eda591;\">\n\t\t\t\t\t\t<?xml version=\"1.0\" encoding=\"UTF-8\" standalone=\"no\"?>\r\n<!-- Uploaded to: SVG Repo, www.svgrepo.com, Generator: SVG Repo Mixer Tools -->\r\n<svg width=\"800px\" height=\"800px\" viewBox=\"0 -12 32 32\" version=\"1.1\" xmlns=\"http:\/\/www.w3.org\/2000\/svg\" xmlns:xlink=\"http:\/\/www.w3.org\/1999\/xlink\" xmlns:sketch=\"http:\/\/www.bohemiancoding.com\/sketch\/ns\">\r\n    \r\n    <title>minus<\/title>\r\n    <desc>Created with Sketch Beta.<\/desc>\r\n    <defs>\r\n\r\n<\/defs>\r\n    <g id=\"Page-1\" stroke=\"none\" stroke-width=\"1\" fill=\"none\" fill-rule=\"evenodd\" sketch:type=\"MSPage\">\r\n        <g id=\"Icon-Set-Filled\" sketch:type=\"MSLayerGroup\" transform=\"translate(-414.000000, -1049.000000)\" fill=\"#000000\">\r\n            <path d=\"M442,1049 L418,1049 C415.791,1049 414,1050.79 414,1053 C414,1055.21 415.791,1057 418,1057 L442,1057 C444.209,1057 446,1055.21 446,1053 C446,1050.79 444.209,1049 442,1049\" id=\"minus\" sketch:type=\"MSShapeGroup\">\r\n\r\n<\/path>\r\n        <\/g>\r\n    <\/g>\r\n<\/svg>\t\t\t\t\t<\/div>\n\t\t\t\t<\/div>\n\t\t\t<\/div>\n\t\t\t\t<div class=\"icon-box-text last-reset\">\n\t\t\t\t\t\t\t\t\t\n\n\t<div id=\"text-2809318262\" class=\"text\">\n\t\t\n\n<h3>Notas de fondo<\/h3>\n<p>\u00c1mbar gris y vaina de vainilla<\/p>\n\t\t\n<style>\n#text-2809318262 {\n  line-height: 1;\n}\n<\/style>\n\t<\/div>\n\t\n\n\t\t<\/div>\n\t<\/div>\n\t\n\t\n\n\t\t<\/div>\n\t\t\t\t\t<\/div>\n\n\t\n\n\t<div id=\"col-1403957505\" class=\"col small-12 large-12\"  >\n\t\t\t\t<div class=\"col-inner text-center\"  >\n\t\t\t\n\t\t\t\n\n<p style=\"text-align: center;\"><span style=\"font-size: 120%;\"><em>Descubre todos los productos Esencia Marquise<\/em><\/span><\/p>\n<a href=\"https:\/\/www.tendenzeshabbychic.it\/es\/etiqueta-producto\/marquise-es\/\" class=\"button white is-gloss box-shadow-2\" >\n\t\t<span>MARQUISE<\/span>\n\t<\/a>\n\n\n\n\t\t<\/div>\n\t\t\t\t\t<\/div>\n\n\t\n\n<\/div>\n","protected":false},"featured_media":172560,"comment_status":"open","ping_status":"closed","template":"","meta":{"_joinchat":[]},"pwb-brand":[2089],"product_brand":[],"product_cat":[3289,2344],"product_tag":[3246],"class_list":{"0":"post-172683","1":"product","2":"type-product","3":"status-publish","4":"has-post-thumbnail","6":"pwb-brand-mathilde-m-es","7":"product_cat-linea-cuerpo","8":"product_cat-perfumistas","9":"product_tag-dia-de-la-madre","11":"first","12":"instock","13":"taxable","14":"shipping-taxable","15":"purchasable","16":"product-type-simple"},"brands":[{"id":2089,"name":"Mathilde M.","slug":"mathilde-m-es"}],"_links":{"self":[{"href":"https:\/\/www.tendenzeshabbychic.it\/es\/wp-json\/wp\/v2\/product\/172683","targetHints":{"allow":["GET"]}}],"collection":[{"href":"https:\/\/www.tendenzeshabbychic.it\/es\/wp-json\/wp\/v2\/product"}],"about":[{"href":"https:\/\/www.tendenzeshabbychic.it\/es\/wp-json\/wp\/v2\/types\/product"}],"replies":[{"embeddable":true,"href":"https:\/\/www.tendenzeshabbychic.it\/es\/wp-json\/wp\/v2\/comments?post=172683"}],"wp:featuredmedia":[{"embeddable":true,"href":"https:\/\/www.tendenzeshabbychic.it\/es\/wp-json\/wp\/v2\/media\/172560"}],"wp:attachment":[{"href":"https:\/\/www.tendenzeshabbychic.it\/es\/wp-json\/wp\/v2\/media?parent=172683"}],"wp:term":[{"taxonomy":"pwb-brand","embeddable":true,"href":"https:\/\/www.tendenzeshabbychic.it\/es\/wp-json\/wp\/v2\/pwb-brand?post=172683"},{"taxonomy":"product_brand","embeddable":true,"href":"https:\/\/www.tendenzeshabbychic.it\/es\/wp-json\/wp\/v2\/product_brand?post=172683"},{"taxonomy":"product_cat","embeddable":true,"href":"https:\/\/www.tendenzeshabbychic.it\/es\/wp-json\/wp\/v2\/product_cat?post=172683"},{"taxonomy":"product_tag","embeddable":true,"href":"https:\/\/www.tendenzeshabbychic.it\/es\/wp-json\/wp\/v2\/product_tag?post=172683"}],"curies":[{"name":"wp","href":"https:\/\/api.w.org\/{rel}","templated":true}]}}