{"id":172658,"date":"2026-02-11T08:00:30","date_gmt":"2026-02-11T07:00:30","guid":{"rendered":"https:\/\/www.tendenzeshabbychic.it\/prodotto\/mathilde-m-fruits-des-bois-perfume-tela-75-ml\/"},"modified":"2025-08-01T11:21:45","modified_gmt":"2025-08-01T10:21:45","slug":"mathilde-m-fruits-des-bois-perfume-tela-75-ml","status":"publish","type":"product","link":"https:\/\/www.tendenzeshabbychic.it\/es\/producto\/mathilde-m-fruits-des-bois-perfume-tela-75-ml\/","title":{"rendered":"Mathilde M. Fruits des Bois Perfume Tela 75 ml"},"content":{"rendered":"<p>El Perfume Fruits des Bois Fabric de Mathilde M. lleva a tus habitaciones el encanto de un paseo por el bosque, evocando una cesta de mimbre llena de jugosas fresas silvestres. Esta fragancia \u00fanica se abre con vivas notas de bayas rojas, antes de revelar un rom\u00e1ntico coraz\u00f3n de violeta y fresas silvestres. La base cremosa de vainilla y pachul\u00ed a\u00f1ade una dulzura sofisticada y duradera, perfecta para envolver tus tejidos en un abrazo acogedor.  <\/p>\n<p>El elegante e intemporal frasco de cristal estriado es ideal tanto para el uso diario como elemento decorativo. Perfecta para refrescar cortinas, cojines y s\u00e1banas, esta fragancia de edici\u00f3n limitada es imprescindible para los amantes de las esencias afrutadas y sofisticadas. <\/p>\n<ul>\n<li>Fragancia \u00fanica con notas de frutos rojos, violeta y fresas silvestres.<\/li>\n<li>Base dulce y persistente de vainilla y pachul\u00ed.<\/li>\n<li>Elegante dise\u00f1o de botella de cristal, ideal para decoraci\u00f3n del hogar.<\/li>\n<li>Perfume para telas de larga duraci\u00f3n, perfecto para cortinas, ropa de cama y ambientes.<\/li>\n<li>Edici\u00f3n limitada, una experiencia exclusiva para verdaderos conocedores.<\/li>\n<\/ul>\n","protected":false},"excerpt":{"rendered":"<p>Sumerge tus tejidos en el aroma envolvente de Fruits des Bois de Mathilde M. Una armon\u00eda de frutos rojos, fresas silvestres y violetas se mezcla con las dulces notas de vainilla y pachul\u00ed para una experiencia sensorial \u00fanica.<\/p>\n<p> \ud83d\udccf <strong>Formato:<\/strong> 75ml<\/p>\n<p class=\"lead shortcode-error\">Open this in UX Builder to add and edit content<\/p>\n","protected":false},"featured_media":176618,"comment_status":"open","ping_status":"closed","template":"","meta":{"_joinchat":[]},"pwb-brand":[2089],"product_brand":[],"product_cat":[2364,2344],"product_tag":[3246,3240,2283],"class_list":{"0":"post-172658","1":"product","2":"type-product","3":"status-publish","4":"has-post-thumbnail","6":"pwb-brand-mathilde-m-es","7":"product_cat-perfumes-para-tejidos","8":"product_cat-perfumistas","9":"product_tag-dia-de-la-madre","10":"product_tag-fruits-des-bois-es","11":"product_tag-idea-de-regalo","13":"first","14":"instock","15":"taxable","16":"shipping-taxable","17":"purchasable","18":"product-type-simple"},"brands":[{"id":2089,"name":"Mathilde M.","slug":"mathilde-m-es"}],"_links":{"self":[{"href":"https:\/\/www.tendenzeshabbychic.it\/es\/wp-json\/wp\/v2\/product\/172658","targetHints":{"allow":["GET"]}}],"collection":[{"href":"https:\/\/www.tendenzeshabbychic.it\/es\/wp-json\/wp\/v2\/product"}],"about":[{"href":"https:\/\/www.tendenzeshabbychic.it\/es\/wp-json\/wp\/v2\/types\/product"}],"replies":[{"embeddable":true,"href":"https:\/\/www.tendenzeshabbychic.it\/es\/wp-json\/wp\/v2\/comments?post=172658"}],"wp:featuredmedia":[{"embeddable":true,"href":"https:\/\/www.tendenzeshabbychic.it\/es\/wp-json\/wp\/v2\/media\/176618"}],"wp:attachment":[{"href":"https:\/\/www.tendenzeshabbychic.it\/es\/wp-json\/wp\/v2\/media?parent=172658"}],"wp:term":[{"taxonomy":"pwb-brand","embeddable":true,"href":"https:\/\/www.tendenzeshabbychic.it\/es\/wp-json\/wp\/v2\/pwb-brand?post=172658"},{"taxonomy":"product_brand","embeddable":true,"href":"https:\/\/www.tendenzeshabbychic.it\/es\/wp-json\/wp\/v2\/product_brand?post=172658"},{"taxonomy":"product_cat","embeddable":true,"href":"https:\/\/www.tendenzeshabbychic.it\/es\/wp-json\/wp\/v2\/product_cat?post=172658"},{"taxonomy":"product_tag","embeddable":true,"href":"https:\/\/www.tendenzeshabbychic.it\/es\/wp-json\/wp\/v2\/product_tag?post=172658"}],"curies":[{"name":"wp","href":"https:\/\/api.w.org\/{rel}","templated":true}]}}