{"id":172654,"date":"2025-08-01T11:08:14","date_gmt":"2025-08-01T10:08:14","guid":{"rendered":"https:\/\/www.tendenzeshabbychic.it\/prodotto\/mathilde-m-soleil-perfume-tela-pastel-75-ml\/"},"modified":"2025-08-01T11:27:49","modified_gmt":"2025-08-01T10:27:49","slug":"mathilde-m-soleil-perfume-tela-pastel-75-ml","status":"publish","type":"product","link":"https:\/\/www.tendenzeshabbychic.it\/es\/producto\/mathilde-m-soleil-perfume-tela-pastel-75-ml\/","title":{"rendered":"Mathilde M. Soleil Perfume Tela Pastel 75 ml"},"content":{"rendered":"<p>El Perfume de Tejido Pastel Soleil de Mathilde M. transforma tu ropa blanca en un oasis estival de relajaci\u00f3n y refinamiento.<\/p>\n<p>Las frescas notas de salida de coco y brisa marina evocan la ligereza de los d\u00edas junto al mar, mientras que el coraz\u00f3n floral de flor de tiar\u00e9 y jazm\u00edn le da un toque ex\u00f3tico y sofisticado. La base c\u00e1lida y cremosa de vainilla y pachul\u00ed te envuelve suavemente en una fragancia que calienta cuerpo y mente. <\/p>\n<p>El frasco de vidrio estriado, con su dise\u00f1o elegante y atemporal, encaja perfectamente en cualquier ambiente, convirti\u00e9ndose en un refinado complemento decorativo. Ideal para perfumar cortinas, cojines y ropa de cama, Soleil Pastel aporta un toque veraniego a tu hogar durante todo el a\u00f1o. <\/p>\n<p><strong>Fortalezas:<\/strong><\/p>\n<ul>\n<li>Fragancia veraniega con notas de coco, flor de tiar\u00e9 y vainilla.<\/li>\n<li>Elegante botella de cristal acanalado, perfecta para decorar con estilo.<\/li>\n<li>Dise\u00f1ado para dar frescura duradera a tejidos y ambientes.<\/li>\n<li>Aroma envolvente, ideal para recrear un ambiente relajante y ex\u00f3tico.<\/li>\n<\/ul>\n","protected":false},"excerpt":{"rendered":"<p>Redescubre el aroma del verano con Soleil Pastel de Mathilde M., un elegante perfume de tela con notas ex\u00f3ticas de coco y brisa marina, un coraz\u00f3n floral de tiar\u00e9 y jazm\u00edn, y una base envolvente de vainilla y pachul\u00ed.<\/p>\n<p> \ud83d\udccf <strong>Formato:<\/strong> 75ml<\/p>\n<div class=\"row row-solid\"  id=\"row-2034849758\">\n\n\n\t<div id=\"col-1654318106\" class=\"col small-12 large-12\"  >\n\t\t\t\t<div class=\"col-inner\"  >\n\t\t\t\n\t\t\t\n\n\n\t\t<div class=\"icon-box featured-box icon-box-center text-center\"  >\n\t\t\t\t<div class=\"icon-box-text last-reset\">\n\t\t\t<h5 class=\"uppercase\">Pastel Soleil<\/h5>\t\t\t\t\t\t\n\n<p style=\"text-align: left;\">Una fragancia que huele a verano y calienta el cuerpo y la mente. Sus notas ex\u00f3ticas y ba\u00f1adas por el sol de flor de tiar\u00e9 y coco se mezclan con un delicado acorde marino. En la base, un envolvente acorde cremoso de vainilla y pachul\u00ed nos envuelve de dulzura.  <\/p>\n\n\t\t<\/div>\n\t<\/div>\n\t\n\t\n\n\t\t<\/div>\n\t\t\t\t\t<\/div>\n\n\t\n\n\t<div id=\"col-1031789907\" class=\"col small-12 large-12\"  >\n\t\t\t\t<div class=\"col-inner\"  >\n\t\t\t\n\t\t\t\n\n\n\t\t<div class=\"icon-box featured-box icon-box-left text-left\"  >\n\t\t\t\t\t<div class=\"icon-box-img\" style=\"width: 60px\">\n\t\t\t\t<div class=\"icon\">\n\t\t\t\t\t<div class=\"icon-inner\" style=\"color:rgb(236, 244, 161);\">\n\t\t\t\t\t\t<?xml version=\"1.0\" encoding=\"utf-8\"?><!-- Uploaded to: SVG Repo, www.svgrepo.com, Generator: SVG Repo Mixer Tools -->\r\n<svg fill=\"#000000\" width=\"800px\" height=\"800px\" viewBox=\"0 0 32 32\" xmlns=\"http:\/\/www.w3.org\/2000\/svg\">\r\n    <circle cx=\"16\" cy=\"16\" r=\"16\"\/>\r\n<\/svg>\t\t\t\t\t<\/div>\n\t\t\t\t<\/div>\n\t\t\t<\/div>\n\t\t\t\t<div class=\"icon-box-text last-reset\">\n\t\t\t\t\t\t\t\t\t\n\n\t<div id=\"text-2309915124\" class=\"text\">\n\t\t\n\n<h3>Notas altas<\/h3>\n<p>Brisa de coco y mar<\/p>\n\n\t\t\n<style>\n#text-2309915124 {\n  line-height: 1;\n}\n<\/style>\n\t<\/div>\n\t\n\n\t\t<\/div>\n\t<\/div>\n\t\n\t\n\n\t\t<div class=\"icon-box featured-box icon-box-left text-left\"  >\n\t\t\t\t\t<div class=\"icon-box-img\" style=\"width: 60px\">\n\t\t\t\t<div class=\"icon\">\n\t\t\t\t\t<div class=\"icon-inner\" style=\"color:rgb(236, 244, 161);\">\n\t\t\t\t\t\t<?xml version=\"1.0\" encoding=\"utf-8\"?><!-- Uploaded to: SVG Repo, www.svgrepo.com, Generator: SVG Repo Mixer Tools -->\r\n<svg width=\"800px\" height=\"800px\" viewBox=\"0 0 24 24\" fill=\"none\" xmlns=\"http:\/\/www.w3.org\/2000\/svg\">\r\n<path d=\"M2 9.1371C2 14 6.01943 16.5914 8.96173 18.9109C10 19.7294 11 20.5 12 20.5C13 20.5 14 19.7294 15.0383 18.9109C17.9806 16.5914 22 14 22 9.1371C22 4.27416 16.4998 0.825464 12 5.50063C7.50016 0.825464 2 4.27416 2 9.1371Z\" fill=\"#1C274C\"\/>\r\n<\/svg>\t\t\t\t\t<\/div>\n\t\t\t\t<\/div>\n\t\t\t<\/div>\n\t\t\t\t<div class=\"icon-box-text last-reset\">\n\t\t\t\t\t\t\t\t\t\n\n\t<div id=\"text-3376116668\" class=\"text\">\n\t\t\n\n<h3>notas de corazon<\/h3>\n<p>Flor de tiar\u00e9 y jazm\u00edn.<\/p>\n\n\t\t\n<style>\n#text-3376116668 {\n  line-height: 1;\n}\n<\/style>\n\t<\/div>\n\t\n\n\t\t<\/div>\n\t<\/div>\n\t\n\t\n\n\t\t<div class=\"icon-box featured-box icon-box-left text-left\"  >\n\t\t\t\t\t<div class=\"icon-box-img\" style=\"width: 60px\">\n\t\t\t\t<div class=\"icon\">\n\t\t\t\t\t<div class=\"icon-inner\" style=\"color:rgb(236, 244, 161);\">\n\t\t\t\t\t\t<?xml version=\"1.0\" encoding=\"UTF-8\" standalone=\"no\"?>\r\n<!-- Uploaded to: SVG Repo, www.svgrepo.com, Generator: SVG Repo Mixer Tools -->\r\n<svg width=\"800px\" height=\"800px\" viewBox=\"0 -12 32 32\" version=\"1.1\" xmlns=\"http:\/\/www.w3.org\/2000\/svg\" xmlns:xlink=\"http:\/\/www.w3.org\/1999\/xlink\" xmlns:sketch=\"http:\/\/www.bohemiancoding.com\/sketch\/ns\">\r\n    \r\n    <title>minus<\/title>\r\n    <desc>Created with Sketch Beta.<\/desc>\r\n    <defs>\r\n\r\n<\/defs>\r\n    <g id=\"Page-1\" stroke=\"none\" stroke-width=\"1\" fill=\"none\" fill-rule=\"evenodd\" sketch:type=\"MSPage\">\r\n        <g id=\"Icon-Set-Filled\" sketch:type=\"MSLayerGroup\" transform=\"translate(-414.000000, -1049.000000)\" fill=\"#000000\">\r\n            <path d=\"M442,1049 L418,1049 C415.791,1049 414,1050.79 414,1053 C414,1055.21 415.791,1057 418,1057 L442,1057 C444.209,1057 446,1055.21 446,1053 C446,1050.79 444.209,1049 442,1049\" id=\"minus\" sketch:type=\"MSShapeGroup\">\r\n\r\n<\/path>\r\n        <\/g>\r\n    <\/g>\r\n<\/svg>\t\t\t\t\t<\/div>\n\t\t\t\t<\/div>\n\t\t\t<\/div>\n\t\t\t\t<div class=\"icon-box-text last-reset\">\n\t\t\t\t\t\t\t\t\t\n\n\t<div id=\"text-542439895\" class=\"text\">\n\t\t\n\n<h3>Notas de fondo<\/h3>\n<p>pachul\u00ed y vainilla<\/p>\n\t\t\n<style>\n#text-542439895 {\n  line-height: 1;\n}\n<\/style>\n\t<\/div>\n\t\n\n\t\t<\/div>\n\t<\/div>\n\t\n\t\n\n\t\t<\/div>\n\t\t\t\t\t<\/div>\n\n\t\n\n\t<div id=\"col-1422060782\" class=\"col small-12 large-12\"  >\n\t\t\t\t<div class=\"col-inner text-center\"  >\n\t\t\t\n\t\t\t\n\n<p style=\"text-align: center;\"><span style=\"font-size: 120%;\"><em>Descubra todos los productos de esencia Soleil Pastel<\/em><\/span><\/p>\n\n<a href=\"https:\/\/www.tendenzeshabbychic.it\/tag-prodotto\/soleil-pastel\/\" class=\"button white is-gloss box-shadow-2\" >\n\t\t<span>PASTEL SOL<\/span>\n\t<\/a>\n\n\n\n\t\t<\/div>\n\t\t\t\t\t<\/div>\n\n\t\n\n<\/div>\n","protected":false},"featured_media":176621,"comment_status":"open","ping_status":"closed","template":"","meta":{"_joinchat":[]},"pwb-brand":[2089],"product_brand":[],"product_cat":[2364,2344],"product_tag":[3246,2283,3209],"class_list":{"0":"post-172654","1":"product","2":"type-product","3":"status-publish","4":"has-post-thumbnail","6":"pwb-brand-mathilde-m-es","7":"product_cat-perfumes-para-tejidos","8":"product_cat-perfumistas","9":"product_tag-dia-de-la-madre","10":"product_tag-idea-de-regalo","11":"product_tag-pastel-soleil","13":"first","14":"instock","15":"taxable","16":"shipping-taxable","17":"purchasable","18":"product-type-simple"},"brands":[{"id":2089,"name":"Mathilde M.","slug":"mathilde-m-es"}],"_links":{"self":[{"href":"https:\/\/www.tendenzeshabbychic.it\/es\/wp-json\/wp\/v2\/product\/172654","targetHints":{"allow":["GET"]}}],"collection":[{"href":"https:\/\/www.tendenzeshabbychic.it\/es\/wp-json\/wp\/v2\/product"}],"about":[{"href":"https:\/\/www.tendenzeshabbychic.it\/es\/wp-json\/wp\/v2\/types\/product"}],"replies":[{"embeddable":true,"href":"https:\/\/www.tendenzeshabbychic.it\/es\/wp-json\/wp\/v2\/comments?post=172654"}],"wp:featuredmedia":[{"embeddable":true,"href":"https:\/\/www.tendenzeshabbychic.it\/es\/wp-json\/wp\/v2\/media\/176621"}],"wp:attachment":[{"href":"https:\/\/www.tendenzeshabbychic.it\/es\/wp-json\/wp\/v2\/media?parent=172654"}],"wp:term":[{"taxonomy":"pwb-brand","embeddable":true,"href":"https:\/\/www.tendenzeshabbychic.it\/es\/wp-json\/wp\/v2\/pwb-brand?post=172654"},{"taxonomy":"product_brand","embeddable":true,"href":"https:\/\/www.tendenzeshabbychic.it\/es\/wp-json\/wp\/v2\/product_brand?post=172654"},{"taxonomy":"product_cat","embeddable":true,"href":"https:\/\/www.tendenzeshabbychic.it\/es\/wp-json\/wp\/v2\/product_cat?post=172654"},{"taxonomy":"product_tag","embeddable":true,"href":"https:\/\/www.tendenzeshabbychic.it\/es\/wp-json\/wp\/v2\/product_tag?post=172654"}],"curies":[{"name":"wp","href":"https:\/\/api.w.org\/{rel}","templated":true}]}}