{"id":172359,"date":"2026-01-15T19:00:08","date_gmt":"2026-01-15T18:00:08","guid":{"rendered":"https:\/\/www.tendenzeshabbychic.it\/prodotto\/blanc-mariclo-par-de-toallas-sangallo-tenidas-en-prenda-gris-claro\/"},"modified":"2026-01-13T21:19:49","modified_gmt":"2026-01-13T20:19:49","slug":"blanc-mariclo-par-de-toallas-sangallo-tenidas-en-prenda-gris-claro","status":"publish","type":"product","link":"https:\/\/www.tendenzeshabbychic.it\/es\/producto\/blanc-mariclo-par-de-toallas-sangallo-tenidas-en-prenda-gris-claro\/","title":{"rendered":"Blanc Maricl\u00f2 Par de toallas Sangallo te\u00f1idas en prenda gris claro"},"content":{"rendered":"<p>La pareja de toallas Blanc MariCl\u00f2 es un accesorio esencial para tu cuarto de ba\u00f1o, con un dise\u00f1o que combina funcionalidad y estilo. Tanto las toallas de cara como las de invitados est\u00e1n hechas de rizo de algod\u00f3n de alta calidad con un gramaje de 450 g\/m\u00b2, que ofrece una suavidad y absorbencia superiores.<\/p>\n<p>El detalle distintivo es el volante de encaje sangallo, te\u00f1ido en prenda para un aspecto vintage y sofisticado en gris claro. Perfectas para una decoraci\u00f3n Shabby Chic, cl\u00e1sica o moderna, estas toallas aportan elegancia y sofisticaci\u00f3n a cualquier cuarto de ba\u00f1o.<\/p>\n<ul>\n<li><strong>Material de calidad<\/strong> : esponja suave y absorbente de 450 g\/m\u00b2.<\/li>\n<li><strong>Detalle decorativo<\/strong> : encaje sangallo te\u00f1ido en prenda para un look refinado.<\/li>\n<li><strong>Set completo<\/strong> : incluye toalla de cara (60&#215;110 cm) y toalla de invitados (40&#215;60 cm).<\/li>\n<li><strong>Versatilidad<\/strong> : ideal tanto para uso diario como para ocasiones especiales.<\/li>\n<li><strong>Firma Blanc Maricl\u00f2<\/strong> : garant\u00eda de estilo y calidad en cada detalle.<\/li>\n<\/ul>\n<p>&nbsp;<\/p>\n","protected":false},"excerpt":{"rendered":"<p>Un elegante par de toallas Blanc MariCl\u00f2, compuesto por una toalla de cara y otra de invitados de color gris claro, enriquecidas con un refinado volante de encaje sangallo te\u00f1ido en pieza. Hecha de suave esponja de 450 g\/m\u00b2 para un toque de lujo y comodidad.<\/p>\n<p>\ud83d\udccf Hu\u00e9sped: 40&#215;60 cm, Cara: 60&#215;110 cm.<\/p>\n","protected":false},"featured_media":169322,"comment_status":"open","ping_status":"closed","template":"","meta":{"_joinchat":[]},"pwb-brand":[2076],"product_brand":[],"product_cat":[2325,2384],"product_tag":[2250],"class_list":{"0":"post-172359","1":"product","2":"type-product","3":"status-publish","4":"has-post-thumbnail","6":"pwb-brand-blanc-mariclo-es","7":"product_cat-toallas","8":"product_cat-el-bano","9":"product_tag-encaje-sangallo","10":"pa_colore-gris-es","12":"first","13":"instock","14":"taxable","15":"shipping-taxable","16":"purchasable","17":"product-type-simple"},"brands":[{"id":2076,"name":"Blanc Mariclo","slug":"blanc-mariclo-es"}],"_links":{"self":[{"href":"https:\/\/www.tendenzeshabbychic.it\/es\/wp-json\/wp\/v2\/product\/172359","targetHints":{"allow":["GET"]}}],"collection":[{"href":"https:\/\/www.tendenzeshabbychic.it\/es\/wp-json\/wp\/v2\/product"}],"about":[{"href":"https:\/\/www.tendenzeshabbychic.it\/es\/wp-json\/wp\/v2\/types\/product"}],"replies":[{"embeddable":true,"href":"https:\/\/www.tendenzeshabbychic.it\/es\/wp-json\/wp\/v2\/comments?post=172359"}],"wp:featuredmedia":[{"embeddable":true,"href":"https:\/\/www.tendenzeshabbychic.it\/es\/wp-json\/wp\/v2\/media\/169322"}],"wp:attachment":[{"href":"https:\/\/www.tendenzeshabbychic.it\/es\/wp-json\/wp\/v2\/media?parent=172359"}],"wp:term":[{"taxonomy":"pwb-brand","embeddable":true,"href":"https:\/\/www.tendenzeshabbychic.it\/es\/wp-json\/wp\/v2\/pwb-brand?post=172359"},{"taxonomy":"product_brand","embeddable":true,"href":"https:\/\/www.tendenzeshabbychic.it\/es\/wp-json\/wp\/v2\/product_brand?post=172359"},{"taxonomy":"product_cat","embeddable":true,"href":"https:\/\/www.tendenzeshabbychic.it\/es\/wp-json\/wp\/v2\/product_cat?post=172359"},{"taxonomy":"product_tag","embeddable":true,"href":"https:\/\/www.tendenzeshabbychic.it\/es\/wp-json\/wp\/v2\/product_tag?post=172359"}],"curies":[{"name":"wp","href":"https:\/\/api.w.org\/{rel}","templated":true}]}}