{"id":172131,"date":"2025-01-21T13:15:00","date_gmt":"2025-01-21T12:15:00","guid":{"rendered":"https:\/\/www.tendenzeshabbychic.it\/prodotto\/edg-decoracion-en-forma-de-corazon-en-vidrio-soplado-o18\/"},"modified":"2025-01-16T22:58:55","modified_gmt":"2025-01-16T21:58:55","slug":"edg-decoracion-en-forma-de-corazon-en-vidrio-soplado-o18","status":"publish","type":"product","link":"https:\/\/www.tendenzeshabbychic.it\/es\/producto\/edg-decoracion-en-forma-de-corazon-en-vidrio-soplado-o18\/","title":{"rendered":"EDG Decoraci\u00f3n en forma de coraz\u00f3n en vidrio soplado \u00d818"},"content":{"rendered":"<p>La decoraci\u00f3n Coraz\u00f3n en vidrio soplado EDG es un elemento decorativo sofisticado y vers\u00e1til. Elaborado con vidrio transparente, este coraz\u00f3n a\u00f1ade un toque de luz y sofisticaci\u00f3n a cualquier entorno. Perfecto para colgar como adorno, es ideal para decorar \u00e1rboles de Navidad, ventanas o rincones de la casa durante todo el a\u00f1o. Un complemento elegante que expresa romanticismo y sencillez.   <\/p>\n<ul>\n<li><strong>Material de calidad:<\/strong> Vidrio soplado transparente para un efecto elegante.<\/li>\n<li><strong>Dise\u00f1o exquisito:<\/strong> Forma de coraz\u00f3n con detalles artesanales.<\/li>\n<li><strong>Vers\u00e1til:<\/strong> Perfecto para decoraciones navide\u00f1as, bodas o ambientes rom\u00e1nticos.<\/li>\n<li><strong>Dimensiones pr\u00e1cticas:<\/strong> \u00d8 18 cm.<\/li>\n<li><strong>F\u00e1cil de colgar:<\/strong> equipado con un discreto gancho para un f\u00e1cil montaje.<\/li>\n<\/ul>\n","protected":false},"excerpt":{"rendered":"<p>Elegante decoraci\u00f3n en forma de coraz\u00f3n en cristal soplado transparente. Un toque refinado para decorar espacios interiores o enriquecer tus vacaciones. \ud83d\udccf \u00d8 18cm <\/p>\n","protected":false},"featured_media":170067,"comment_status":"open","ping_status":"closed","template":"","meta":{"_joinchat":[]},"pwb-brand":[2084],"product_brand":[],"product_cat":[2396],"product_tag":[3246,2283,3135,3286],"class_list":{"0":"post-172131","1":"product","2":"type-product","3":"status-publish","4":"has-post-thumbnail","6":"pwb-brand-edg-enzo-de-gasperi","7":"product_cat-objetos","8":"product_tag-dia-de-la-madre","9":"product_tag-idea-de-regalo","10":"product_tag-san-valentin","11":"product_tag-ventas","12":"pa_colore-transparente","14":"first","15":"outofstock","16":"sale","17":"taxable","18":"shipping-taxable","19":"purchasable","20":"product-type-simple"},"brands":[{"id":2084,"name":"EDG - Enzo De Gasperi","slug":"edg-enzo-de-gasperi"}],"_links":{"self":[{"href":"https:\/\/www.tendenzeshabbychic.it\/es\/wp-json\/wp\/v2\/product\/172131","targetHints":{"allow":["GET"]}}],"collection":[{"href":"https:\/\/www.tendenzeshabbychic.it\/es\/wp-json\/wp\/v2\/product"}],"about":[{"href":"https:\/\/www.tendenzeshabbychic.it\/es\/wp-json\/wp\/v2\/types\/product"}],"replies":[{"embeddable":true,"href":"https:\/\/www.tendenzeshabbychic.it\/es\/wp-json\/wp\/v2\/comments?post=172131"}],"wp:featuredmedia":[{"embeddable":true,"href":"https:\/\/www.tendenzeshabbychic.it\/es\/wp-json\/wp\/v2\/media\/170067"}],"wp:attachment":[{"href":"https:\/\/www.tendenzeshabbychic.it\/es\/wp-json\/wp\/v2\/media?parent=172131"}],"wp:term":[{"taxonomy":"pwb-brand","embeddable":true,"href":"https:\/\/www.tendenzeshabbychic.it\/es\/wp-json\/wp\/v2\/pwb-brand?post=172131"},{"taxonomy":"product_brand","embeddable":true,"href":"https:\/\/www.tendenzeshabbychic.it\/es\/wp-json\/wp\/v2\/product_brand?post=172131"},{"taxonomy":"product_cat","embeddable":true,"href":"https:\/\/www.tendenzeshabbychic.it\/es\/wp-json\/wp\/v2\/product_cat?post=172131"},{"taxonomy":"product_tag","embeddable":true,"href":"https:\/\/www.tendenzeshabbychic.it\/es\/wp-json\/wp\/v2\/product_tag?post=172131"}],"curies":[{"name":"wp","href":"https:\/\/api.w.org\/{rel}","templated":true}]}}