{"id":171840,"date":"2025-01-21T10:38:03","date_gmt":"2025-01-21T09:38:03","guid":{"rendered":"https:\/\/www.tendenzeshabbychic.it\/prodotto\/edg-rama-de-rosas-elide-con-hojas-alt-45-cm\/"},"modified":"2025-01-12T18:38:03","modified_gmt":"2025-01-12T17:38:03","slug":"edg-rama-de-rosas-elide-con-hojas-alt-45-cm","status":"publish","type":"product","link":"https:\/\/www.tendenzeshabbychic.it\/es\/producto\/edg-rama-de-rosas-elide-con-hojas-alt-45-cm\/","title":{"rendered":"EDG Rama de rosas Elide con hojas Alt. 45 cm"},"content":{"rendered":"<p>El Ramo Rosa Elide EDG es el accesorio perfecto para quienes desean agregar un toque de clase a espacios habitables o eventos especiales. Esta rama presenta una flor principal en tonos crema, con p\u00e9talos detallados que capturan la delicadeza de la rosa natural. Hojas verdes realistas y tallo fino completan el dise\u00f1o, convirti\u00e9ndolo en una pieza decorativa visualmente impresionante.<br \/>\n Adecuado tanto para decoraciones individuales en jarrones refinados como para arreglos florales m\u00e1s elaborados, es una opci\u00f3n vers\u00e1til y sofisticada. Fabricado con pl\u00e1stico de alta calidad, ofrece durabilidad y belleza sin concesiones.   <\/p>\n<p><strong>Fortalezas<\/strong> :<\/p>\n<ul>\n<li>Elaborado con precisi\u00f3n con detalles realistas en los p\u00e9talos y las hojas.<\/li>\n<li>Flor en tono crema, elegante y vers\u00e1til.<\/li>\n<li>Alto de 45 cm, perfecto para diferentes tipos de jarrones.<\/li>\n<li>Material de calidad que garantiza una larga vida \u00fatil.<\/li>\n<li>Ideal para arreglos florales o decoraciones minimalistas.<\/li>\n<\/ul>\n","protected":false},"excerpt":{"rendered":"<p>Una refinada rama de Rosa Elide con hojas y flores realistas en un delicado tono crema. Un complemento decorativo elegante, ideal para enriquecer ambientes o arreglos florales. \ud83d\udccf 45cm. <\/p>\n","protected":false},"featured_media":170883,"comment_status":"open","ping_status":"closed","template":"","meta":{"_joinchat":[]},"pwb-brand":[2084],"product_brand":[],"product_cat":[2773,2387],"product_tag":[],"class_list":{"0":"post-171840","1":"product","2":"type-product","3":"status-publish","4":"has-post-thumbnail","6":"pwb-brand-edg-enzo-de-gasperi","7":"product_cat-flores-en-maceta","8":"product_cat-flores-y-plantas-artificiales","9":"pa_colore-crema","11":"first","12":"instock","13":"taxable","14":"shipping-taxable","15":"purchasable","16":"product-type-simple"},"brands":[{"id":2084,"name":"EDG - Enzo De Gasperi","slug":"edg-enzo-de-gasperi"}],"_links":{"self":[{"href":"https:\/\/www.tendenzeshabbychic.it\/es\/wp-json\/wp\/v2\/product\/171840","targetHints":{"allow":["GET"]}}],"collection":[{"href":"https:\/\/www.tendenzeshabbychic.it\/es\/wp-json\/wp\/v2\/product"}],"about":[{"href":"https:\/\/www.tendenzeshabbychic.it\/es\/wp-json\/wp\/v2\/types\/product"}],"replies":[{"embeddable":true,"href":"https:\/\/www.tendenzeshabbychic.it\/es\/wp-json\/wp\/v2\/comments?post=171840"}],"wp:featuredmedia":[{"embeddable":true,"href":"https:\/\/www.tendenzeshabbychic.it\/es\/wp-json\/wp\/v2\/media\/170883"}],"wp:attachment":[{"href":"https:\/\/www.tendenzeshabbychic.it\/es\/wp-json\/wp\/v2\/media?parent=171840"}],"wp:term":[{"taxonomy":"pwb-brand","embeddable":true,"href":"https:\/\/www.tendenzeshabbychic.it\/es\/wp-json\/wp\/v2\/pwb-brand?post=171840"},{"taxonomy":"product_brand","embeddable":true,"href":"https:\/\/www.tendenzeshabbychic.it\/es\/wp-json\/wp\/v2\/product_brand?post=171840"},{"taxonomy":"product_cat","embeddable":true,"href":"https:\/\/www.tendenzeshabbychic.it\/es\/wp-json\/wp\/v2\/product_cat?post=171840"},{"taxonomy":"product_tag","embeddable":true,"href":"https:\/\/www.tendenzeshabbychic.it\/es\/wp-json\/wp\/v2\/product_tag?post=171840"}],"curies":[{"name":"wp","href":"https:\/\/api.w.org\/{rel}","templated":true}]}}