{"id":171496,"date":"2025-01-21T08:50:55","date_gmt":"2025-01-21T07:50:55","guid":{"rendered":"https:\/\/www.tendenzeshabbychic.it\/prodotto\/edg-rama-de-manzanilla-con-hojas-alt-70-cm\/"},"modified":"2025-01-12T18:50:55","modified_gmt":"2025-01-12T17:50:55","slug":"edg-rama-de-manzanilla-con-hojas-alt-70-cm","status":"publish","type":"product","link":"https:\/\/www.tendenzeshabbychic.it\/es\/producto\/edg-rama-de-manzanilla-con-hojas-alt-70-cm\/","title":{"rendered":"EDG Rama de manzanilla con hojas Alt. 70 cm"},"content":{"rendered":"<p>La Rama de Manzanilla EDG es un elemento decorativo sencillo y refinado, que captura la esencia de la naturaleza con sus detalles realistas. Las peque\u00f1as flores blancas con centros de color amarillo brillante se combinan con finas y delicadas hojas verdes, creando un efecto natural y relajante. El tallo flexible te permite adaptarlo f\u00e1cilmente a diferentes tipos de jarrones o arreglos florales.<br \/>\n Esta rama es perfecta para decoraciones primaverales o veraniegas, para enriquecer mesas, estanter\u00edas o rincones de la casa. Es una opci\u00f3n vers\u00e1til, ideal tanto sola como formando parte de ramos m\u00e1s elaborados.   <\/p>\n<ul>\n<li>Reproducci\u00f3n realista de flores de manzanilla, con cuidados detalles.<\/li>\n<li>Materiales de alta calidad que garantizan durabilidad y belleza.<\/li>\n<li>Alto de 70 cm, perfecto para jarrones altos o composiciones naturales.<\/li>\n<li>Ideal para crear atm\u00f3sferas relajantes y armoniosas.<\/li>\n<li>Adecuado para decoraci\u00f3n en el hogar, eventos o espacios comerciales.<\/li>\n<\/ul>\n","protected":false},"excerpt":{"rendered":"<p>Una delicada rama de manzanilla con flores blancas y amarillas y hojas finas, perfecta para a\u00f1adir un toque de naturalidad y frescura a tus decoraciones. \ud83d\udccf Alto 70cm.<\/p>\n","protected":false},"featured_media":170901,"comment_status":"open","ping_status":"closed","template":"","meta":{"_joinchat":[]},"pwb-brand":[2084],"product_brand":[],"product_cat":[2773,2387],"product_tag":[],"class_list":{"0":"post-171496","1":"product","2":"type-product","3":"status-publish","4":"has-post-thumbnail","6":"pwb-brand-edg-enzo-de-gasperi","7":"product_cat-flores-en-maceta","8":"product_cat-flores-y-plantas-artificiales","9":"pa_colore-amarillo","10":"pa_colore-blanco","12":"first","13":"outofstock","14":"taxable","15":"shipping-taxable","16":"purchasable","17":"product-type-simple"},"brands":[{"id":2084,"name":"EDG - Enzo De Gasperi","slug":"edg-enzo-de-gasperi"}],"_links":{"self":[{"href":"https:\/\/www.tendenzeshabbychic.it\/es\/wp-json\/wp\/v2\/product\/171496","targetHints":{"allow":["GET"]}}],"collection":[{"href":"https:\/\/www.tendenzeshabbychic.it\/es\/wp-json\/wp\/v2\/product"}],"about":[{"href":"https:\/\/www.tendenzeshabbychic.it\/es\/wp-json\/wp\/v2\/types\/product"}],"replies":[{"embeddable":true,"href":"https:\/\/www.tendenzeshabbychic.it\/es\/wp-json\/wp\/v2\/comments?post=171496"}],"wp:featuredmedia":[{"embeddable":true,"href":"https:\/\/www.tendenzeshabbychic.it\/es\/wp-json\/wp\/v2\/media\/170901"}],"wp:attachment":[{"href":"https:\/\/www.tendenzeshabbychic.it\/es\/wp-json\/wp\/v2\/media?parent=171496"}],"wp:term":[{"taxonomy":"pwb-brand","embeddable":true,"href":"https:\/\/www.tendenzeshabbychic.it\/es\/wp-json\/wp\/v2\/pwb-brand?post=171496"},{"taxonomy":"product_brand","embeddable":true,"href":"https:\/\/www.tendenzeshabbychic.it\/es\/wp-json\/wp\/v2\/product_brand?post=171496"},{"taxonomy":"product_cat","embeddable":true,"href":"https:\/\/www.tendenzeshabbychic.it\/es\/wp-json\/wp\/v2\/product_cat?post=171496"},{"taxonomy":"product_tag","embeddable":true,"href":"https:\/\/www.tendenzeshabbychic.it\/es\/wp-json\/wp\/v2\/product_tag?post=171496"}],"curies":[{"name":"wp","href":"https:\/\/api.w.org\/{rel}","templated":true}]}}