{"id":171029,"date":"2025-01-21T01:48:30","date_gmt":"2025-01-21T00:48:30","guid":{"rendered":"https:\/\/www.tendenzeshabbychic.it\/prodotto\/edg-cactus-decorativo-con-flor-rosa-o-blanca-alt-15\/"},"modified":"2025-01-13T00:48:30","modified_gmt":"2025-01-12T23:48:30","slug":"edg-cactus-decorativo-con-flor-rosa-o-blanca-alt-15","status":"publish","type":"product","link":"https:\/\/www.tendenzeshabbychic.it\/es\/producto\/edg-cactus-decorativo-con-flor-rosa-o-blanca-alt-15\/","title":{"rendered":"EDG Cactus decorativo con flor rosa o blanca Alt.15"},"content":{"rendered":"<p>El cactus decorativo EDG es un complemento \u00fanico y vers\u00e1til que aporta un toque ex\u00f3tico y refinado a los ambientes interiores. Con una estructura verde recubierta de una textura que reproduce los detalles naturales de las espinas, est\u00e1 rematada por una flor disponible en dos versiones: rosa delicado o blanco puro. Este peque\u00f1o cactus, con una altura de 15cm, es perfecto para decorar escritorios, estanter\u00edas o espacios peque\u00f1os, aportando personalidad y estilo. Vendido individualmente, ofrece la posibilidad de crear composiciones personalizadas. <\/p>\n<ul>\n<li><strong>Disponible en dos versiones<\/strong> con flor rosa o blanca.<\/li>\n<li><strong>Dise\u00f1o realista<\/strong> con textura natural y detalles precisos.<\/li>\n<li><strong>Perfecto para espacios peque\u00f1os<\/strong> , ideal para decoraciones modernas y minimalistas.<\/li>\n<\/ul>\n","protected":false},"excerpt":{"rendered":"<p>Cactus decorativo EDG , disponible con flor rosa o blanca. Elaborado con detalles realistas y un elegante toque floral, ideal para usar como relleno de p\u00faas para completar una decoraci\u00f3n. \ud83d\udccf 15 cm <\/p>\n","protected":false},"featured_media":170998,"comment_status":"open","ping_status":"closed","template":"","meta":{"_joinchat":[]},"pwb-brand":[2084],"product_brand":[],"product_cat":[3207,2387],"product_tag":[3286],"class_list":{"0":"post-171029","1":"product","2":"type-product","3":"status-publish","4":"has-post-thumbnail","6":"pwb-brand-edg-enzo-de-gasperi","7":"product_cat-suculentas","8":"product_cat-flores-y-plantas-artificiales","9":"product_tag-ventas","10":"pa_colore-blanco","11":"pa_colore-rosa-es","13":"first","14":"instock","15":"sale","16":"taxable","17":"shipping-taxable","18":"purchasable","19":"product-type-variable"},"brands":[{"id":2084,"name":"EDG - Enzo De Gasperi","slug":"edg-enzo-de-gasperi"}],"_links":{"self":[{"href":"https:\/\/www.tendenzeshabbychic.it\/es\/wp-json\/wp\/v2\/product\/171029","targetHints":{"allow":["GET"]}}],"collection":[{"href":"https:\/\/www.tendenzeshabbychic.it\/es\/wp-json\/wp\/v2\/product"}],"about":[{"href":"https:\/\/www.tendenzeshabbychic.it\/es\/wp-json\/wp\/v2\/types\/product"}],"replies":[{"embeddable":true,"href":"https:\/\/www.tendenzeshabbychic.it\/es\/wp-json\/wp\/v2\/comments?post=171029"}],"wp:featuredmedia":[{"embeddable":true,"href":"https:\/\/www.tendenzeshabbychic.it\/es\/wp-json\/wp\/v2\/media\/170998"}],"wp:attachment":[{"href":"https:\/\/www.tendenzeshabbychic.it\/es\/wp-json\/wp\/v2\/media?parent=171029"}],"wp:term":[{"taxonomy":"pwb-brand","embeddable":true,"href":"https:\/\/www.tendenzeshabbychic.it\/es\/wp-json\/wp\/v2\/pwb-brand?post=171029"},{"taxonomy":"product_brand","embeddable":true,"href":"https:\/\/www.tendenzeshabbychic.it\/es\/wp-json\/wp\/v2\/product_brand?post=171029"},{"taxonomy":"product_cat","embeddable":true,"href":"https:\/\/www.tendenzeshabbychic.it\/es\/wp-json\/wp\/v2\/product_cat?post=171029"},{"taxonomy":"product_tag","embeddable":true,"href":"https:\/\/www.tendenzeshabbychic.it\/es\/wp-json\/wp\/v2\/product_tag?post=171029"}],"curies":[{"name":"wp","href":"https:\/\/api.w.org\/{rel}","templated":true}]}}