{"id":161847,"date":"2025-07-28T15:54:38","date_gmt":"2025-07-28T14:54:38","guid":{"rendered":"https:\/\/www.tendenzeshabbychic.it\/prodotto\/edg-decoracion-copo-de-nieve-con-gemas-rosas-y-borla-21-cm\/"},"modified":"2025-07-28T16:09:33","modified_gmt":"2025-07-28T15:09:33","slug":"edg-decoracion-copo-de-nieve-con-gemas-rosas-y-borla-21-cm","status":"publish","type":"product","link":"https:\/\/www.tendenzeshabbychic.it\/es\/producto\/edg-decoracion-copo-de-nieve-con-gemas-rosas-y-borla-21-cm\/","title":{"rendered":"EDG Decoraci\u00f3n Copo de Nieve con Gemas Rosas y Borla 21 cm"},"content":{"rendered":"<p>El <strong>Copo de Nieve con Gemas Rosas y<\/strong> Adorno <strong>de Borla<\/strong> de EDG es un objeto <strong>extraordinario<\/strong> que combina sofisticaci\u00f3n y estilo. El copo de nieve est\u00e1 adornado con gemas rosas alargadas y brillantes detalles dorados, realzados por una perla central que a\u00f1ade un toque de elegancia cl\u00e1sica. La borla de tejido sedoso rosa empolvado cae delicadamente, a\u00f1adiendo movimiento y gracia al dise\u00f1o.  <\/p>\n<p>Perfecta para decorar \u00e1rboles de Navidad, coronas o incluso paredes, esta decoraci\u00f3n destaca por su brillo y su sofisticado estilo <strong>Shabby Chic<\/strong>. Ideal para quienes adoran los detalles \u00fanicos y quieren crear un ambiente navide\u00f1o con clase. <\/p>\n<p><strong>Principales caracter\u00edsticas:<\/strong><\/p>\n<ul>\n<li>Copo de nieve decorado con gemas rosas brillantes y perla central.<\/li>\n<li>Acabado dorado de alta calidad para darle un toque de lujo.<\/li>\n<li>Napa suave y sedosa que aporta elegancia al dise\u00f1o.<\/li>\n<li>F\u00e1cil de colgar gracias al cord\u00f3n dorado incluido.<\/li>\n<li>Perfecto para ambientes refinados y decoraciones tem\u00e1ticas glamurosas.<\/li>\n<\/ul>\n","protected":false},"excerpt":{"rendered":"<p>A\u00f1ade un toque de <strong>reluciente lujo<\/strong> a tu Navidad con este adorno de copo de nieve embellecido con gemas rosas y una perla central. La elegante borla completa el dise\u00f1o, haci\u00e9ndolo perfecto para un \u00e1rbol refinado.<br \/>\n\ud83d\udccf Altura: 21 cm<\/p>\n","protected":false},"featured_media":161813,"comment_status":"open","ping_status":"closed","template":"","meta":{"_joinchat":[]},"pwb-brand":[2084],"product_brand":[],"product_cat":[2466,2371],"product_tag":[],"class_list":{"0":"post-161847","1":"product","2":"type-product","3":"status-publish","4":"has-post-thumbnail","6":"pwb-brand-edg-enzo-de-gasperi","7":"product_cat-bolas-y-decoraciones-arbol-de-navidad","8":"product_cat-navidad","10":"first","11":"instock","12":"sale","13":"taxable","14":"shipping-taxable","15":"purchasable","16":"product-type-simple"},"brands":[{"id":2084,"name":"EDG - Enzo De Gasperi","slug":"edg-enzo-de-gasperi"}],"_links":{"self":[{"href":"https:\/\/www.tendenzeshabbychic.it\/es\/wp-json\/wp\/v2\/product\/161847","targetHints":{"allow":["GET"]}}],"collection":[{"href":"https:\/\/www.tendenzeshabbychic.it\/es\/wp-json\/wp\/v2\/product"}],"about":[{"href":"https:\/\/www.tendenzeshabbychic.it\/es\/wp-json\/wp\/v2\/types\/product"}],"replies":[{"embeddable":true,"href":"https:\/\/www.tendenzeshabbychic.it\/es\/wp-json\/wp\/v2\/comments?post=161847"}],"wp:featuredmedia":[{"embeddable":true,"href":"https:\/\/www.tendenzeshabbychic.it\/es\/wp-json\/wp\/v2\/media\/161813"}],"wp:attachment":[{"href":"https:\/\/www.tendenzeshabbychic.it\/es\/wp-json\/wp\/v2\/media?parent=161847"}],"wp:term":[{"taxonomy":"pwb-brand","embeddable":true,"href":"https:\/\/www.tendenzeshabbychic.it\/es\/wp-json\/wp\/v2\/pwb-brand?post=161847"},{"taxonomy":"product_brand","embeddable":true,"href":"https:\/\/www.tendenzeshabbychic.it\/es\/wp-json\/wp\/v2\/product_brand?post=161847"},{"taxonomy":"product_cat","embeddable":true,"href":"https:\/\/www.tendenzeshabbychic.it\/es\/wp-json\/wp\/v2\/product_cat?post=161847"},{"taxonomy":"product_tag","embeddable":true,"href":"https:\/\/www.tendenzeshabbychic.it\/es\/wp-json\/wp\/v2\/product_tag?post=161847"}],"curies":[{"name":"wp","href":"https:\/\/api.w.org\/{rel}","templated":true}]}}