{"id":160821,"date":"2025-07-25T10:23:51","date_gmt":"2025-07-25T09:23:51","guid":{"rendered":"https:\/\/www.tendenzeshabbychic.it\/prodotto\/cinta-de-terciopelo-verde-bosque-edg-16mm-x-10mt\/"},"modified":"2026-04-11T17:04:04","modified_gmt":"2026-04-11T15:04:04","slug":"cinta-de-terciopelo-verde-bosque-edg-16mm-x-10mt","status":"publish","type":"product","link":"https:\/\/www.tendenzeshabbychic.it\/es\/producto\/cinta-de-terciopelo-verde-bosque-edg-16mm-x-10mt\/","title":{"rendered":"Cinta de Terciopelo Verde Bosque EDG 16MM x 10MT"},"content":{"rendered":"<p>Fabricada con materiales de alta calidad, la cinta EDG de terciopelo Verde Bosque destaca por su textura suave y envolvente. El color c\u00e1lido y brillante a\u00f1ade profundidad y car\u00e1cter a cada proyecto de decoraci\u00f3n, desde bricolaje hasta decoraci\u00f3n de eventos especiales. El ancho de 16MM lo hace vers\u00e1til y f\u00e1cil de manejar, mientras que la longitud de 10 metros garantiza mucho material para cualquier necesidad. <\/p>\n<ul>\n<li><strong>Material precioso<\/strong> : terciopelo suave al tacto.<\/li>\n<li><strong>Color c\u00e1lido y vibrante<\/strong> : perfecto para a\u00f1adir un toque de lujo<\/li>\n<li><strong>Vers\u00e1til y funcional<\/strong> : ideal para envolver regalos, decoraci\u00f3n y bricolaje.<\/li>\n<li><strong>Amplia longitud<\/strong> : 10 metros para un uso generoso<\/li>\n<li><strong>Marca de calidad<\/strong> : EDG , sin\u00f3nimo de elegancia y refinamiento.<\/li>\n<\/ul>\n","protected":false},"excerpt":{"rendered":"<p>A\u00f1ade un toque de lujo a tus creaciones con la cinta de terciopelo Forest Green EDG , perfecta para enriquecer cada detalle decorativo.<\/p>\n<p> La textura suave y aterciopelada, combinada con el vibrante color \u00e1mbar, confiere una elegancia irresistible y vers\u00e1til a esta cinta, ideal para envolver regalos, decoraciones festivas y arreglos refinados.<\/p>\n<p> \ud83d\udccf <strong>Dimensiones<\/strong> : 16 mm de espesor x 10 metros de largo<\/p>\n","protected":false},"featured_media":160819,"comment_status":"open","ping_status":"closed","template":"","meta":{"_joinchat":[]},"pwb-brand":[2084],"product_brand":[],"product_cat":[2371],"product_tag":[2283],"class_list":{"0":"post-160821","1":"product","2":"type-product","3":"status-publish","4":"has-post-thumbnail","6":"pwb-brand-edg-enzo-de-gasperi","7":"product_cat-navidad","8":"product_tag-idea-de-regalo","10":"first","11":"instock","12":"sale","13":"taxable","14":"shipping-taxable","15":"purchasable","16":"product-type-simple"},"brands":[{"id":2084,"name":"EDG - Enzo De Gasperi","slug":"edg-enzo-de-gasperi"}],"_links":{"self":[{"href":"https:\/\/www.tendenzeshabbychic.it\/es\/wp-json\/wp\/v2\/product\/160821","targetHints":{"allow":["GET"]}}],"collection":[{"href":"https:\/\/www.tendenzeshabbychic.it\/es\/wp-json\/wp\/v2\/product"}],"about":[{"href":"https:\/\/www.tendenzeshabbychic.it\/es\/wp-json\/wp\/v2\/types\/product"}],"replies":[{"embeddable":true,"href":"https:\/\/www.tendenzeshabbychic.it\/es\/wp-json\/wp\/v2\/comments?post=160821"}],"wp:featuredmedia":[{"embeddable":true,"href":"https:\/\/www.tendenzeshabbychic.it\/es\/wp-json\/wp\/v2\/media\/160819"}],"wp:attachment":[{"href":"https:\/\/www.tendenzeshabbychic.it\/es\/wp-json\/wp\/v2\/media?parent=160821"}],"wp:term":[{"taxonomy":"pwb-brand","embeddable":true,"href":"https:\/\/www.tendenzeshabbychic.it\/es\/wp-json\/wp\/v2\/pwb-brand?post=160821"},{"taxonomy":"product_brand","embeddable":true,"href":"https:\/\/www.tendenzeshabbychic.it\/es\/wp-json\/wp\/v2\/product_brand?post=160821"},{"taxonomy":"product_cat","embeddable":true,"href":"https:\/\/www.tendenzeshabbychic.it\/es\/wp-json\/wp\/v2\/product_cat?post=160821"},{"taxonomy":"product_tag","embeddable":true,"href":"https:\/\/www.tendenzeshabbychic.it\/es\/wp-json\/wp\/v2\/product_tag?post=160821"}],"curies":[{"name":"wp","href":"https:\/\/api.w.org\/{rel}","templated":true}]}}