{"id":157932,"date":"2024-10-22T12:20:42","date_gmt":"2024-10-22T10:20:42","guid":{"rendered":"https:\/\/www.tendenzeshabbychic.it\/prodotto\/edg-base-de-arbol-de-navidad-artificial-edg-en-forma-de-lazo-rojo-%f0%9f%8e%80\/"},"modified":"2024-10-22T12:26:32","modified_gmt":"2024-10-22T10:26:32","slug":"edg-base-de-arbol-de-navidad-artificial-edg-en-forma-de-lazo-rojo-%f0%9f%8e%80","status":"publish","type":"product","link":"https:\/\/www.tendenzeshabbychic.it\/es\/producto\/edg-base-de-arbol-de-navidad-artificial-edg-en-forma-de-lazo-rojo-%f0%9f%8e%80\/","title":{"rendered":"EDG Base de \u00e1rbol de Navidad artificial EDG en forma de lazo rojo \ud83c\udf80"},"content":{"rendered":"<p>\u2728 <strong>Caracter\u00edsticas:<\/strong><\/p>\n<ul>\n<li><strong>Forma:<\/strong> Arco<\/li>\n<li><strong>Color:<\/strong> rojo brillante<\/li>\n<li><strong>Material:<\/strong> poliresina y metal.<\/li>\n<li><strong>Dimensiones:<\/strong> Alto 57 cm, Ancho 50 cm, Largo 50 cm<\/li>\n<li><strong>Dise\u00f1o:<\/strong> Elegante y Festivo, ideal para \u00e1rboles artificiales.<\/li>\n<\/ul>\n<p>Esta base no s\u00f3lo sostiene tu \u00e1rbol de forma segura, sino que tambi\u00e9n se convierte en un elemento decorativo que enriquece el ambiente navide\u00f1o de tu hogar. El dise\u00f1o del lazo rojo es perfecto para agregar un toque de elegancia y alegr\u00eda a sus decoraciones festivas. <\/p>\n<p>\ud83c\udf1f <strong>Por qu\u00e9 te gustar\u00e1:<\/strong><\/p>\n<ul>\n<li><strong>Estable y elegante:<\/strong> brinda soporte seguro para su \u00e1rbol y al mismo tiempo agrega un toque decorativo.<\/li>\n<li><strong>Vers\u00e1til:<\/strong> Ideal para cualquier \u00e1rbol de Navidad artificial.<\/li>\n<li><strong>F\u00e1cil de montar:<\/strong> dise\u00f1ado para un montaje r\u00e1pido y sencillo.<\/li>\n<\/ul>\n<p>\ud83c\udf81 <strong>\u00a1Compra Ahora y Decora Tu Navidad con Elegancia!<\/strong> \ud83c\udf81 \u00a1No pierdas la oportunidad de agregar esta hermosa base roja en forma de lazo a tu \u00e1rbol de Navidad! Visite nuestra tienda para descubrir otras decoraciones festivas y reg\u00edstrese para recibir ofertas exclusivas, c\u00f3digos de descuento y promociones exclusivas para miembros. <\/p>\n\n\t<section class=\"section dark\" id=\"section_1368628021\">\n\t\t<div class=\"section-bg fill\" >\n\t\t\t\t\t\t\t\t\t<div class=\"section-bg-overlay absolute fill\"><\/div>\n\t\t\t\n\n\t\t<\/div>\n\n\t\t\n\n\t\t<div class=\"section-content relative\">\n\t\t\t\n\n<div class=\"row align-center\"  id=\"row-854355928\">\n\n\n\t<div id=\"col-280835693\" class=\"col medium-10 small-12 large-10\"  >\n\t\t\t\t<div class=\"col-inner text-center\"  >\n\t\t\t\n\t\t\t\n\n\t<div id=\"gap-1518387123\" class=\"gap-element clearfix\" style=\"display:block; height:auto;\">\n\t\t\n<style>\n#gap-1518387123 {\n  padding-top: 10px;\n}\n@media (min-width:550px) {\n  #gap-1518387123 {\n    padding-top: 30px;\n  }\n}\n<\/style>\n\t<\/div>\n\t\n\n\t<div id=\"text-2783080502\" class=\"text\">\n\t\t\n\n<h3 class=\"uppercase\" style=\"text-align: center;\">TODO PARA TU \u00c1RBOL DE NAVIDAD<\/h3>\n<p style=\"text-align: left;\">Descubra las muchas decoraciones disponibles, muchos materiales (desde vidrio hasta madera), diferentes dise\u00f1os y estilos.<\/p>\n\t\t\n<style>\n#text-2783080502 {\n  font-size: 1.4rem;\n  text-align: left;\n}\n<\/style>\n\t<\/div>\n\t\n<a href=\"https:\/\/www.tendenzeshabbychic.it\/es\/categoria-producto\/navidad\/bolas-y-decoraciones-arbol-de-navidad\/\" class=\"button white is-outline\" style=\"border-radius:79px;\">\n\t\t<span>\ud83c\udf84 Decora tu \u00e1rbol \ud83c\udf84<\/span>\n\t<\/a>\n\n\n\n\t\t<\/div>\n\t\t\t\t\t<\/div>\n\n\t\n\n<\/div>\n\n\t\t<\/div>\n\n\t\t\n<style>\n#section_1368628021 {\n  padding-top: 60px;\n  padding-bottom: 60px;\n  min-height: 300px;\n  background-color: rgb(245, 245, 245);\n}\n#section_1368628021 .section-bg-overlay {\n  background-color: rgba(0, 0, 0, 0.5);\n}\n#section_1368628021 .section-bg img {\n  object-position: 39% 25%;\n}\n@media (min-width:550px) {\n  #section_1368628021 .section-bg-overlay {\n    background-color: rgba(0, 0, 0, 0.378);\n  }\n}\n<\/style>\n\t<\/section>\n\t\n<p>&nbsp;<\/p>\n\n\t<section class=\"section linkified dark\" id=\"section_62470616\">\n\t\t<div class=\"section-bg fill\" >\n\t\t\t<img loading=\"lazy\" decoding=\"async\" width=\"800\" height=\"213\" src=\"https:\/\/www.tendenzeshabbychic.it\/wp-content\/uploads\/2021\/09\/natale-hero-1-800x213.jpg\" class=\"bg attachment-medium size-medium\" alt=\"\" \/>\t\t\t\t\t\t<div class=\"section-bg-overlay absolute fill\"><\/div>\n\t\t\t\n\n\t\t<\/div>\n\n\t\t\n\n\t\t<div class=\"section-content relative\">\n\t\t\t\n\n<div class=\"row\"  id=\"row-1631010518\">\n\n\n\t<div id=\"col-938412263\" class=\"col small-12 large-12\"  >\n\t\t\t\t<div class=\"col-inner text-center\"  >\n\t\t\t\n\t\t\t\n\n<h3><span style=\"font-size: 180%;\">Navidad<\/span><\/h3>\n<p>Descubre la amplia selecci\u00f3n de productos para decorar tu hogar en Navidad.<\/p>\n<a href=\"https:\/\/www.tendenzeshabbychic.it\/es\/categoria-producto\/navidad\/\" class=\"button alert is-shade box-shadow-3 box-shadow-5-hover\" style=\"border-radius:5px;\">\n\t\t<span>haga clic aqu\u00ed<\/span>\n\t<\/a>\n\n\n\n\t\t<\/div>\n\t\t\t\t\t<\/div>\n\n\t\n\n<\/div>\n\n\t\t<\/div>\n\n\t\t\n<style>\n#section_62470616 {\n  padding-top: 12px;\n  padding-bottom: 12px;\n}\n#section_62470616 .section-bg-overlay {\n  background-color: rgba(0, 0, 0, 0.419);\n}\n#section_62470616 .section-bg img {\n  object-position: 21% 51%;\n}\n@media (min-width:550px) {\n  #section_62470616 {\n    padding-top: 57px;\n    padding-bottom: 57px;\n  }\n}\n<\/style>\n\t<\/section>\n\t\n","protected":false},"excerpt":{"rendered":"<p>\ud83c\udf84 \u00a1 <strong>Elegancia festiva para tu \u00e1rbol de Navidad!<\/strong> \ud83c\udf84 Dale un toque de estilo a tu \u00e1rbol de Navidad con esta impresionante base de lazo rojo EDG . Perfecta para \u00e1rboles artificiales, esta base \u00fanica est\u00e1 dise\u00f1ada para combinar funcionalidad y belleza, a\u00f1adiendo un toque festivo y refinado a su decoraci\u00f3n navide\u00f1a.<\/p>\n<p>\ud83d\udccf <strong>Dimensiones:<\/strong><\/p>\n<ul>\n<li>Ancho 50 cm<\/li>\n<li>Profundidad 50 cm.<\/li>\n<li>Alto 57cm<\/li>\n<\/ul>\n","protected":false},"featured_media":149193,"comment_status":"open","ping_status":"closed","template":"","meta":{"_joinchat":[]},"pwb-brand":[2084],"product_brand":[],"product_cat":[2484,2371,3099],"product_tag":[2172],"class_list":{"0":"post-157932","1":"product","2":"type-product","3":"status-publish","4":"has-post-thumbnail","6":"pwb-brand-edg-enzo-de-gasperi","7":"product_cat-arboles-de-navidad","8":"product_cat-navidad","9":"product_cat-soportes-para-arboles-de-navidad","10":"product_tag-escama","12":"first","13":"outofstock","14":"sale","15":"taxable","16":"shipping-taxable","17":"purchasable","18":"product-type-simple"},"brands":[{"id":2084,"name":"EDG - Enzo De Gasperi","slug":"edg-enzo-de-gasperi"}],"_links":{"self":[{"href":"https:\/\/www.tendenzeshabbychic.it\/es\/wp-json\/wp\/v2\/product\/157932","targetHints":{"allow":["GET"]}}],"collection":[{"href":"https:\/\/www.tendenzeshabbychic.it\/es\/wp-json\/wp\/v2\/product"}],"about":[{"href":"https:\/\/www.tendenzeshabbychic.it\/es\/wp-json\/wp\/v2\/types\/product"}],"replies":[{"embeddable":true,"href":"https:\/\/www.tendenzeshabbychic.it\/es\/wp-json\/wp\/v2\/comments?post=157932"}],"wp:featuredmedia":[{"embeddable":true,"href":"https:\/\/www.tendenzeshabbychic.it\/es\/wp-json\/wp\/v2\/media\/149193"}],"wp:attachment":[{"href":"https:\/\/www.tendenzeshabbychic.it\/es\/wp-json\/wp\/v2\/media?parent=157932"}],"wp:term":[{"taxonomy":"pwb-brand","embeddable":true,"href":"https:\/\/www.tendenzeshabbychic.it\/es\/wp-json\/wp\/v2\/pwb-brand?post=157932"},{"taxonomy":"product_brand","embeddable":true,"href":"https:\/\/www.tendenzeshabbychic.it\/es\/wp-json\/wp\/v2\/product_brand?post=157932"},{"taxonomy":"product_cat","embeddable":true,"href":"https:\/\/www.tendenzeshabbychic.it\/es\/wp-json\/wp\/v2\/product_cat?post=157932"},{"taxonomy":"product_tag","embeddable":true,"href":"https:\/\/www.tendenzeshabbychic.it\/es\/wp-json\/wp\/v2\/product_tag?post=157932"}],"curies":[{"name":"wp","href":"https:\/\/api.w.org\/{rel}","templated":true}]}}