{"id":157728,"date":"2024-10-08T13:16:40","date_gmt":"2024-10-08T11:16:40","guid":{"rendered":"https:\/\/www.tendenzeshabbychic.it\/prodotto\/edg-difusor-de-esencias-concentradas-higo-chumbo\/"},"modified":"2024-10-08T13:16:40","modified_gmt":"2024-10-08T11:16:40","slug":"edg-difusor-de-esencias-concentradas-higo-chumbo","status":"publish","type":"product","link":"https:\/\/www.tendenzeshabbychic.it\/es\/producto\/edg-difusor-de-esencias-concentradas-higo-chumbo\/","title":{"rendered":"EDG Difusor de Esencias Concentradas Higo Chumbo"},"content":{"rendered":"<p><strong>Caracter\u00edsticas:<\/strong><\/p>\n<ul>\n<li>Material: cer\u00e1mica esmaltada de alta calidad.<\/li>\n<li>Colores vibrantes y acabado brillante.<\/li>\n<li>Dise\u00f1o inspirado en hojas de tuna con detalles coloridos.<\/li>\n<li>Dimensiones: Alto 13,5 cm, Di\u00e1metro 13 cm<\/li>\n<li>Ideal para crear un ambiente relajante con aromas naturales.<\/li>\n<\/ul>\n","protected":false},"excerpt":{"rendered":"<p>A\u00f1ade un toque de fragante elegancia a tus espacios con el difusor de esencia concentrada <em>Prickly Pear<\/em> de Enzo De Gasperi. Este delicioso difusor de cer\u00e1mica esmaltada, con un dise\u00f1o que recuerda a hojas de tuna y peque\u00f1os frutos de colores, es perfecto para crear un ambiente relajante y acogedor. Con una altura de 13,5cm y un di\u00e1metro de 13cm, es ideal tanto para ambientes interiores como exteriores. <strong>C\u00f3mo Usarlo:<\/strong> Coloca una vela candelita en la parte inferior del difusor, enci\u00e9ndela y vierte agua con unas gotas de tu esencia arom\u00e1tica favorita en la parte superior. El calor de la llama calentar\u00e1 el agua, difundiendo lentamente el aroma en el ambiente. Una idea perfecta para perfumar la casa de forma natural y decorar con estilo.<\/p>\n","protected":false},"featured_media":157413,"comment_status":"open","ping_status":"closed","template":"","meta":{"_joinchat":[]},"pwb-brand":[2084],"product_brand":[],"product_cat":[2361,2344],"product_tag":[2283,3286],"class_list":{"0":"post-157728","1":"product","2":"type-product","3":"status-publish","4":"has-post-thumbnail","6":"pwb-brand-edg-enzo-de-gasperi","7":"product_cat-esencias-concentradas","8":"product_cat-perfumistas","9":"product_tag-idea-de-regalo","10":"product_tag-ventas","12":"first","13":"instock","14":"sale","15":"taxable","16":"shipping-taxable","17":"purchasable","18":"product-type-simple"},"brands":[{"id":2084,"name":"EDG - Enzo De Gasperi","slug":"edg-enzo-de-gasperi"}],"_links":{"self":[{"href":"https:\/\/www.tendenzeshabbychic.it\/es\/wp-json\/wp\/v2\/product\/157728","targetHints":{"allow":["GET"]}}],"collection":[{"href":"https:\/\/www.tendenzeshabbychic.it\/es\/wp-json\/wp\/v2\/product"}],"about":[{"href":"https:\/\/www.tendenzeshabbychic.it\/es\/wp-json\/wp\/v2\/types\/product"}],"replies":[{"embeddable":true,"href":"https:\/\/www.tendenzeshabbychic.it\/es\/wp-json\/wp\/v2\/comments?post=157728"}],"wp:featuredmedia":[{"embeddable":true,"href":"https:\/\/www.tendenzeshabbychic.it\/es\/wp-json\/wp\/v2\/media\/157413"}],"wp:attachment":[{"href":"https:\/\/www.tendenzeshabbychic.it\/es\/wp-json\/wp\/v2\/media?parent=157728"}],"wp:term":[{"taxonomy":"pwb-brand","embeddable":true,"href":"https:\/\/www.tendenzeshabbychic.it\/es\/wp-json\/wp\/v2\/pwb-brand?post=157728"},{"taxonomy":"product_brand","embeddable":true,"href":"https:\/\/www.tendenzeshabbychic.it\/es\/wp-json\/wp\/v2\/product_brand?post=157728"},{"taxonomy":"product_cat","embeddable":true,"href":"https:\/\/www.tendenzeshabbychic.it\/es\/wp-json\/wp\/v2\/product_cat?post=157728"},{"taxonomy":"product_tag","embeddable":true,"href":"https:\/\/www.tendenzeshabbychic.it\/es\/wp-json\/wp\/v2\/product_tag?post=157728"}],"curies":[{"name":"wp","href":"https:\/\/api.w.org\/{rel}","templated":true}]}}