{"id":157726,"date":"2025-11-30T10:31:02","date_gmt":"2025-11-30T09:31:02","guid":{"rendered":"https:\/\/www.tendenzeshabbychic.it\/prodotto\/caja-con-logotipo-edg-115-cm\/"},"modified":"2025-11-30T11:05:24","modified_gmt":"2025-11-30T10:05:24","slug":"caja-con-logotipo-edg-115-cm","status":"publish","type":"product","link":"https:\/\/www.tendenzeshabbychic.it\/es\/producto\/caja-con-logotipo-edg-115-cm\/","title":{"rendered":"Caja con logotipo EDG 11,5 cm"},"content":{"rendered":"<p><strong>Caracter\u00edsticas:<\/strong><\/p>\n<ul>\n<li>Dimensiones: Al.11,5 cm, L.11,5 cm, P.11,5 cm<\/li>\n<li>Color: Blanco marfil con detalles dorados<\/li>\n<li>Material: cart\u00f3n de alta calidad<\/li>\n<li>Logotipo: EDG dorado en el centro.<\/li>\n<li>Ideal para: Esferas decorativas, peque\u00f1os objetos, velas y adornos.<\/li>\n<\/ul>\n<p><strong>Recomendaciones de uso:<\/strong> Esta caja es perfecta para presentar un regalo durante las fiestas navide\u00f1as o para envolver un precioso regalo en cualquier ocasi\u00f3n especial. El\u00edjalo para regalos que merezcan ser presentados con elegancia y atenci\u00f3n al detalle. <\/p>\n","protected":false},"excerpt":{"rendered":"<p>A\u00f1ade un toque de clase a tus regalos con la caja con el logotipo EDG Enzo De Gasperi.<\/p>\n<p> Elegante y refinado, este paquete es perfecto para realzar cada regalo, haci\u00e9ndolo a\u00fan m\u00e1s especial.<\/p>\n<p> Sus dimensiones (A.11,5 x L.11,5 x P.11,5 cm) lo hacen ideal para contener objetos decorativos como bolas navide\u00f1as de 10 cm, peque\u00f1os adornos o velas.<\/p>\n<p> Realizada en cart\u00f3n resistente, la caja est\u00e1 adornada con el logo dorado y un delicado motivo gr\u00e1fico que recuerda el estilo inconfundible de la marca EDG .<\/p>\n","protected":false},"featured_media":157567,"comment_status":"open","ping_status":"closed","template":"","meta":{"_joinchat":[]},"pwb-brand":[776],"product_brand":[],"product_cat":[2396],"product_tag":[523,2797],"class_list":{"0":"post-157726","1":"product","2":"type-product","3":"status-publish","4":"has-post-thumbnail","6":"pwb-brand-edg","7":"product_cat-objetos","8":"product_tag-idea-regalo","9":"product_tag-noad","11":"first","12":"instock","13":"taxable","14":"shipping-taxable","15":"purchasable","16":"product-type-simple"},"brands":[{"id":2084,"name":"EDG - Enzo De Gasperi","slug":"edg-enzo-de-gasperi"}],"_links":{"self":[{"href":"https:\/\/www.tendenzeshabbychic.it\/es\/wp-json\/wp\/v2\/product\/157726","targetHints":{"allow":["GET"]}}],"collection":[{"href":"https:\/\/www.tendenzeshabbychic.it\/es\/wp-json\/wp\/v2\/product"}],"about":[{"href":"https:\/\/www.tendenzeshabbychic.it\/es\/wp-json\/wp\/v2\/types\/product"}],"replies":[{"embeddable":true,"href":"https:\/\/www.tendenzeshabbychic.it\/es\/wp-json\/wp\/v2\/comments?post=157726"}],"wp:featuredmedia":[{"embeddable":true,"href":"https:\/\/www.tendenzeshabbychic.it\/es\/wp-json\/wp\/v2\/media\/157567"}],"wp:attachment":[{"href":"https:\/\/www.tendenzeshabbychic.it\/es\/wp-json\/wp\/v2\/media?parent=157726"}],"wp:term":[{"taxonomy":"pwb-brand","embeddable":true,"href":"https:\/\/www.tendenzeshabbychic.it\/es\/wp-json\/wp\/v2\/pwb-brand?post=157726"},{"taxonomy":"product_brand","embeddable":true,"href":"https:\/\/www.tendenzeshabbychic.it\/es\/wp-json\/wp\/v2\/product_brand?post=157726"},{"taxonomy":"product_cat","embeddable":true,"href":"https:\/\/www.tendenzeshabbychic.it\/es\/wp-json\/wp\/v2\/product_cat?post=157726"},{"taxonomy":"product_tag","embeddable":true,"href":"https:\/\/www.tendenzeshabbychic.it\/es\/wp-json\/wp\/v2\/product_tag?post=157726"}],"curies":[{"name":"wp","href":"https:\/\/api.w.org\/{rel}","templated":true}]}}