{"id":157697,"date":"2024-10-15T13:19:01","date_gmt":"2024-10-15T11:19:01","guid":{"rendered":"https:\/\/www.tendenzeshabbychic.it\/prodotto\/soporte-para-espejo-con-pies-h5x20x20-edg\/"},"modified":"2025-05-12T17:32:37","modified_gmt":"2025-05-12T16:32:37","slug":"soporte-para-espejo-con-pies-h5x20x20-edg","status":"publish","type":"product","link":"https:\/\/www.tendenzeshabbychic.it\/es\/producto\/soporte-para-espejo-con-pies-h5x20x20-edg\/","title":{"rendered":"Soporte para espejo con pies H5x20x20 EDG"},"content":{"rendered":"<h4>Especificaciones:<\/h4>\n<ul>\n<li><strong>Colecci\u00f3n:<\/strong> EDG (Enzo De Gasperi)<\/li>\n<li><strong>Material:<\/strong> Vidrio espejado<\/li>\n<li><strong>Dimensiones:<\/strong> Alto 5 cm, Ancho 20 cm, Largo 20 cm<\/li>\n<li><strong>Color:<\/strong> espejo transparente<\/li>\n<li><strong>Detalle decorativo:<\/strong> Pies esf\u00e9ricos transparentes<\/li>\n<li>Completo con caja blanca<\/li>\n<\/ul>\n<h4>Uso y atm\u00f3sfera:<\/h4>\n<p>El soporte con espejo es ideal para exhibir art\u00edculos preciados y agregar un toque de lujo a cualquier decoraci\u00f3n. Perfecto como base para velas decorativas, arreglos florales, peque\u00f1as esculturas o postres en ocasiones especiales. Gracias a su efecto reflectante realza la luminosidad de los ambientes y aporta profundidad, convirti\u00e9ndolo en una opci\u00f3n vers\u00e1til y atemporal para hogares y espacios expositivos.  <\/p>\n","protected":false},"excerpt":{"rendered":"<p>Este elegante soporte de espejo con pies, dise\u00f1ado por Enzo De Gasperi, es el complemento ideal para realzar la belleza de cualquier ambiente.<\/p>\n<p> Sus l\u00edneas modernas y su superficie reflectante crean un efecto brillante y refinado, perfecto para resaltar jarrones decorativos, objetos de colecci\u00f3n o como base para centros de mesa.<\/p>\n<p> Fabricado en cristal espejado de alta calidad, con unas dimensiones H5x20x20 cm, este soporte para tartas se adapta perfectamente a espacios de diferentes tama\u00f1os.<\/p>\n<p> Los pies esf\u00e9ricos transparentes lo levantan suavemente, dando una apariencia suspendida y ligera que enriquece a\u00fan m\u00e1s la composici\u00f3n visual.<\/p>\n","protected":false},"featured_media":157691,"comment_status":"open","ping_status":"closed","template":"","meta":{"_joinchat":[]},"pwb-brand":[2084],"product_brand":[],"product_cat":[2360],"product_tag":[],"class_list":{"0":"post-157697","1":"product","2":"type-product","3":"status-publish","4":"has-post-thumbnail","6":"pwb-brand-edg-enzo-de-gasperi","7":"product_cat-bandejas","9":"first","10":"instock","11":"taxable","12":"shipping-taxable","13":"purchasable","14":"product-type-simple"},"brands":[{"id":2084,"name":"EDG - Enzo De Gasperi","slug":"edg-enzo-de-gasperi"}],"_links":{"self":[{"href":"https:\/\/www.tendenzeshabbychic.it\/es\/wp-json\/wp\/v2\/product\/157697","targetHints":{"allow":["GET"]}}],"collection":[{"href":"https:\/\/www.tendenzeshabbychic.it\/es\/wp-json\/wp\/v2\/product"}],"about":[{"href":"https:\/\/www.tendenzeshabbychic.it\/es\/wp-json\/wp\/v2\/types\/product"}],"replies":[{"embeddable":true,"href":"https:\/\/www.tendenzeshabbychic.it\/es\/wp-json\/wp\/v2\/comments?post=157697"}],"wp:featuredmedia":[{"embeddable":true,"href":"https:\/\/www.tendenzeshabbychic.it\/es\/wp-json\/wp\/v2\/media\/157691"}],"wp:attachment":[{"href":"https:\/\/www.tendenzeshabbychic.it\/es\/wp-json\/wp\/v2\/media?parent=157697"}],"wp:term":[{"taxonomy":"pwb-brand","embeddable":true,"href":"https:\/\/www.tendenzeshabbychic.it\/es\/wp-json\/wp\/v2\/pwb-brand?post=157697"},{"taxonomy":"product_brand","embeddable":true,"href":"https:\/\/www.tendenzeshabbychic.it\/es\/wp-json\/wp\/v2\/product_brand?post=157697"},{"taxonomy":"product_cat","embeddable":true,"href":"https:\/\/www.tendenzeshabbychic.it\/es\/wp-json\/wp\/v2\/product_cat?post=157697"},{"taxonomy":"product_tag","embeddable":true,"href":"https:\/\/www.tendenzeshabbychic.it\/es\/wp-json\/wp\/v2\/product_tag?post=157697"}],"curies":[{"name":"wp","href":"https:\/\/api.w.org\/{rel}","templated":true}]}}