{"id":156128,"date":"2023-01-04T00:00:01","date_gmt":"2023-01-03T23:00:01","guid":{"rendered":"https:\/\/www.tendenzeshabbychic.it\/prodotto\/arbol-de-navidad-con-cuentas-sobre-pedestal-dorado-alt-33-cm\/"},"modified":"2024-09-20T17:20:16","modified_gmt":"2024-09-20T15:20:16","slug":"arbol-de-navidad-con-cuentas-sobre-pedestal-dorado-alt-33-cm","status":"publish","type":"product","link":"https:\/\/www.tendenzeshabbychic.it\/es\/producto\/arbol-de-navidad-con-cuentas-sobre-pedestal-dorado-alt-33-cm\/","title":{"rendered":"\u00c1rbol de Navidad con cuentas sobre pedestal dorado Alt. 33 cm"},"content":{"rendered":"<p>Las perlas, aplicadas con maestr\u00eda, crean un efecto brillante que capta la luz y convierte el \u00e1rbol en un verdadero protagonista de tus decoraciones navide\u00f1as. Tambi\u00e9n es ideal como idea de regalo para quienes aman decorar su hogar con estilo durante las vacaciones.  Caracter\u00edsticas principales:  <\/p>\n<ul>\n<li>Altura: 33cm<\/li>\n<li>Ancho: 15cm<\/li>\n<li>Material: cuentas, pedestal dorado.<\/li>\n<li>Color: Verde y rojo con base dorada.<\/li>\n<li>Ideal para: Decoraci\u00f3n de interiores durante la temporada navide\u00f1a.<\/li>\n<\/ul>\n<p>  Un complemento impecable para una Navidad elegante y refinada, perfecto para los amantes del lujo y el dise\u00f1o sofisticado.<\/p>\n","protected":false},"excerpt":{"rendered":"<p>A\u00f1ade un toque de lujo a tus decoraciones navide\u00f1as con este magn\u00edfico \u00e1rbol de Navidad adornado con cuentas verdes y rojas. Elaborado con atenci\u00f3n al detalle, el \u00e1rbol se alza sobre un elegante pedestal dorado que realza su refinado dise\u00f1o. Con su altura de 33 cm, es perfecto para decorar mesas de centro, estanter\u00edas o centros de mesa, aportando un ambiente festivo y sofisticado a tu hogar. \ud83d\udccf <strong>Dimensiones:<\/strong> Ancho 15 x Fondo 8 x Alto 33 cm<\/p>\n","protected":false},"featured_media":156119,"comment_status":"open","ping_status":"closed","template":"","meta":{"_joinchat":[]},"pwb-brand":[2084],"product_brand":[],"product_cat":[2371],"product_tag":[],"class_list":{"0":"post-156128","1":"product","2":"type-product","3":"status-publish","4":"has-post-thumbnail","6":"pwb-brand-edg-enzo-de-gasperi","7":"product_cat-navidad","9":"first","10":"instock","11":"sale","12":"taxable","13":"shipping-taxable","14":"purchasable","15":"product-type-simple"},"brands":[{"id":2084,"name":"EDG - Enzo De Gasperi","slug":"edg-enzo-de-gasperi"}],"_links":{"self":[{"href":"https:\/\/www.tendenzeshabbychic.it\/es\/wp-json\/wp\/v2\/product\/156128","targetHints":{"allow":["GET"]}}],"collection":[{"href":"https:\/\/www.tendenzeshabbychic.it\/es\/wp-json\/wp\/v2\/product"}],"about":[{"href":"https:\/\/www.tendenzeshabbychic.it\/es\/wp-json\/wp\/v2\/types\/product"}],"replies":[{"embeddable":true,"href":"https:\/\/www.tendenzeshabbychic.it\/es\/wp-json\/wp\/v2\/comments?post=156128"}],"wp:featuredmedia":[{"embeddable":true,"href":"https:\/\/www.tendenzeshabbychic.it\/es\/wp-json\/wp\/v2\/media\/156119"}],"wp:attachment":[{"href":"https:\/\/www.tendenzeshabbychic.it\/es\/wp-json\/wp\/v2\/media?parent=156128"}],"wp:term":[{"taxonomy":"pwb-brand","embeddable":true,"href":"https:\/\/www.tendenzeshabbychic.it\/es\/wp-json\/wp\/v2\/pwb-brand?post=156128"},{"taxonomy":"product_brand","embeddable":true,"href":"https:\/\/www.tendenzeshabbychic.it\/es\/wp-json\/wp\/v2\/product_brand?post=156128"},{"taxonomy":"product_cat","embeddable":true,"href":"https:\/\/www.tendenzeshabbychic.it\/es\/wp-json\/wp\/v2\/product_cat?post=156128"},{"taxonomy":"product_tag","embeddable":true,"href":"https:\/\/www.tendenzeshabbychic.it\/es\/wp-json\/wp\/v2\/product_tag?post=156128"}],"curies":[{"name":"wp","href":"https:\/\/api.w.org\/{rel}","templated":true}]}}