{"id":155708,"date":"2023-01-04T00:00:01","date_gmt":"2023-01-03T23:00:01","guid":{"rendered":"https:\/\/www.tendenzeshabbychic.it\/?post_type=product&#038;p=155708"},"modified":"2025-08-24T16:20:53","modified_gmt":"2025-08-24T15:20:53","slug":"enzo-de-gasperi-rama-con-12-esferas-rojas-alt-53-cm-copia","status":"publish","type":"product","link":"https:\/\/www.tendenzeshabbychic.it\/es\/producto\/enzo-de-gasperi-rama-con-12-esferas-rojas-alt-53-cm-copia\/","title":{"rendered":"Enzo De Gasperi Rama con 12 esferas plateadas Alt. 53 cm"},"content":{"rendered":"<p>&nbsp;<\/p>\n\n\t<section class=\"section dark\" id=\"section_1459400963\">\n\t\t<div class=\"section-bg fill\" >\n\t\t\t\t\t\t\t\t\t<div class=\"section-bg-overlay absolute fill\"><\/div>\n\t\t\t\n\n\t\t<\/div>\n\n\t\t\n\n\t\t<div class=\"section-content relative\">\n\t\t\t\n\n<div class=\"row align-center\"  id=\"row-1761285271\">\n\n\n\t<div id=\"col-1266399566\" class=\"col medium-10 small-12 large-10\"  >\n\t\t\t\t<div class=\"col-inner text-center\"  >\n\t\t\t\n\t\t\t\n\n\t<div id=\"gap-216485534\" class=\"gap-element clearfix\" style=\"display:block; height:auto;\">\n\t\t\n<style>\n#gap-216485534 {\n  padding-top: 10px;\n}\n@media (min-width:550px) {\n  #gap-216485534 {\n    padding-top: 30px;\n  }\n}\n<\/style>\n\t<\/div>\n\t\n\n\t<div id=\"text-3829584417\" class=\"text\">\n\t\t\n\n<h3 class=\"uppercase\" style=\"text-align: center;\">TODO PARA TU \u00c1RBOL DE NAVIDAD<\/h3>\n<p style=\"text-align: left;\">Descubra las muchas decoraciones disponibles, muchos materiales (desde vidrio hasta madera), diferentes dise\u00f1os y estilos.<\/p>\n\t\t\n<style>\n#text-3829584417 {\n  font-size: 1.4rem;\n  text-align: left;\n}\n<\/style>\n\t<\/div>\n\t\n<a href=\"https:\/\/www.tendenzeshabbychic.it\/es\/categoria-producto\/navidad\/bolas-y-decoraciones-arbol-de-navidad\/\" class=\"button white is-outline\" style=\"border-radius:79px;\">\n\t\t<span>\ud83c\udf84 Decora tu \u00e1rbol \ud83c\udf84<\/span>\n\t<\/a>\n\n\n\n\t\t<\/div>\n\t\t\t\t\t<\/div>\n\n\t\n\n<\/div>\n\n\t\t<\/div>\n\n\t\t\n<style>\n#section_1459400963 {\n  padding-top: 60px;\n  padding-bottom: 60px;\n  min-height: 300px;\n  background-color: rgb(245, 245, 245);\n}\n#section_1459400963 .section-bg-overlay {\n  background-color: rgba(0, 0, 0, 0.5);\n}\n#section_1459400963 .section-bg img {\n  object-position: 39% 25%;\n}\n@media (min-width:550px) {\n  #section_1459400963 .section-bg-overlay {\n    background-color: rgba(0, 0, 0, 0.378);\n  }\n}\n<\/style>\n\t<\/section>\n\t\n","protected":false},"excerpt":{"rendered":"<p>Rama decorativa con 12 bolas plateadas Alt. 53 cm. A\u00f1ade un toque de elegancia y luz a tus decoraciones navide\u00f1as con esta rama decorativa creada por EDG . Fabricado en pl\u00e1stico de alta calidad, est\u00e1 formado por 12 bolas plateadas brillantes que reflejan la luz dando un efecto luminoso y refinado. Ideal para enriquecer centros de mesa, arreglos florales, guirnaldas o para utilizar como elemento decorativo \u00fanico para un ambiente navide\u00f1o \u00fanico.   <\/p>\n","protected":false},"featured_media":155715,"comment_status":"open","ping_status":"closed","template":"","meta":{"_joinchat":[]},"pwb-brand":[776],"product_brand":[],"product_cat":[2466],"product_tag":[],"class_list":{"0":"post-155708","1":"product","2":"type-product","3":"status-publish","4":"has-post-thumbnail","6":"pwb-brand-edg","7":"product_cat-bolas-y-decoraciones-arbol-de-navidad","9":"first","10":"instock","11":"sale","12":"taxable","13":"shipping-taxable","14":"purchasable","15":"product-type-simple"},"brands":[{"id":2084,"name":"EDG - Enzo De Gasperi","slug":"edg-enzo-de-gasperi"}],"_links":{"self":[{"href":"https:\/\/www.tendenzeshabbychic.it\/es\/wp-json\/wp\/v2\/product\/155708","targetHints":{"allow":["GET"]}}],"collection":[{"href":"https:\/\/www.tendenzeshabbychic.it\/es\/wp-json\/wp\/v2\/product"}],"about":[{"href":"https:\/\/www.tendenzeshabbychic.it\/es\/wp-json\/wp\/v2\/types\/product"}],"replies":[{"embeddable":true,"href":"https:\/\/www.tendenzeshabbychic.it\/es\/wp-json\/wp\/v2\/comments?post=155708"}],"wp:featuredmedia":[{"embeddable":true,"href":"https:\/\/www.tendenzeshabbychic.it\/es\/wp-json\/wp\/v2\/media\/155715"}],"wp:attachment":[{"href":"https:\/\/www.tendenzeshabbychic.it\/es\/wp-json\/wp\/v2\/media?parent=155708"}],"wp:term":[{"taxonomy":"pwb-brand","embeddable":true,"href":"https:\/\/www.tendenzeshabbychic.it\/es\/wp-json\/wp\/v2\/pwb-brand?post=155708"},{"taxonomy":"product_brand","embeddable":true,"href":"https:\/\/www.tendenzeshabbychic.it\/es\/wp-json\/wp\/v2\/product_brand?post=155708"},{"taxonomy":"product_cat","embeddable":true,"href":"https:\/\/www.tendenzeshabbychic.it\/es\/wp-json\/wp\/v2\/product_cat?post=155708"},{"taxonomy":"product_tag","embeddable":true,"href":"https:\/\/www.tendenzeshabbychic.it\/es\/wp-json\/wp\/v2\/product_tag?post=155708"}],"curies":[{"name":"wp","href":"https:\/\/api.w.org\/{rel}","templated":true}]}}