{"id":154508,"date":"2024-09-10T11:16:14","date_gmt":"2024-09-10T09:16:14","guid":{"rendered":"https:\/\/www.tendenzeshabbychic.it\/prodotto\/rama-de-amaryllis-dorada-by-edg-h-80-cm\/"},"modified":"2024-09-10T11:16:14","modified_gmt":"2024-09-10T09:16:14","slug":"rama-de-amaryllis-dorada-by-edg-h-80-cm","status":"publish","type":"product","link":"https:\/\/www.tendenzeshabbychic.it\/es\/producto\/rama-de-amaryllis-dorada-by-edg-h-80-cm\/","title":{"rendered":"Rama de Amaryllis dorada by EDG H 80 cm"},"content":{"rendered":"<p><strong>C\u00f3mo utilizarla para crear fant\u00e1sticas composiciones:<\/strong> La rama de Amarilis con tallo dorado es perfecta para a\u00f1adir un toque de elegancia y refinamiento a tus decoraciones florales. Aqu\u00ed hay algunas ideas sobre c\u00f3mo usarlo:   <\/p>\n<ol>\n<li><strong>Centro de mesa elegante:<\/strong>\n<ul>\n<li>Utilice la rama de Amaryllis como pieza central en un jarr\u00f3n alto para crear una pieza central refinada.<\/li>\n<li>Comb\u00ednalo con flores blancas, verdes y doradas para crear un efecto armonioso y festivo.<\/li>\n<\/ul>\n<\/li>\n<li><strong>Decoraciones navide\u00f1as:<\/strong>\n<ul>\n<li>Agrega la rama de Amaryllis a tus coronas navide\u00f1as para darle un toque extra de elegancia.<\/li>\n<li>Incorpora la rama a la decoraci\u00f3n de tu \u00e1rbol de Navidad para darle un aspecto sofisticado.<\/li>\n<\/ul>\n<\/li>\n<li><strong>Ramos festivos:<\/strong>\n<ul>\n<li>Crea un ramo festivo usando la rama de Amaryllis junto con otras flores blancas y doradas.<\/li>\n<li>Agrega cintas doradas para completar el efecto lujoso.<\/li>\n<\/ul>\n<\/li>\n<li><strong>Decoraciones para Eventos Especiales:<\/strong>\n<ul>\n<li>Utilice la rama de Amaryllis en decoraciones para bodas, cenas de gala u otras ocasiones especiales.<\/li>\n<li>Col\u00f3quelo en jarrones transparentes u dorados para lograr una apariencia elegante y moderna.<\/li>\n<\/ul>\n<\/li>\n<li><strong>Arreglos en el hogar:<\/strong>\n<ul>\n<li>Coloca la rama de Amaryllis en varios rincones de tu hogar para agregar un toque de sofisticaci\u00f3n.<\/li>\n<li>Comb\u00ednalo con otras ramas y flores artificiales para crear arreglos personalizados.<\/li>\n<\/ul>\n<\/li>\n<\/ol>\n<p>  Estas ramas de Amaryllis son vers\u00e1tiles y se pueden utilizar de m\u00faltiples maneras para realzar el aspecto de tus decoraciones, haci\u00e9ndolas m\u00e1s elegantes y sofisticadas en cualquier ocasi\u00f3n.  \n\t<section class=\"section linkified dark\" id=\"section_678054701\">\n\t\t<div class=\"section-bg fill\" >\n\t\t\t<img loading=\"lazy\" decoding=\"async\" width=\"800\" height=\"213\" src=\"https:\/\/www.tendenzeshabbychic.it\/wp-content\/uploads\/2021\/09\/natale-hero-1-800x213.jpg\" class=\"bg attachment-medium size-medium\" alt=\"\" \/>\t\t\t\t\t\t<div class=\"section-bg-overlay absolute fill\"><\/div>\n\t\t\t\n\n\t\t<\/div>\n\n\t\t\n\n\t\t<div class=\"section-content relative\">\n\t\t\t\n\n<div class=\"row\"  id=\"row-243584874\">\n\n\n\t<div id=\"col-774747045\" class=\"col small-12 large-12\"  >\n\t\t\t\t<div class=\"col-inner text-center\"  >\n\t\t\t\n\t\t\t\n\n<h3><span style=\"font-size: 180%;\">Navidad<\/span><\/h3>\n<p>Descubre la amplia selecci\u00f3n de productos para decorar tu hogar en Navidad.<\/p>\n<a href=\"https:\/\/www.tendenzeshabbychic.it\/es\/categoria-producto\/navidad\/\" class=\"button alert is-shade box-shadow-3 box-shadow-5-hover\" style=\"border-radius:5px;\">\n\t\t<span>haga clic aqu\u00ed<\/span>\n\t<\/a>\n\n\n\n\t\t<\/div>\n\t\t\t\t\t<\/div>\n\n\t\n\n<\/div>\n\n\t\t<\/div>\n\n\t\t\n<style>\n#section_678054701 {\n  padding-top: 12px;\n  padding-bottom: 12px;\n}\n#section_678054701 .section-bg-overlay {\n  background-color: rgba(0, 0, 0, 0.419);\n}\n#section_678054701 .section-bg img {\n  object-position: 21% 51%;\n}\n@media (min-width:550px) {\n  #section_678054701 {\n    padding-top: 57px;\n    padding-bottom: 57px;\n  }\n}\n<\/style>\n\t<\/section>\n\t\n","protected":false},"excerpt":{"rendered":"<p>La rama de Amaryllis de EDG con tallo y capullo dorados es una adici\u00f3n encantadora y sofisticada a sus arreglos florales. Con <strong>una altura de 80 cm<\/strong> , esta rama artificial est\u00e1 hecha de pl\u00e1stico de alta calidad y presenta detalles realistas que la hacen ideal para decoraciones elegantes en cualquier \u00e9poca del a\u00f1o. <strong>Detalles del producto:<\/strong> <\/p>\n<ul>\n<li><strong>Altura:<\/strong> 80cm<\/li>\n<li><strong>Color:<\/strong> Blanco con tallo dorado.<\/li>\n<li><strong>Material:<\/strong> Pl\u00e1stico<\/li>\n<li><strong>Marca:<\/strong> EDG Enzo De Gasperi<\/li>\n<\/ul>\n","protected":false},"featured_media":147876,"comment_status":"open","ping_status":"closed","template":"","meta":{"_joinchat":[]},"pwb-brand":[2084],"product_brand":[],"product_cat":[2387],"product_tag":[],"class_list":{"0":"post-154508","1":"product","2":"type-product","3":"status-publish","4":"has-post-thumbnail","6":"pwb-brand-edg-enzo-de-gasperi","7":"product_cat-flores-y-plantas-artificiales","8":"pa_colore-blanco","9":"pa_colore-oro-es","11":"first","12":"instock","13":"sale","14":"taxable","15":"shipping-taxable","16":"purchasable","17":"product-type-simple"},"brands":[{"id":2084,"name":"EDG - Enzo De Gasperi","slug":"edg-enzo-de-gasperi"}],"_links":{"self":[{"href":"https:\/\/www.tendenzeshabbychic.it\/es\/wp-json\/wp\/v2\/product\/154508","targetHints":{"allow":["GET"]}}],"collection":[{"href":"https:\/\/www.tendenzeshabbychic.it\/es\/wp-json\/wp\/v2\/product"}],"about":[{"href":"https:\/\/www.tendenzeshabbychic.it\/es\/wp-json\/wp\/v2\/types\/product"}],"replies":[{"embeddable":true,"href":"https:\/\/www.tendenzeshabbychic.it\/es\/wp-json\/wp\/v2\/comments?post=154508"}],"wp:featuredmedia":[{"embeddable":true,"href":"https:\/\/www.tendenzeshabbychic.it\/es\/wp-json\/wp\/v2\/media\/147876"}],"wp:attachment":[{"href":"https:\/\/www.tendenzeshabbychic.it\/es\/wp-json\/wp\/v2\/media?parent=154508"}],"wp:term":[{"taxonomy":"pwb-brand","embeddable":true,"href":"https:\/\/www.tendenzeshabbychic.it\/es\/wp-json\/wp\/v2\/pwb-brand?post=154508"},{"taxonomy":"product_brand","embeddable":true,"href":"https:\/\/www.tendenzeshabbychic.it\/es\/wp-json\/wp\/v2\/product_brand?post=154508"},{"taxonomy":"product_cat","embeddable":true,"href":"https:\/\/www.tendenzeshabbychic.it\/es\/wp-json\/wp\/v2\/product_cat?post=154508"},{"taxonomy":"product_tag","embeddable":true,"href":"https:\/\/www.tendenzeshabbychic.it\/es\/wp-json\/wp\/v2\/product_tag?post=154508"}],"curies":[{"name":"wp","href":"https:\/\/api.w.org\/{rel}","templated":true}]}}