{"id":154486,"date":"2025-08-04T15:20:07","date_gmt":"2025-08-04T14:20:07","guid":{"rendered":"https:\/\/www.tendenzeshabbychic.it\/prodotto\/edg-difusor-en-varillas-arbol-de-navidad-coleccion-joyful-musky-60-ml\/"},"modified":"2025-07-31T17:14:26","modified_gmt":"2025-07-31T16:14:26","slug":"edg-difusor-en-varillas-arbol-de-navidad-coleccion-joyful-musky-60-ml","status":"publish","type":"product","link":"https:\/\/www.tendenzeshabbychic.it\/es\/producto\/edg-difusor-en-varillas-arbol-de-navidad-coleccion-joyful-musky-60-ml\/","title":{"rendered":"EDG Difusor en varillas \u00c1rbol de Navidad colecci\u00f3n JOYFUL Musky 60 ml"},"content":{"rendered":"<p>Sum\u00e9rgete en el esp\u00edritu navide\u00f1o con este elegante difusor de la colecci\u00f3n JOYFUL con aroma de canela de EDG. Con varillas rojas y purpurina dorada, este difusor no s\u00f3lo perfuma la habitaci\u00f3n, sino que tambi\u00e9n a\u00f1ade un toque de glamour festivo. <\/p>\n<p><strong>Caracter\u00edsticas:<\/strong><\/p>\n<ul>\n<li><strong>Material de alta calidad:<\/strong> hecho de vidrio verde, garantiza durabilidad y una apariencia lujosa.<\/li>\n<li><strong>Dise\u00f1o festivo:<\/strong> forma de pino con palos rojos y purpurina dorada, enriquecido con bolas decorativas rojas.<\/li>\n<li><strong>Capacidad generosa:<\/strong> 60 ml de fragancia para una difusi\u00f3n agradable y duradera.<\/li>\n<\/ul>\n<p><strong>Por qu\u00e9 comprarlo:<\/strong><\/p>\n<ul>\n<li><strong>Lujo y Estilo:<\/strong> EDG es sin\u00f3nimo de calidad superior y dise\u00f1o elegante, perfecto para quienes desean un toque de refinamiento en su hogar.<\/li>\n<li><strong>Ambiente Navide\u00f1o:<\/strong> Ideal para crear un ambiente c\u00e1lido y festivo durante la Navidad, haciendo m\u00e1s acogedor cualquier espacio.<\/li>\n<li><strong>Regalo perfecto:<\/strong> empaquetado en una caja de regalo decorativa, es una fant\u00e1stica idea de regalo para amigos y familiares.<\/li>\n<\/ul>\n<p><strong>Consejos de uso:<\/strong><\/p>\n<ul>\n<li><strong>C\u00f3mo utilizarlo:<\/strong> Col\u00f3calo en el sal\u00f3n, en la mesa del comedor o en el dormitorio para difundir una fragancia envolvente y festiva.<\/li>\n<li><strong>Cu\u00e1ndo utilizarlo:<\/strong> Perfecto durante las vacaciones de Navidad para crear un ambiente acogedor y fragante.<\/li>\n<li><strong>D\u00f3nde usarlo:<\/strong> Ideal para cualquier estancia del hogar, desde el sal\u00f3n hasta el comedor, aportando un toque de lujo en todas partes.<\/li>\n<\/ul>\n\n\t<section class=\"section linkified dark\" id=\"section_606255437\">\n\t\t<div class=\"section-bg fill\" >\n\t\t\t<img loading=\"lazy\" decoding=\"async\" width=\"800\" height=\"213\" src=\"https:\/\/www.tendenzeshabbychic.it\/wp-content\/uploads\/2021\/09\/natale-hero-1-800x213.jpg\" class=\"bg attachment-medium size-medium\" alt=\"\" \/>\t\t\t\t\t\t<div class=\"section-bg-overlay absolute fill\"><\/div>\n\t\t\t\n\n\t\t<\/div>\n\n\t\t\n\n\t\t<div class=\"section-content relative\">\n\t\t\t\n\n<div class=\"row\"  id=\"row-26523269\">\n\n\n\t<div id=\"col-409115584\" class=\"col small-12 large-12\"  >\n\t\t\t\t<div class=\"col-inner text-center\"  >\n\t\t\t\n\t\t\t\n\n<h3><span style=\"font-size: 180%;\">Navidad<\/span><\/h3>\n<p>Descubre la amplia selecci\u00f3n de productos para decorar tu hogar en Navidad.<\/p>\n<a href=\"https:\/\/www.tendenzeshabbychic.it\/es\/categoria-producto\/navidad\/\" class=\"button alert is-shade box-shadow-3 box-shadow-5-hover\" style=\"border-radius:5px;\">\n\t\t<span>haga clic aqu\u00ed<\/span>\n\t<\/a>\n\n\n\n\t\t<\/div>\n\t\t\t\t\t<\/div>\n\n\t\n\n<\/div>\n\n\t\t<\/div>\n\n\t\t\n<style>\n#section_606255437 {\n  padding-top: 12px;\n  padding-bottom: 12px;\n}\n#section_606255437 .section-bg-overlay {\n  background-color: rgba(0, 0, 0, 0.419);\n}\n#section_606255437 .section-bg img {\n  object-position: 21% 51%;\n}\n@media (min-width:550px) {\n  #section_606255437 {\n    padding-top: 57px;\n    padding-bottom: 57px;\n  }\n}\n<\/style>\n\t<\/section>\n\t\n","protected":false},"excerpt":{"rendered":"<p>\u2728 <strong>Difusor de ambiente con forma<\/strong> de pino <strong>Colecci\u00f3n JOYFUL de EDG musk<\/strong> &#8211; Un elegante difusor navide\u00f1o con forma de pino fabricado en vidrio verde, perfecto para dar un toque festivo a tu hogar. Ideal para crear un ambiente acogedor y perfumado durante las fiestas. <\/p>\n<div class=\"row\"  id=\"row-329378612\">\n\n\n\t<div id=\"col-1742000871\" class=\"col medium-12 small-12 large-6\"  >\n\t\t\t\t<div class=\"col-inner\"  >\n\t\t\t\n\t\t\t\n\n<h2>Black Forest<\/h2>\n<p>Selva Negra es una fragancia para el hogar de car\u00e1cter embriagador y envolvente. Dentro de su bouquet arom\u00e1tico, las notas de bergamota, frutos rojos, flores de lila y violeta se perfilan con notas de fondo de cedro, pachul\u00ed y vainilla. La fragancia evoca atm\u00f3sferas rom\u00e1nticas del bosque.<\/p>\n<p><strong>BOUQUET<\/strong><br>\nFRESCO, C\u00cdTRICO, VERDE Y MADERADO<\/p>\n<ul>\n<li>Notas altas: <strong>bergamota, frutos rojos y algas.<\/strong><\/li>\n<li>Notas de coraz\u00f3n: <strong>violeta, lila, madreselva, g\u00e1lbano y pino siberiano<\/strong><\/li>\n<li>Notas de fondo: <strong>vainilla, madera de cedro, almizcle y pachul\u00ed.<\/strong><\/li>\n<\/ul>\n<p><span style=\"font-size: 75%;\">Un perfume original creado por <strong><a href=\"https:\/\/www.tendenzeshabbychic.it\/es\/marca\/edg-enzo-de-gasperi\/\">EDG Enzo de Gasperi<\/a> .<\/strong><\/span><\/p>\n\n\t\t<\/div>\n\t\t\t\t\t<\/div>\n\n\t\n\n\t<div id=\"col-1310653236\" class=\"col medium-12 small-12 large-6\"  >\n\t\t\t\t<div class=\"col-inner\"  >\n\t\t\t\n\t\t\t\n\n\t<div class=\"img has-hover x md-x lg-x y md-y lg-y\" id=\"image_623934918\">\n\t\t\t\t\t\t\t\t<div class=\"img-inner dark\" >\n\t\t\t<img width=\"800\" height=\"800\" src=\"https:\/\/www.tendenzeshabbychic.it\/wp-content\/uploads\/2024\/07\/piramide-olfattiva-black-forest-800x800.jpg\" class=\"attachment-large size-large\" alt=\"\" decoding=\"async\" loading=\"lazy\" srcset=\"https:\/\/www.tendenzeshabbychic.it\/wp-content\/uploads\/2024\/07\/piramide-olfattiva-black-forest-800x800.jpg 800w, https:\/\/www.tendenzeshabbychic.it\/wp-content\/uploads\/2024\/07\/piramide-olfattiva-black-forest-500x500.jpg 500w, https:\/\/www.tendenzeshabbychic.it\/wp-content\/uploads\/2024\/07\/piramide-olfattiva-black-forest-100x100.jpg 100w, https:\/\/www.tendenzeshabbychic.it\/wp-content\/uploads\/2024\/07\/piramide-olfattiva-black-forest-64x64.jpg 64w, https:\/\/www.tendenzeshabbychic.it\/wp-content\/uploads\/2024\/07\/piramide-olfattiva-black-forest-400x400.jpg 400w, https:\/\/www.tendenzeshabbychic.it\/wp-content\/uploads\/2024\/07\/piramide-olfattiva-black-forest-280x280.jpg 280w, https:\/\/www.tendenzeshabbychic.it\/wp-content\/uploads\/2024\/07\/piramide-olfattiva-black-forest-768x768.jpg 768w, https:\/\/www.tendenzeshabbychic.it\/wp-content\/uploads\/2024\/07\/piramide-olfattiva-black-forest.jpg 1000w\" sizes=\"auto, (max-width: 800px) 100vw, 800px\" \/>\t\t\t\t\t\t\n\t\t\t\t\t<\/div>\n\t\t\t\t\t\t\t\t\n<style>\n#image_623934918 {\n  width: 100%;\n}\n<\/style>\n\t<\/div>\n\t\n\n\n\t\t<\/div>\n\t\t\t\t\t<\/div>\n\n\t\n\n<\/div>\n<p>\ud83d\udccf <strong>Dimensiones:<\/strong><\/p>\n<ul>\n<li>Altura: 10,5 cm<\/li>\n<li>Cantidad: 60ml<\/li>\n<\/ul>\n<p>&nbsp;<\/p>\n","protected":false},"featured_media":148442,"comment_status":"open","ping_status":"closed","template":"","meta":{"_joinchat":[]},"pwb-brand":[2084],"product_brand":[],"product_cat":[2342,2371],"product_tag":[2283],"class_list":{"0":"post-154486","1":"product","2":"type-product","3":"status-publish","4":"has-post-thumbnail","6":"pwb-brand-edg-enzo-de-gasperi","7":"product_cat-difusores-de-cana","8":"product_cat-navidad","9":"product_tag-idea-de-regalo","11":"first","12":"outofstock","13":"sale","14":"taxable","15":"shipping-taxable","16":"purchasable","17":"product-type-simple"},"brands":[{"id":2084,"name":"EDG - Enzo De Gasperi","slug":"edg-enzo-de-gasperi"}],"_links":{"self":[{"href":"https:\/\/www.tendenzeshabbychic.it\/es\/wp-json\/wp\/v2\/product\/154486","targetHints":{"allow":["GET"]}}],"collection":[{"href":"https:\/\/www.tendenzeshabbychic.it\/es\/wp-json\/wp\/v2\/product"}],"about":[{"href":"https:\/\/www.tendenzeshabbychic.it\/es\/wp-json\/wp\/v2\/types\/product"}],"replies":[{"embeddable":true,"href":"https:\/\/www.tendenzeshabbychic.it\/es\/wp-json\/wp\/v2\/comments?post=154486"}],"wp:featuredmedia":[{"embeddable":true,"href":"https:\/\/www.tendenzeshabbychic.it\/es\/wp-json\/wp\/v2\/media\/148442"}],"wp:attachment":[{"href":"https:\/\/www.tendenzeshabbychic.it\/es\/wp-json\/wp\/v2\/media?parent=154486"}],"wp:term":[{"taxonomy":"pwb-brand","embeddable":true,"href":"https:\/\/www.tendenzeshabbychic.it\/es\/wp-json\/wp\/v2\/pwb-brand?post=154486"},{"taxonomy":"product_brand","embeddable":true,"href":"https:\/\/www.tendenzeshabbychic.it\/es\/wp-json\/wp\/v2\/product_brand?post=154486"},{"taxonomy":"product_cat","embeddable":true,"href":"https:\/\/www.tendenzeshabbychic.it\/es\/wp-json\/wp\/v2\/product_cat?post=154486"},{"taxonomy":"product_tag","embeddable":true,"href":"https:\/\/www.tendenzeshabbychic.it\/es\/wp-json\/wp\/v2\/product_tag?post=154486"}],"curies":[{"name":"wp","href":"https:\/\/api.w.org\/{rel}","templated":true}]}}