{"id":154044,"date":"2025-08-01T01:00:01","date_gmt":"2025-07-31T23:00:01","guid":{"rendered":"https:\/\/www.tendenzeshabbychic.it\/prodotto\/vajilla-de-porcelana-para-6-personas-coleccion-cartolina-di-natale\/"},"modified":"2024-09-04T12:54:46","modified_gmt":"2024-09-04T10:54:46","slug":"vajilla-de-porcelana-para-6-personas-coleccion-cartolina-di-natale","status":"publish","type":"product","link":"https:\/\/www.tendenzeshabbychic.it\/es\/producto\/vajilla-de-porcelana-para-6-personas-coleccion-cartolina-di-natale\/","title":{"rendered":"Vajilla de Porcelana para 6 Personas Colecci\u00f3n Cartolina di Natale"},"content":{"rendered":"<p><strong>Caracter\u00edsticas del producto:<\/strong><\/p>\n<ul>\n<li><strong>Material:<\/strong> porcelana de alta calidad<\/li>\n<li><strong>Dise\u00f1o:<\/strong> Refinado motivo de tart\u00e1n rojo y verde que evoca el ambiente navide\u00f1o.<\/li>\n<li><strong>Embalaje:<\/strong> Se suministra en una elegante caja, ideal tambi\u00e9n para un regalo sofisticado.<\/li>\n<\/ul>\n<p><strong>Usos y Ocasi\u00f3n:<\/strong> Este juego de platos es ideal para todas las ocasiones festivas, desde almuerzos de Navidad hasta cenas de Nochevieja, y tambi\u00e9n puede utilizarse para a\u00f1adir un toque de elegancia a tus mesas durante el invierno. Su versatilidad lo hace perfecto para servir entrantes, platos principales y postres, ofreciendo una presentaci\u00f3n impecable para cada plato. <strong>Mantenimiento y cuidado:<\/strong> Hechos de porcelana duradera, estos platos son f\u00e1ciles de limpiar y se pueden lavar en el lavavajillas, lo que garantiza un mantenimiento r\u00e1pido y sencillo. Recomendamos evitar el uso de limpiadores abrasivos para preservar el brillo y la integridad del dise\u00f1o. A\u00f1ade esta vajilla a tu colecci\u00f3n navide\u00f1a y convierte cada comida en un evento especial. La colecci\u00f3n Cartolina di Natale Nuvole di Stoffa no solo decora tu mesa sino que tambi\u00e9n crea preciosos recuerdos con tus seres queridos.      \n  <div class=\"banner has-hover\" id=\"banner-1091276404\">\n          <div class=\"banner-inner fill\">\n        <div class=\"banner-bg fill\" >\n                                    <div class=\"overlay\"><\/div>            \n                    <\/div>\n\t\t\n        <div class=\"banner-layers container\">\n            <div class=\"fill banner-link\"><\/div>            \n\n   <div id=\"text-box-588714458\" class=\"text-box banner-layer x50 md-x50 lg-x50 y50 md-y50 lg-y50 res-text\">\n                                <div class=\"text-box-content text dark\">\n              \n              <div class=\"text-inner text-center\">\n                  \n\n\t<div id=\"text-1209150508\" class=\"text\">\n\t\t\n\n<h2 class=\"uppercase\" style=\"text-align: center;\"><span style=\"font-size: 120%;\"><strong>  TARJETA DE NAVIDAD<\/strong><\/span><\/h2>\n<p style=\"text-align: center;\"><span style=\"font-size: 300%;\">Descubre toda la colecci\u00f3n<\/span><\/p>\n\t\t\n<style>\n#text-1209150508 {\n  font-size: 0.75rem;\n  line-height: 1.15;\n}\n<\/style>\n\t<\/div>\n\t\n<a href=\"https:\/\/www.tendenzeshabbychic.it\/es\/etiqueta-producto\/coleccion-de-tarjetas-navidenas\/\" class=\"button white is-larger box-shadow-1 box-shadow-1-hover\" >\n\t\t<span>HAGA CLIC AQU\u00cd<\/span>\n\t<\/a>\n\n\n\n              <\/div>\n           <\/div>\n                            \n<style>\n#text-box-588714458 {\n  width: 95%;\n}\n#text-box-588714458 .text-box-content {\n  font-size: 100%;\n}\n@media (min-width:550px) {\n  #text-box-588714458 {\n    width: 79%;\n  }\n}\n<\/style>\n    <\/div>\n \n\n        <\/div>\n      <\/div>\n\n            \n<style>\n#banner-1091276404 {\n  padding-top: 550px;\n}\n#banner-1091276404 .overlay {\n  background-color: rgba(0, 0, 0, 0.267);\n}\n#banner-1091276404 .banner-bg img {\n  object-position: 48% 54%;\n}\n@media (min-width:550px) {\n  #banner-1091276404 {\n    padding-top: 500px;\n  }\n}\n@media (min-width:850px) {\n  #banner-1091276404 {\n    padding-top: 750px;\n  }\n}\n<\/style>\n  <\/div>\n\n\n<p>&nbsp;<\/p>\n\n\t<section class=\"section linkified dark\" id=\"section_1949422309\">\n\t\t<div class=\"section-bg fill\" >\n\t\t\t<img loading=\"lazy\" decoding=\"async\" width=\"800\" height=\"213\" src=\"https:\/\/www.tendenzeshabbychic.it\/wp-content\/uploads\/2021\/09\/natale-hero-1-800x213.jpg\" class=\"bg attachment-medium size-medium\" alt=\"\" \/>\t\t\t\t\t\t<div class=\"section-bg-overlay absolute fill\"><\/div>\n\t\t\t\n\n\t\t<\/div>\n\n\t\t\n\n\t\t<div class=\"section-content relative\">\n\t\t\t\n\n<div class=\"row\"  id=\"row-1135890889\">\n\n\n\t<div id=\"col-730233418\" class=\"col small-12 large-12\"  >\n\t\t\t\t<div class=\"col-inner text-center\"  >\n\t\t\t\n\t\t\t\n\n<h3><span style=\"font-size: 180%;\">Navidad<\/span><\/h3>\n<p>Descubre la amplia selecci\u00f3n de productos para decorar tu hogar en Navidad.<\/p>\n<a href=\"https:\/\/www.tendenzeshabbychic.it\/es\/categoria-producto\/navidad\/\" class=\"button alert is-shade box-shadow-3 box-shadow-5-hover\" style=\"border-radius:5px;\">\n\t\t<span>haga clic aqu\u00ed<\/span>\n\t<\/a>\n\n\n\n\t\t<\/div>\n\t\t\t\t\t<\/div>\n\n\t\n\n<\/div>\n\n\t\t<\/div>\n\n\t\t\n<style>\n#section_1949422309 {\n  padding-top: 12px;\n  padding-bottom: 12px;\n}\n#section_1949422309 .section-bg-overlay {\n  background-color: rgba(0, 0, 0, 0.419);\n}\n#section_1949422309 .section-bg img {\n  object-position: 21% 51%;\n}\n@media (min-width:550px) {\n  #section_1949422309 {\n    padding-top: 57px;\n    padding-bottom: 57px;\n  }\n}\n<\/style>\n\t<\/section>\n\t\n","protected":false},"excerpt":{"rendered":"<p>Lleva el encanto de la Navidad a tu mesa con el servicio de vajilla de porcelana de la Colecci\u00f3n Cartolina di Natale , elaborado por la reconocida marca <a href=\"https:\/\/www.tendenzeshabbychic.it\/brand\/nuvole-di-stoffa\/\">Nuvole di Stoffa<\/a> . Este elegante set est\u00e1 dise\u00f1ado para a\u00f1adir un toque de magia y calidez a tus cenas festivas, haciendo de cada comida una experiencia inolvidable.   <\/p>\n<ul>\n<li>6 platos hondos: 21,6 x 10,3 x 3 cm<\/li>\n<li>6 platos llanos: 26,7 x 16,2 x 1,7 cm<\/li>\n<li>6 platos dulces\/fruteros: 20,3 x 12,3 x 1,7 cm<\/li>\n<\/ul>\n<p>  El juego de platos presenta un patr\u00f3n de tart\u00e1n cl\u00e1sico y atemporal, perfecto para a\u00f1adir un toque de tradici\u00f3n a tus celebraciones navide\u00f1as. La combinaci\u00f3n de colores festivos rojo y verde se acent\u00faa con l\u00edneas limpias y un borde elegante que enmarca cada plato, creando una apariencia festiva y armoniosa. &nbsp;<\/p>\n<p><iframe loading=\"lazy\" title=\"YouTube video player\" src=\"https:\/\/www.youtube.com\/embed\/jr2ermTzank\" width=\"540\" height=\"960\" frameborder=\"0\" allowfullscreen=\"allowfullscreen\"><\/iframe><\/p>\n","protected":false},"featured_media":144159,"comment_status":"open","ping_status":"closed","template":"","meta":{"_joinchat":[]},"pwb-brand":[2090],"product_brand":[],"product_cat":[2366,2371],"product_tag":[2917,2984,2845,2283,2273],"class_list":{"0":"post-154044","1":"product","2":"type-product","3":"status-publish","4":"has-post-thumbnail","6":"pwb-brand-nuvole-di-stoffa-es","7":"product_cat-menaje-de-mesa","8":"product_cat-navidad","9":"product_tag-ceramica-y-porcelana","10":"product_tag-coleccion-de-tarjetas-navidenas","11":"product_tag-comedor","12":"product_tag-idea-de-regalo","13":"product_tag-tartan-es","15":"first","16":"instock","17":"sale","18":"taxable","19":"shipping-taxable","20":"purchasable","21":"product-type-simple"},"brands":[{"id":2090,"name":"Nuvole di Stoffa","slug":"nuvole-di-stoffa-es"}],"_links":{"self":[{"href":"https:\/\/www.tendenzeshabbychic.it\/es\/wp-json\/wp\/v2\/product\/154044","targetHints":{"allow":["GET"]}}],"collection":[{"href":"https:\/\/www.tendenzeshabbychic.it\/es\/wp-json\/wp\/v2\/product"}],"about":[{"href":"https:\/\/www.tendenzeshabbychic.it\/es\/wp-json\/wp\/v2\/types\/product"}],"replies":[{"embeddable":true,"href":"https:\/\/www.tendenzeshabbychic.it\/es\/wp-json\/wp\/v2\/comments?post=154044"}],"wp:featuredmedia":[{"embeddable":true,"href":"https:\/\/www.tendenzeshabbychic.it\/es\/wp-json\/wp\/v2\/media\/144159"}],"wp:attachment":[{"href":"https:\/\/www.tendenzeshabbychic.it\/es\/wp-json\/wp\/v2\/media?parent=154044"}],"wp:term":[{"taxonomy":"pwb-brand","embeddable":true,"href":"https:\/\/www.tendenzeshabbychic.it\/es\/wp-json\/wp\/v2\/pwb-brand?post=154044"},{"taxonomy":"product_brand","embeddable":true,"href":"https:\/\/www.tendenzeshabbychic.it\/es\/wp-json\/wp\/v2\/product_brand?post=154044"},{"taxonomy":"product_cat","embeddable":true,"href":"https:\/\/www.tendenzeshabbychic.it\/es\/wp-json\/wp\/v2\/product_cat?post=154044"},{"taxonomy":"product_tag","embeddable":true,"href":"https:\/\/www.tendenzeshabbychic.it\/es\/wp-json\/wp\/v2\/product_tag?post=154044"}],"curies":[{"name":"wp","href":"https:\/\/api.w.org\/{rel}","templated":true}]}}