{"id":151120,"date":"2025-08-06T14:05:21","date_gmt":"2025-08-06T12:05:21","guid":{"rendered":"https:\/\/www.tendenzeshabbychic.it\/prodotto\/chez-moi-cortina-drapery-etoile-arcilla-150x300\/"},"modified":"2024-10-14T20:28:39","modified_gmt":"2024-10-14T18:28:39","slug":"chez-moi-cortina-drapery-etoile-arcilla-150x300","status":"publish","type":"product","link":"https:\/\/www.tendenzeshabbychic.it\/es\/producto\/chez-moi-cortina-drapery-etoile-arcilla-150x300\/","title":{"rendered":"Chez Moi Cortina Drapery Etoile Arcilla 150&#215;300"},"content":{"rendered":"<p><strong>Principales caracter\u00edsticas:<\/strong><\/p>\n<ul>\n<li><strong>Dimensiones:<\/strong> L 150 x H 300 cm<\/li>\n<li><strong>Material:<\/strong> encaje corintio y algod\u00f3n de alta calidad.<\/li>\n<li><strong>Dise\u00f1o:<\/strong> pizzo corinzio en dos lados y franja central de algod\u00f3n.<\/li>\n<li><strong>Color:<\/strong> Arcilla, para un look elegante y vers\u00e1til.<\/li>\n<li><strong>Producci\u00f3n:<\/strong> Hecho a mano en Italia.<\/li>\n<li><strong>Instalaci\u00f3n:<\/strong> bucle oculto \u00fanico con pajaritas.<\/li>\n<\/ul>\n<p><strong>Un toque de elegancia italiana:<\/strong> la cortina Etoile Argilla de Chez Moi es perfecta para a\u00f1adir un toque de elegancia y lujo italiano a su hogar. Su dise\u00f1o \u00fanico y materiales de alta calidad lo hacen ideal para salones, dormitorios o cualquier espacio que necesite un toque de sofisticaci\u00f3n. <strong>F\u00e1cil de instalar:<\/strong> gracias al exclusivo lazo retr\u00e1ctil y lazos, puedes crear lazos rom\u00e1nticos, esta cortina es f\u00e1cil de instalar y quitar, ofreciendo practicidad sin comprometer el estilo. <strong>Hecho a mano:<\/strong> Cada cortina est\u00e1 hecha a mano en Italia, lo que garantiza un producto de lujo y de alta calidad que perdurar\u00e1 en el tiempo. A\u00f1ade la cortina Etoile Argilla de Chez Moi a tu carrito ahora y transforma tu hogar con la elegancia y el lujo del dise\u00f1o italiano. <\/p>\n","protected":false},"excerpt":{"rendered":"<p><strong>Agregue un toque de lujo italiano a su hogar con la cortina para cortinas Etoile Argilla de Chez Moi .<\/strong><\/p>\n<p>Esta elegante cortina, hecha a mano en Italia, combina la belleza del pizzo corinzio con la practicidad del algod\u00f3n.<\/p>\n<p>\ud83d\udccf <strong>Dimensiones:<\/strong><\/p>\n<ul>\n<li>Ancho 150 cm<\/li>\n<li>Alto 300cm<\/li>\n<\/ul>\n<p>El refinado dise\u00f1o presenta dos lados pizzo corinzio y una franja central de algod\u00f3n, creando un equilibrio perfecto entre transparencia y privacidad. Con un lazo oculto \u00fanico y pajaritas, esta cortina es f\u00e1cil de instalar y aporta un aspecto sofisticado a cualquier habitaci\u00f3n. <\/p>\n","protected":false},"featured_media":150716,"comment_status":"open","ping_status":"closed","template":"","meta":{"_joinchat":[]},"pwb-brand":[2079],"product_brand":[],"product_cat":[2355],"product_tag":[2114,2845,2848,2280,2259],"class_list":{"0":"post-151120","1":"product","2":"type-product","3":"status-publish","4":"has-post-thumbnail","6":"pwb-brand-chez-moi-es","7":"product_cat-cortinas","8":"product_tag-arcilla","9":"product_tag-comedor","10":"product_tag-dormitorio","11":"product_tag-hecho-a-mano","12":"product_tag-made-in-italy-es","14":"first","15":"instock","16":"taxable","17":"shipping-taxable","18":"purchasable","19":"product-type-simple"},"brands":[{"id":2079,"name":"Chez Moi","slug":"chez-moi-es"}],"_links":{"self":[{"href":"https:\/\/www.tendenzeshabbychic.it\/es\/wp-json\/wp\/v2\/product\/151120","targetHints":{"allow":["GET"]}}],"collection":[{"href":"https:\/\/www.tendenzeshabbychic.it\/es\/wp-json\/wp\/v2\/product"}],"about":[{"href":"https:\/\/www.tendenzeshabbychic.it\/es\/wp-json\/wp\/v2\/types\/product"}],"replies":[{"embeddable":true,"href":"https:\/\/www.tendenzeshabbychic.it\/es\/wp-json\/wp\/v2\/comments?post=151120"}],"wp:featuredmedia":[{"embeddable":true,"href":"https:\/\/www.tendenzeshabbychic.it\/es\/wp-json\/wp\/v2\/media\/150716"}],"wp:attachment":[{"href":"https:\/\/www.tendenzeshabbychic.it\/es\/wp-json\/wp\/v2\/media?parent=151120"}],"wp:term":[{"taxonomy":"pwb-brand","embeddable":true,"href":"https:\/\/www.tendenzeshabbychic.it\/es\/wp-json\/wp\/v2\/pwb-brand?post=151120"},{"taxonomy":"product_brand","embeddable":true,"href":"https:\/\/www.tendenzeshabbychic.it\/es\/wp-json\/wp\/v2\/product_brand?post=151120"},{"taxonomy":"product_cat","embeddable":true,"href":"https:\/\/www.tendenzeshabbychic.it\/es\/wp-json\/wp\/v2\/product_cat?post=151120"},{"taxonomy":"product_tag","embeddable":true,"href":"https:\/\/www.tendenzeshabbychic.it\/es\/wp-json\/wp\/v2\/product_tag?post=151120"}],"curies":[{"name":"wp","href":"https:\/\/api.w.org\/{rel}","templated":true}]}}