{"id":150891,"date":"2025-07-28T15:03:52","date_gmt":"2025-07-28T14:03:52","guid":{"rendered":"https:\/\/www.tendenzeshabbychic.it\/prodotto\/decoracion-navidena-candy-de-cristal-enzo-de-gasperi-3-modelos\/"},"modified":"2025-07-22T17:02:43","modified_gmt":"2025-07-22T16:02:43","slug":"decoracion-navidena-candy-de-cristal-enzo-de-gasperi-3-modelos","status":"publish","type":"product","link":"https:\/\/www.tendenzeshabbychic.it\/es\/producto\/decoracion-navidena-candy-de-cristal-enzo-de-gasperi-3-modelos\/","title":{"rendered":"Decoraci\u00f3n navide\u00f1a Candy de cristal Enzo De Gasperi &#8211; 3 modelos"},"content":{"rendered":"<p><strong>Principales caracter\u00edsticas:<\/strong><\/p>\n<ul>\n<li><strong>Material:<\/strong> vidrio de alta calidad<\/li>\n<li><strong>Dimensiones:<\/strong> Largo 11,5 cm<\/li>\n<li><strong>Coloraci\u00f3n:<\/strong> Adornos de color rojo brillante con elegantes lazos.<\/li>\n<li><strong>Dise\u00f1o:<\/strong> forma de caramelo con detalles intrincados<\/li>\n<li><strong>Marca:<\/strong> Enzo De Gasperi, sin\u00f3nimo de calidad y dise\u00f1o en decoraci\u00f3n navide\u00f1a<\/li>\n<\/ul>\n<p><strong>Un toque de dulzura navide\u00f1a:<\/strong> Los adornos navide\u00f1os de caramelo de vidrio de Enzo De Gasperi son ideales para a\u00f1adir un toque de dulzura y brillo a tu \u00e1rbol de Navidad. Cada caramelo capta la luz maravillosamente, creando un efecto centelleante que encanta a peque\u00f1os y mayores. <\/p>\n<p><strong>F\u00e1ciles de colgar:<\/strong> Gracias al pr\u00e1ctico gancho incluido, estos adornos son f\u00e1ciles de colgar y se pueden colocar con seguridad en cualquier rama del \u00e1rbol de Navidad, creando un efecto esc\u00e9nico instant\u00e1neo.<\/p>\n<p>\u00a1A\u00f1ade ahora a tu cesta de la compra el Adorno navide\u00f1o de caramelos de cristal Enzo De Gasperi y convierte tu \u00e1rbol de Navidad en una obra maestra de elegancia y dulzura!<\/p>\n\n\t<section class=\"section dark\" id=\"section_1754942280\">\n\t\t<div class=\"section-bg fill\" >\n\t\t\t\t\t\t\t\t\t<div class=\"section-bg-overlay absolute fill\"><\/div>\n\t\t\t\n\n\t\t<\/div>\n\n\t\t\n\n\t\t<div class=\"section-content relative\">\n\t\t\t\n\n<div class=\"row align-center\"  id=\"row-272062711\">\n\n\n\t<div id=\"col-18952410\" class=\"col medium-10 small-12 large-10\"  >\n\t\t\t\t<div class=\"col-inner text-center\"  >\n\t\t\t\n\t\t\t\n\n\t<div id=\"gap-485343086\" class=\"gap-element clearfix\" style=\"display:block; height:auto;\">\n\t\t\n<style>\n#gap-485343086 {\n  padding-top: 10px;\n}\n@media (min-width:550px) {\n  #gap-485343086 {\n    padding-top: 30px;\n  }\n}\n<\/style>\n\t<\/div>\n\t\n\n\t<div id=\"text-116694271\" class=\"text\">\n\t\t\n\n<h3 class=\"uppercase\" style=\"text-align: center;\">TODO PARA TU \u00c1RBOL DE NAVIDAD<\/h3>\n<p style=\"text-align: left;\">Descubra las muchas decoraciones disponibles, muchos materiales (desde vidrio hasta madera), diferentes dise\u00f1os y estilos.<\/p>\n\t\t\n<style>\n#text-116694271 {\n  font-size: 1.4rem;\n  text-align: left;\n}\n<\/style>\n\t<\/div>\n\t\n<a href=\"https:\/\/www.tendenzeshabbychic.it\/es\/categoria-producto\/navidad\/bolas-y-decoraciones-arbol-de-navidad\/\" class=\"button white is-outline\" style=\"border-radius:79px;\">\n\t\t<span>\ud83c\udf84 Decora tu \u00e1rbol \ud83c\udf84<\/span>\n\t<\/a>\n\n\n\n\t\t<\/div>\n\t\t\t\t\t<\/div>\n\n\t\n\n<\/div>\n\n\t\t<\/div>\n\n\t\t\n<style>\n#section_1754942280 {\n  padding-top: 60px;\n  padding-bottom: 60px;\n  min-height: 300px;\n  background-color: rgb(245, 245, 245);\n}\n#section_1754942280 .section-bg-overlay {\n  background-color: rgba(0, 0, 0, 0.5);\n}\n#section_1754942280 .section-bg img {\n  object-position: 39% 25%;\n}\n@media (min-width:550px) {\n  #section_1754942280 .section-bg-overlay {\n    background-color: rgba(0, 0, 0, 0.378);\n  }\n}\n<\/style>\n\t<\/section>\n\t\n","protected":false},"excerpt":{"rendered":"<p><strong>Agregue un toque de dulzura y brillo a su \u00e1rbol de Navidad con la decoraci\u00f3n navide\u00f1a Glass Candy de Enzo De Gasperi.<\/strong><\/p>\n<p>Estos encantadores adornos con forma de caramelo, hechos de cristal de alta calidad, son perfectos para crear un efecto visual encantador y festivo.<\/p>\n<p>Cada caramelo est\u00e1 decorado con detalles y lazos de color rojo brillante, que a\u00f1aden un toque de elegancia y tradici\u00f3n a tu \u00e1rbol de Navidad. Disponibles en versiones de venta individual, estos adornos son ideales para completar tu decoraci\u00f3n navide\u00f1a. <\/p>\n","protected":false},"featured_media":216051,"comment_status":"open","ping_status":"closed","template":"","meta":{"_joinchat":[]},"pwb-brand":[2084],"product_brand":[],"product_cat":[2466],"product_tag":[],"class_list":{"0":"post-150891","1":"product","2":"type-product","3":"status-publish","4":"has-post-thumbnail","6":"pwb-brand-edg-enzo-de-gasperi","7":"product_cat-bolas-y-decoraciones-arbol-de-navidad","8":"pa_colore-blanco","9":"pa_colore-rojo","11":"first","12":"instock","13":"sale","14":"taxable","15":"shipping-taxable","16":"purchasable","17":"product-type-variable"},"brands":[{"id":2084,"name":"EDG - Enzo De Gasperi","slug":"edg-enzo-de-gasperi"}],"_links":{"self":[{"href":"https:\/\/www.tendenzeshabbychic.it\/es\/wp-json\/wp\/v2\/product\/150891","targetHints":{"allow":["GET"]}}],"collection":[{"href":"https:\/\/www.tendenzeshabbychic.it\/es\/wp-json\/wp\/v2\/product"}],"about":[{"href":"https:\/\/www.tendenzeshabbychic.it\/es\/wp-json\/wp\/v2\/types\/product"}],"replies":[{"embeddable":true,"href":"https:\/\/www.tendenzeshabbychic.it\/es\/wp-json\/wp\/v2\/comments?post=150891"}],"wp:featuredmedia":[{"embeddable":true,"href":"https:\/\/www.tendenzeshabbychic.it\/es\/wp-json\/wp\/v2\/media\/216051"}],"wp:attachment":[{"href":"https:\/\/www.tendenzeshabbychic.it\/es\/wp-json\/wp\/v2\/media?parent=150891"}],"wp:term":[{"taxonomy":"pwb-brand","embeddable":true,"href":"https:\/\/www.tendenzeshabbychic.it\/es\/wp-json\/wp\/v2\/pwb-brand?post=150891"},{"taxonomy":"product_brand","embeddable":true,"href":"https:\/\/www.tendenzeshabbychic.it\/es\/wp-json\/wp\/v2\/product_brand?post=150891"},{"taxonomy":"product_cat","embeddable":true,"href":"https:\/\/www.tendenzeshabbychic.it\/es\/wp-json\/wp\/v2\/product_cat?post=150891"},{"taxonomy":"product_tag","embeddable":true,"href":"https:\/\/www.tendenzeshabbychic.it\/es\/wp-json\/wp\/v2\/product_tag?post=150891"}],"curies":[{"name":"wp","href":"https:\/\/api.w.org\/{rel}","templated":true}]}}