{"id":150210,"date":"2023-01-01T00:00:01","date_gmt":"2022-12-31T23:00:01","guid":{"rendered":"https:\/\/www.tendenzeshabbychic.it\/prodotto\/rama-dorada-asperge-h-80-cm-edg-%e2%9c%a8\/"},"modified":"2024-07-05T17:39:24","modified_gmt":"2024-07-05T15:39:24","slug":"rama-dorada-asperge-h-80-cm-edg-%e2%9c%a8","status":"publish","type":"product","link":"https:\/\/www.tendenzeshabbychic.it\/es\/producto\/rama-dorada-asperge-h-80-cm-edg-%e2%9c%a8\/","title":{"rendered":"Rama Dorada Asperge H 80 cm EDG \u2728"},"content":{"rendered":"<h4><strong>C\u00f3mo integrarlo a tu estilo de vida: \ud83c\udf3f<\/strong><\/h4>\n<p>  Imagine la <strong>Rama Dorada Asperge H 80 cm<\/strong> como parte central de su decoraci\u00f3n navide\u00f1a, a\u00f1adiendo un toque festivo a su sal\u00f3n o como decoraci\u00f3n elegante para la mesa festiva. Esta rama dorada tambi\u00e9n es ideal para realizar espl\u00e9ndidas guirnaldas o para enriquecer tus arreglos florales invernales.   <\/p>\n<h4><strong>\u00bfPor qu\u00e9 elegir esta rama dorada? \ud83c\udf1f<\/strong><\/h4>\n<ul>\n<li><strong>Versatilidad:<\/strong> Perfecto para diversos usos decorativos, tanto como elemento \u00fanico como en combinaci\u00f3n con otras decoraciones.<\/li>\n<li><strong>Elegancia:<\/strong> El color dorado a\u00f1ade un toque de lujo y sofisticaci\u00f3n a cualquier ambiente.<\/li>\n<li><strong>Mantenimiento:<\/strong> No requiere agua ni cuidados especiales, manteniendo su belleza durante toda la temporada navide\u00f1a y m\u00e1s all\u00e1.<\/li>\n<\/ul>\n\n\t<section class=\"section linkified dark\" id=\"section_511019883\">\n\t\t<div class=\"section-bg fill\" >\n\t\t\t<img loading=\"lazy\" decoding=\"async\" width=\"800\" height=\"213\" src=\"https:\/\/www.tendenzeshabbychic.it\/wp-content\/uploads\/2021\/09\/natale-hero-1-800x213.jpg\" class=\"bg attachment-medium size-medium\" alt=\"\" \/>\t\t\t\t\t\t<div class=\"section-bg-overlay absolute fill\"><\/div>\n\t\t\t\n\n\t\t<\/div>\n\n\t\t\n\n\t\t<div class=\"section-content relative\">\n\t\t\t\n\n<div class=\"row\"  id=\"row-1059160293\">\n\n\n\t<div id=\"col-684851184\" class=\"col small-12 large-12\"  >\n\t\t\t\t<div class=\"col-inner text-center\"  >\n\t\t\t\n\t\t\t\n\n<h3><span style=\"font-size: 180%;\">Navidad<\/span><\/h3>\n<p>Descubre la amplia selecci\u00f3n de productos para decorar tu hogar en Navidad.<\/p>\n<a href=\"https:\/\/www.tendenzeshabbychic.it\/es\/categoria-producto\/navidad\/\" class=\"button alert is-shade box-shadow-3 box-shadow-5-hover\" style=\"border-radius:5px;\">\n\t\t<span>haga clic aqu\u00ed<\/span>\n\t<\/a>\n\n\n\n\t\t<\/div>\n\t\t\t\t\t<\/div>\n\n\t\n\n<\/div>\n\n\t\t<\/div>\n\n\t\t\n<style>\n#section_511019883 {\n  padding-top: 12px;\n  padding-bottom: 12px;\n}\n#section_511019883 .section-bg-overlay {\n  background-color: rgba(0, 0, 0, 0.419);\n}\n#section_511019883 .section-bg img {\n  object-position: 21% 51%;\n}\n@media (min-width:550px) {\n  #section_511019883 {\n    padding-top: 57px;\n    padding-bottom: 57px;\n  }\n}\n<\/style>\n\t<\/section>\n\t\n","protected":false},"excerpt":{"rendered":"<p>A\u00f1ade un toque de elegancia y magia a tus decoraciones con la <strong>Rama Dorada Asperge H 80 cm<\/strong> de la marca EDG . Esta rama artificial, con sus hojas finamente detalladas y su color dorado brillante, es perfecta para crear atm\u00f3sferas encantadoras durante la \u00e9poca navide\u00f1a o invernal.   <\/p>\n<ul>\n<li><strong>Altura:<\/strong> 80cm<\/li>\n<li><strong>Color:<\/strong> dorado brillante<\/li>\n<li><strong>Dise\u00f1o:<\/strong> Hojas delicadas con acabado brillante.<\/li>\n<li><strong>Marca:<\/strong> EDG (Enzo De Gasperi)<\/li>\n<li><strong>Uso:<\/strong> Ideal para Navidad, decoraciones de invierno, centros de mesa, guirnaldas y arreglos festivos.<\/li>\n<\/ul>\n","protected":false},"featured_media":147960,"comment_status":"open","ping_status":"closed","template":"","meta":{"_joinchat":[]},"pwb-brand":[2084],"product_brand":[],"product_cat":[2387,2371],"product_tag":[],"class_list":{"0":"post-150210","1":"product","2":"type-product","3":"status-publish","4":"has-post-thumbnail","6":"pwb-brand-edg-enzo-de-gasperi","7":"product_cat-flores-y-plantas-artificiales","8":"product_cat-navidad","9":"pa_colore-oro-es","11":"first","12":"instock","13":"sale","14":"taxable","15":"shipping-taxable","16":"purchasable","17":"product-type-simple"},"brands":[{"id":2084,"name":"EDG - Enzo De Gasperi","slug":"edg-enzo-de-gasperi"}],"_links":{"self":[{"href":"https:\/\/www.tendenzeshabbychic.it\/es\/wp-json\/wp\/v2\/product\/150210","targetHints":{"allow":["GET"]}}],"collection":[{"href":"https:\/\/www.tendenzeshabbychic.it\/es\/wp-json\/wp\/v2\/product"}],"about":[{"href":"https:\/\/www.tendenzeshabbychic.it\/es\/wp-json\/wp\/v2\/types\/product"}],"replies":[{"embeddable":true,"href":"https:\/\/www.tendenzeshabbychic.it\/es\/wp-json\/wp\/v2\/comments?post=150210"}],"wp:featuredmedia":[{"embeddable":true,"href":"https:\/\/www.tendenzeshabbychic.it\/es\/wp-json\/wp\/v2\/media\/147960"}],"wp:attachment":[{"href":"https:\/\/www.tendenzeshabbychic.it\/es\/wp-json\/wp\/v2\/media?parent=150210"}],"wp:term":[{"taxonomy":"pwb-brand","embeddable":true,"href":"https:\/\/www.tendenzeshabbychic.it\/es\/wp-json\/wp\/v2\/pwb-brand?post=150210"},{"taxonomy":"product_brand","embeddable":true,"href":"https:\/\/www.tendenzeshabbychic.it\/es\/wp-json\/wp\/v2\/product_brand?post=150210"},{"taxonomy":"product_cat","embeddable":true,"href":"https:\/\/www.tendenzeshabbychic.it\/es\/wp-json\/wp\/v2\/product_cat?post=150210"},{"taxonomy":"product_tag","embeddable":true,"href":"https:\/\/www.tendenzeshabbychic.it\/es\/wp-json\/wp\/v2\/product_tag?post=150210"}],"curies":[{"name":"wp","href":"https:\/\/api.w.org\/{rel}","templated":true}]}}