{"id":150189,"date":"2025-08-01T01:00:01","date_gmt":"2025-07-31T23:00:01","guid":{"rendered":"https:\/\/www.tendenzeshabbychic.it\/prodotto\/edg-vela-alegre-con-canela-y-movil\/"},"modified":"2026-03-14T00:11:33","modified_gmt":"2026-03-13T23:11:33","slug":"edg-vela-alegre-con-canela-y-movil","status":"publish","type":"product","link":"https:\/\/www.tendenzeshabbychic.it\/es\/producto\/edg-vela-alegre-con-canela-y-movil\/","title":{"rendered":"EDG Vela Alegre con Canela y M\u00f3vil"},"content":{"rendered":"<p>Lleve la calidez de las fiestas navide\u00f1as a su hogar con la vela Joyful de EDG . Esta vela no s\u00f3lo perfuma la estancia con una fragancia envolvente sino que tambi\u00e9n incluye un m\u00f3vil dorado que se mueve con el calor de la vela, creando un efecto visual encantador. <\/p>\n<p><strong>Caracter\u00edsticas:<\/strong><\/p>\n<ul>\n<li><strong>Material de alta calidad:<\/strong> fabricado en vidrio, garantiza una combusti\u00f3n segura y uniforme.<\/li>\n<li><strong>Dise\u00f1o festivo:<\/strong> el m\u00f3vil dorado del \u00e1rbol de Navidad se mueve con el calor de la vela, a\u00f1adiendo un toque de magia.<\/li>\n<li><strong>Fragancia envolvente:<\/strong> La delicada fragancia llena tu hogar de un aroma agradable y duradero.<\/li>\n<\/ul>\n<p><strong>Por qu\u00e9 comprarlo:<\/strong><\/p>\n<ul>\n<li><strong>Lujo y Estilo:<\/strong> EDG es sin\u00f3nimo de calidad superior y dise\u00f1o elegante, perfecto para quienes desean un toque de refinamiento en su hogar.<\/li>\n<li><strong>Ambiente Navide\u00f1o:<\/strong> Ideal para crear un ambiente c\u00e1lido y festivo durante la Navidad, haciendo cada espacio m\u00e1s acogedor.<\/li>\n<li><strong>Regalo perfecto:<\/strong> empaquetado en una caja de regalo decorativa, es una fant\u00e1stica idea de regalo para amigos y familiares.<\/li>\n<\/ul>\n<p><strong>Consejos de uso:<\/strong><\/p>\n<ul>\n<li><strong>C\u00f3mo utilizarlo:<\/strong> Coloca la vela en el sal\u00f3n o en el dormitorio para difundir una fragancia envolvente y festiva.<\/li>\n<li><strong>Cu\u00e1ndo utilizarlo:<\/strong> Perfecto durante las vacaciones de Navidad para crear un ambiente acogedor y fragante.<\/li>\n<li><strong>D\u00f3nde usarlo:<\/strong> Ideal para cualquier estancia del hogar, desde el sal\u00f3n hasta el comedor, aportando un toque de lujo en todas partes.<\/li>\n<\/ul>\n\n\t<section class=\"section linkified dark\" id=\"section_754172259\">\n\t\t<div class=\"section-bg fill\" >\n\t\t\t<img loading=\"lazy\" decoding=\"async\" width=\"800\" height=\"213\" src=\"https:\/\/www.tendenzeshabbychic.it\/wp-content\/uploads\/2021\/09\/natale-hero-1-800x213.jpg\" class=\"bg attachment-medium size-medium\" alt=\"\" \/>\t\t\t\t\t\t<div class=\"section-bg-overlay absolute fill\"><\/div>\n\t\t\t\n\n\t\t<\/div>\n\n\t\t\n\n\t\t<div class=\"section-content relative\">\n\t\t\t\n\n<div class=\"row\"  id=\"row-954526393\">\n\n\n\t<div id=\"col-422768574\" class=\"col small-12 large-12\"  >\n\t\t\t\t<div class=\"col-inner text-center\"  >\n\t\t\t\n\t\t\t\n\n<h3><span style=\"font-size: 180%;\">Navidad<\/span><\/h3>\n<p>Descubre la amplia selecci\u00f3n de productos para decorar tu hogar en Navidad.<\/p>\n<a href=\"https:\/\/www.tendenzeshabbychic.it\/es\/categoria-producto\/navidad\/\" class=\"button alert is-shade box-shadow-3 box-shadow-5-hover\" style=\"border-radius:5px;\">\n\t\t<span>haga clic aqu\u00ed<\/span>\n\t<\/a>\n\n\n\n\t\t<\/div>\n\t\t\t\t\t<\/div>\n\n\t\n\n<\/div>\n\n\t\t<\/div>\n\n\t\t\n<style>\n#section_754172259 {\n  padding-top: 12px;\n  padding-bottom: 12px;\n}\n#section_754172259 .section-bg-overlay {\n  background-color: rgba(0, 0, 0, 0.419);\n}\n#section_754172259 .section-bg img {\n  object-position: 21% 51%;\n}\n@media (min-width:550px) {\n  #section_754172259 {\n    padding-top: 57px;\n    padding-bottom: 57px;\n  }\n}\n<\/style>\n\t<\/section>\n\t\n","protected":false},"excerpt":{"rendered":"<p> <strong>Vela Alegre con Fragancia<\/strong> <strong>de Canela<\/strong> &#8211; Una encantadora vela navide\u00f1a con un carrusel dorado que se mueve con el calor generado por la llama, creando un ambiente m\u00e1gico y festivo. Presentada en una elegante caja de regalo. <\/p>\n<div class=\"row\"  id=\"row-1893191828\">\n\n\n\t<div id=\"col-2025352900\" class=\"col medium-12 small-12 large-6\"  >\n\t\t\t\t<div class=\"col-inner\"  >\n\t\t\t\n\t\t\t\n\n<h2>Cinnamon<\/h2>\n<p>El resultado de la uni\u00f3n entre la base de cuero con matices almizclados y el cuerpo caracterizado por el dulzor del caramelo da un contraste especiado a esta fragancia poco convencional que recuerda el fuerte car\u00e1cter de la canela.<\/p>\n<p><strong>BOUQUET<\/strong><br>\nDULCE PICANTE<\/p>\n<ul>\n<li>Notas altas: <strong>eucalipto, pino, jengibre, azafr\u00e1n, menta y romero<\/strong><\/li>\n<li>Notas de coraz\u00f3n: <strong>jazm\u00edn, flor de naranjo, madera de gaiac, cedro, caramelo y menta<\/strong><\/li>\n<li>Notas de fondo: <strong>almizcle, pachul\u00ed, tonka, s\u00e1ndalo y cuero.<\/strong><\/li>\n<\/ul>\n<p><span style=\"font-size: 75%;\">Un perfume original creado por <strong><a href=\"https:\/\/www.tendenzeshabbychic.it\/es\/marca\/edg-enzo-de-gasperi\/\">EDG Enzo de Gasperi<\/a> .<\/strong><\/span><\/p>\n\n\t\t<\/div>\n\t\t\t\t\t<\/div>\n\n\t\n\n\t<div id=\"col-1171679757\" class=\"col medium-12 small-12 large-6\"  >\n\t\t\t\t<div class=\"col-inner\"  >\n\t\t\t\n\t\t\t\n\n\t<div class=\"img has-hover x md-x lg-x y md-y lg-y\" id=\"image_11094629\">\n\t\t\t\t\t\t\t\t<div class=\"img-inner dark\" >\n\t\t\t<img width=\"800\" height=\"800\" src=\"https:\/\/www.tendenzeshabbychic.it\/wp-content\/uploads\/2024\/07\/piramide-olfattiva-cinnamon-800x800.jpg\" class=\"attachment-large size-large\" alt=\"\" decoding=\"async\" loading=\"lazy\" srcset=\"https:\/\/www.tendenzeshabbychic.it\/wp-content\/uploads\/2024\/07\/piramide-olfattiva-cinnamon-800x800.jpg 800w, https:\/\/www.tendenzeshabbychic.it\/wp-content\/uploads\/2024\/07\/piramide-olfattiva-cinnamon-500x500.jpg 500w, https:\/\/www.tendenzeshabbychic.it\/wp-content\/uploads\/2024\/07\/piramide-olfattiva-cinnamon-100x100.jpg 100w, https:\/\/www.tendenzeshabbychic.it\/wp-content\/uploads\/2024\/07\/piramide-olfattiva-cinnamon-64x64.jpg 64w, https:\/\/www.tendenzeshabbychic.it\/wp-content\/uploads\/2024\/07\/piramide-olfattiva-cinnamon-400x400.jpg 400w, https:\/\/www.tendenzeshabbychic.it\/wp-content\/uploads\/2024\/07\/piramide-olfattiva-cinnamon-280x280.jpg 280w, https:\/\/www.tendenzeshabbychic.it\/wp-content\/uploads\/2024\/07\/piramide-olfattiva-cinnamon-768x768.jpg 768w, https:\/\/www.tendenzeshabbychic.it\/wp-content\/uploads\/2024\/07\/piramide-olfattiva-cinnamon.jpg 1000w\" sizes=\"auto, (max-width: 800px) 100vw, 800px\" \/>\t\t\t\t\t\t\n\t\t\t\t\t<\/div>\n\t\t\t\t\t\t\t\t\n<style>\n#image_11094629 {\n  width: 100%;\n}\n<\/style>\n\t<\/div>\n\t\n\n\n\t\t<\/div>\n\t\t\t\t\t<\/div>\n\n\t\n\n<\/div>\n<p><strong>Dimensiones:<\/strong><\/p>\n<ul>\n<li>Altura: 9cm<\/li>\n<li>Peso: 200 gramos<\/li>\n<li>Duraci\u00f3n: 32 horas<\/li>\n<\/ul>\n","protected":false},"featured_media":148492,"comment_status":"open","ping_status":"closed","template":"","meta":{"_joinchat":[]},"pwb-brand":[2084],"product_brand":[],"product_cat":[2343,2371,2321],"product_tag":[2283],"class_list":{"0":"post-150189","1":"product","2":"type-product","3":"status-publish","4":"has-post-thumbnail","6":"pwb-brand-edg-enzo-de-gasperi","7":"product_cat-velas-perfumadas","8":"product_cat-navidad","9":"product_cat-velas","10":"product_tag-idea-de-regalo","12":"first","13":"instock","14":"sale","15":"taxable","16":"shipping-taxable","17":"purchasable","18":"product-type-simple"},"brands":[{"id":2084,"name":"EDG - Enzo De Gasperi","slug":"edg-enzo-de-gasperi"}],"_links":{"self":[{"href":"https:\/\/www.tendenzeshabbychic.it\/es\/wp-json\/wp\/v2\/product\/150189","targetHints":{"allow":["GET"]}}],"collection":[{"href":"https:\/\/www.tendenzeshabbychic.it\/es\/wp-json\/wp\/v2\/product"}],"about":[{"href":"https:\/\/www.tendenzeshabbychic.it\/es\/wp-json\/wp\/v2\/types\/product"}],"replies":[{"embeddable":true,"href":"https:\/\/www.tendenzeshabbychic.it\/es\/wp-json\/wp\/v2\/comments?post=150189"}],"wp:featuredmedia":[{"embeddable":true,"href":"https:\/\/www.tendenzeshabbychic.it\/es\/wp-json\/wp\/v2\/media\/148492"}],"wp:attachment":[{"href":"https:\/\/www.tendenzeshabbychic.it\/es\/wp-json\/wp\/v2\/media?parent=150189"}],"wp:term":[{"taxonomy":"pwb-brand","embeddable":true,"href":"https:\/\/www.tendenzeshabbychic.it\/es\/wp-json\/wp\/v2\/pwb-brand?post=150189"},{"taxonomy":"product_brand","embeddable":true,"href":"https:\/\/www.tendenzeshabbychic.it\/es\/wp-json\/wp\/v2\/product_brand?post=150189"},{"taxonomy":"product_cat","embeddable":true,"href":"https:\/\/www.tendenzeshabbychic.it\/es\/wp-json\/wp\/v2\/product_cat?post=150189"},{"taxonomy":"product_tag","embeddable":true,"href":"https:\/\/www.tendenzeshabbychic.it\/es\/wp-json\/wp\/v2\/product_tag?post=150189"}],"curies":[{"name":"wp","href":"https:\/\/api.w.org\/{rel}","templated":true}]}}